{"id":973,"date":"2023-06-25T15:22:36","date_gmt":"2023-06-25T12:22:36","guid":{"rendered":"https:\/\/sambesx.com\/?page_id=973"},"modified":"2025-11-30T14:06:24","modified_gmt":"2025-11-30T11:06:24","slug":"tam-oda-set-mod-9","status":"publish","type":"page","link":"https:\/\/sambesx.com\/index.php\/tam-oda-set-mod-9\/","title":{"rendered":"TAM ODA SET MOD-9"},"content":{"rendered":"\t\t<div data-elementor-type=\"wp-page\" data-elementor-id=\"973\" class=\"elementor elementor-973\">\n\t\t\t\t\t\t<section class=\"elementor-section elementor-top-section elementor-element elementor-element-a9d6361 elementor-section-boxed elementor-section-height-default elementor-section-height-default\" data-id=\"a9d6361\" data-element_type=\"section\" data-e-type=\"section\">\n\t\t\t\t\t\t<div class=\"elementor-container elementor-column-gap-default\">\n\t\t\t\t\t<div class=\"elementor-column elementor-col-33 elementor-top-column elementor-element elementor-element-3f35ddf\" data-id=\"3f35ddf\" data-element_type=\"column\" data-e-type=\"column\">\n\t\t\t<div class=\"elementor-widget-wrap elementor-element-populated\">\n\t\t\t\t\t\t<div class=\"elementor-element elementor-element-d4c4550 elementor-widget elementor-widget-image\" data-id=\"d4c4550\" data-element_type=\"widget\" data-e-type=\"widget\" data-widget_type=\"image.default\">\n\t\t\t\t<div class=\"elementor-widget-container\">\n\t\t\t\t\t\t\t\t\t\t\t\t\t\t\t<img fetchpriority=\"high\" decoding=\"async\" width=\"950\" height=\"713\" src=\"https:\/\/sambesx.com\/wp-content\/uploads\/2023\/06\/1-9.jpeg\" class=\"attachment-large size-large wp-image-976\" alt=\"\" srcset=\"https:\/\/sambesx.com\/wp-content\/uploads\/2023\/06\/1-9.jpeg 1024w, https:\/\/sambesx.com\/wp-content\/uploads\/2023\/06\/1-9-300x225.jpeg 300w, https:\/\/sambesx.com\/wp-content\/uploads\/2023\/06\/1-9-768x576.jpeg 768w\" sizes=\"100vw\" \/>\t\t\t\t\t\t\t\t\t\t\t\t\t\t\t<\/div>\n\t\t\t\t<\/div>\n\t\t\t\t\t<\/div>\n\t\t<\/div>\n\t\t\t\t<div class=\"elementor-column elementor-col-33 elementor-top-column elementor-element elementor-element-edfd3e4\" data-id=\"edfd3e4\" data-element_type=\"column\" data-e-type=\"column\">\n\t\t\t<div class=\"elementor-widget-wrap elementor-element-populated\">\n\t\t\t\t\t\t<div class=\"elementor-element elementor-element-a867295 elementor-widget elementor-widget-image\" data-id=\"a867295\" data-element_type=\"widget\" data-e-type=\"widget\" data-widget_type=\"image.default\">\n\t\t\t\t<div class=\"elementor-widget-container\">\n\t\t\t\t\t\t\t\t\t\t\t\t\t\t\t<img decoding=\"async\" width=\"575\" height=\"455\" src=\"https:\/\/sambesx.com\/wp-content\/uploads\/2023\/06\/2.png\" class=\"attachment-large size-large wp-image-977\" alt=\"\" srcset=\"https:\/\/sambesx.com\/wp-content\/uploads\/2023\/06\/2.png 575w, https:\/\/sambesx.com\/wp-content\/uploads\/2023\/06\/2-300x237.png 300w\" sizes=\"100vw\" \/>\t\t\t\t\t\t\t\t\t\t\t\t\t\t\t<\/div>\n\t\t\t\t<\/div>\n\t\t\t\t\t<\/div>\n\t\t<\/div>\n\t\t\t\t<div class=\"elementor-column elementor-col-33 elementor-top-column elementor-element elementor-element-b026c11\" data-id=\"b026c11\" data-element_type=\"column\" data-e-type=\"column\">\n\t\t\t<div class=\"elementor-widget-wrap elementor-element-populated\">\n\t\t\t\t\t\t<div class=\"elementor-element elementor-element-4eb2119 elementor-widget elementor-widget-image\" data-id=\"4eb2119\" data-element_type=\"widget\" data-e-type=\"widget\" data-widget_type=\"image.default\">\n\t\t\t\t<div class=\"elementor-widget-container\">\n\t\t\t\t\t\t\t\t\t\t\t\t\t\t\t<img decoding=\"async\" width=\"768\" height=\"1024\" src=\"https:\/\/sambesx.com\/wp-content\/uploads\/2023\/06\/3-11.jpeg\" class=\"attachment-large size-large wp-image-978\" alt=\"\" srcset=\"https:\/\/sambesx.com\/wp-content\/uploads\/2023\/06\/3-11.jpeg 768w, https:\/\/sambesx.com\/wp-content\/uploads\/2023\/06\/3-11-225x300.jpeg 225w\" sizes=\"100vw\" \/>\t\t\t\t\t\t\t\t\t\t\t\t\t\t\t<\/div>\n\t\t\t\t<\/div>\n\t\t\t\t\t<\/div>\n\t\t<\/div>\n\t\t\t\t\t<\/div>\n\t\t<\/section>\n\t\t\t\t<section class=\"elementor-section elementor-top-section elementor-element elementor-element-a987bd3 elementor-section-boxed elementor-section-height-default elementor-section-height-default\" data-id=\"a987bd3\" data-element_type=\"section\" data-e-type=\"section\">\n\t\t\t\t\t\t<div class=\"elementor-container elementor-column-gap-default\">\n\t\t\t\t\t<div class=\"elementor-column elementor-col-33 elementor-top-column elementor-element elementor-element-3aaf782\" data-id=\"3aaf782\" data-element_type=\"column\" data-e-type=\"column\">\n\t\t\t<div class=\"elementor-widget-wrap elementor-element-populated\">\n\t\t\t\t\t\t<div class=\"elementor-element elementor-element-84548da elementor-widget elementor-widget-image\" data-id=\"84548da\" data-element_type=\"widget\" data-e-type=\"widget\" data-widget_type=\"image.default\">\n\t\t\t\t<div class=\"elementor-widget-container\">\n\t\t\t\t\t\t\t\t\t\t\t\t\t\t\t<img loading=\"lazy\" decoding=\"async\" width=\"768\" height=\"1024\" src=\"https:\/\/sambesx.com\/wp-content\/uploads\/2023\/06\/4-8.jpeg\" class=\"attachment-large size-large wp-image-979\" alt=\"\" srcset=\"https:\/\/sambesx.com\/wp-content\/uploads\/2023\/06\/4-8.jpeg 768w, https:\/\/sambesx.com\/wp-content\/uploads\/2023\/06\/4-8-225x300.jpeg 225w\" sizes=\"100vw\" \/>\t\t\t\t\t\t\t\t\t\t\t\t\t\t\t<\/div>\n\t\t\t\t<\/div>\n\t\t\t\t\t<\/div>\n\t\t<\/div>\n\t\t\t\t<div class=\"elementor-column elementor-col-33 elementor-top-column elementor-element elementor-element-9d37d9f\" data-id=\"9d37d9f\" data-element_type=\"column\" data-e-type=\"column\">\n\t\t\t<div class=\"elementor-widget-wrap elementor-element-populated\">\n\t\t\t\t\t\t<div class=\"elementor-element elementor-element-3285123 elementor-widget elementor-widget-image\" data-id=\"3285123\" data-element_type=\"widget\" data-e-type=\"widget\" data-widget_type=\"image.default\">\n\t\t\t\t<div class=\"elementor-widget-container\">\n\t\t\t\t\t\t\t\t\t\t\t\t\t\t\t<img loading=\"lazy\" decoding=\"async\" width=\"950\" height=\"713\" src=\"https:\/\/sambesx.com\/wp-content\/uploads\/2023\/06\/a1.jpeg\" class=\"attachment-large size-large wp-image-980\" alt=\"\" srcset=\"https:\/\/sambesx.com\/wp-content\/uploads\/2023\/06\/a1.jpeg 1024w, https:\/\/sambesx.com\/wp-content\/uploads\/2023\/06\/a1-300x225.jpeg 300w, https:\/\/sambesx.com\/wp-content\/uploads\/2023\/06\/a1-768x576.jpeg 768w\" sizes=\"100vw\" \/>\t\t\t\t\t\t\t\t\t\t\t\t\t\t\t<\/div>\n\t\t\t\t<\/div>\n\t\t\t\t\t<\/div>\n\t\t<\/div>\n\t\t\t\t<div class=\"elementor-column elementor-col-33 elementor-top-column elementor-element elementor-element-f7fd056\" data-id=\"f7fd056\" data-element_type=\"column\" data-e-type=\"column\">\n\t\t\t<div class=\"elementor-widget-wrap elementor-element-populated\">\n\t\t\t\t\t\t<div class=\"elementor-element elementor-element-2c494a4 elementor-widget elementor-widget-image\" data-id=\"2c494a4\" data-element_type=\"widget\" data-e-type=\"widget\" data-widget_type=\"image.default\">\n\t\t\t\t<div class=\"elementor-widget-container\">\n\t\t\t\t\t\t\t\t\t\t\t\t\t\t\t<img loading=\"lazy\" decoding=\"async\" width=\"950\" height=\"713\" src=\"https:\/\/sambesx.com\/wp-content\/uploads\/2023\/06\/a2.jpeg\" class=\"attachment-large size-large wp-image-981\" alt=\"\" srcset=\"https:\/\/sambesx.com\/wp-content\/uploads\/2023\/06\/a2.jpeg 1024w, https:\/\/sambesx.com\/wp-content\/uploads\/2023\/06\/a2-300x225.jpeg 300w, https:\/\/sambesx.com\/wp-content\/uploads\/2023\/06\/a2-768x576.jpeg 768w\" sizes=\"100vw\" \/>\t\t\t\t\t\t\t\t\t\t\t\t\t\t\t<\/div>\n\t\t\t\t<\/div>\n\t\t\t\t\t<\/div>\n\t\t<\/div>\n\t\t\t\t\t<\/div>\n\t\t<\/section>\n\t\t\t\t<section class=\"elementor-section elementor-top-section elementor-element elementor-element-10d1e9a elementor-section-boxed elementor-section-height-default elementor-section-height-default\" data-id=\"10d1e9a\" data-element_type=\"section\" data-e-type=\"section\">\n\t\t\t\t\t\t<div class=\"elementor-container elementor-column-gap-default\">\n\t\t\t\t\t<div class=\"elementor-column elementor-col-33 elementor-top-column elementor-element elementor-element-6973a89\" data-id=\"6973a89\" data-element_type=\"column\" data-e-type=\"column\">\n\t\t\t<div class=\"elementor-widget-wrap elementor-element-populated\">\n\t\t\t\t\t\t<div class=\"elementor-element elementor-element-aa9a832 elementor-widget elementor-widget-image\" data-id=\"aa9a832\" data-element_type=\"widget\" data-e-type=\"widget\" data-widget_type=\"image.default\">\n\t\t\t\t<div class=\"elementor-widget-container\">\n\t\t\t\t\t\t\t\t\t\t\t\t\t\t\t<img loading=\"lazy\" decoding=\"async\" width=\"768\" height=\"1024\" src=\"https:\/\/sambesx.com\/wp-content\/uploads\/2023\/06\/a3.jpeg\" class=\"attachment-large size-large wp-image-982\" alt=\"\" srcset=\"https:\/\/sambesx.com\/wp-content\/uploads\/2023\/06\/a3.jpeg 768w, https:\/\/sambesx.com\/wp-content\/uploads\/2023\/06\/a3-225x300.jpeg 225w\" sizes=\"100vw\" \/>\t\t\t\t\t\t\t\t\t\t\t\t\t\t\t<\/div>\n\t\t\t\t<\/div>\n\t\t\t\t\t<\/div>\n\t\t<\/div>\n\t\t\t\t<div class=\"elementor-column elementor-col-33 elementor-top-column elementor-element elementor-element-ca4a84a\" data-id=\"ca4a84a\" data-element_type=\"column\" data-e-type=\"column\">\n\t\t\t<div class=\"elementor-widget-wrap elementor-element-populated\">\n\t\t\t\t\t\t<div class=\"elementor-element elementor-element-bd0fb45 elementor-widget elementor-widget-image\" data-id=\"bd0fb45\" data-element_type=\"widget\" data-e-type=\"widget\" data-widget_type=\"image.default\">\n\t\t\t\t<div class=\"elementor-widget-container\">\n\t\t\t\t\t\t\t\t\t\t\t\t\t\t\t<img loading=\"lazy\" decoding=\"async\" width=\"768\" height=\"1024\" src=\"https:\/\/sambesx.com\/wp-content\/uploads\/2023\/06\/a4.jpeg\" class=\"attachment-large size-large wp-image-983\" alt=\"\" srcset=\"https:\/\/sambesx.com\/wp-content\/uploads\/2023\/06\/a4.jpeg 768w, https:\/\/sambesx.com\/wp-content\/uploads\/2023\/06\/a4-225x300.jpeg 225w\" sizes=\"100vw\" \/>\t\t\t\t\t\t\t\t\t\t\t\t\t\t\t<\/div>\n\t\t\t\t<\/div>\n\t\t\t\t\t<\/div>\n\t\t<\/div>\n\t\t\t\t<div class=\"elementor-column elementor-col-33 elementor-top-column elementor-element elementor-element-9125b94\" data-id=\"9125b94\" data-element_type=\"column\" data-e-type=\"column\">\n\t\t\t<div class=\"elementor-widget-wrap elementor-element-populated\">\n\t\t\t\t\t\t<div class=\"elementor-element elementor-element-9a7810b elementor-widget elementor-widget-image\" data-id=\"9a7810b\" data-element_type=\"widget\" data-e-type=\"widget\" data-widget_type=\"image.default\">\n\t\t\t\t<div class=\"elementor-widget-container\">\n\t\t\t\t\t\t\t\t\t\t\t\t\t\t\t<img loading=\"lazy\" decoding=\"async\" width=\"768\" height=\"1024\" src=\"https:\/\/sambesx.com\/wp-content\/uploads\/2023\/06\/a5.jpeg\" class=\"attachment-large size-large wp-image-984\" alt=\"\" srcset=\"https:\/\/sambesx.com\/wp-content\/uploads\/2023\/06\/a5.jpeg 768w, https:\/\/sambesx.com\/wp-content\/uploads\/2023\/06\/a5-225x300.jpeg 225w\" sizes=\"100vw\" \/>\t\t\t\t\t\t\t\t\t\t\t\t\t\t\t<\/div>\n\t\t\t\t<\/div>\n\t\t\t\t\t<\/div>\n\t\t<\/div>\n\t\t\t\t\t<\/div>\n\t\t<\/section>\n\t\t\t\t<section class=\"elementor-section elementor-top-section elementor-element elementor-element-f68be65 elementor-section-boxed elementor-section-height-default elementor-section-height-default\" data-id=\"f68be65\" data-element_type=\"section\" data-e-type=\"section\">\n\t\t\t\t\t\t<div class=\"elementor-container elementor-column-gap-default\">\n\t\t\t\t\t<div class=\"elementor-column elementor-col-100 elementor-top-column elementor-element elementor-element-5386bd9\" data-id=\"5386bd9\" data-element_type=\"column\" data-e-type=\"column\">\n\t\t\t<div class=\"elementor-widget-wrap elementor-element-populated\">\n\t\t\t\t\t\t<div class=\"elementor-element elementor-element-0ea0ad7 elementor-widget elementor-widget-heading\" data-id=\"0ea0ad7\" data-element_type=\"widget\" data-e-type=\"widget\" data-widget_type=\"heading.default\">\n\t\t\t\t<div class=\"elementor-widget-container\">\n\t\t\t\t\t<h2 class=\"elementor-heading-title elementor-size-default\">A\u00e7\u0131klama<\/h2>\t\t\t\t<\/div>\n\t\t\t\t<\/div>\n\t\t\t\t\t<\/div>\n\t\t<\/div>\n\t\t\t\t\t<\/div>\n\t\t<\/section>\n\t\t\t\t<section class=\"elementor-section elementor-top-section elementor-element elementor-element-a8d0e2f elementor-section-boxed elementor-section-height-default elementor-section-height-default\" data-id=\"a8d0e2f\" data-element_type=\"section\" data-e-type=\"section\">\n\t\t\t\t\t\t<div class=\"elementor-container elementor-column-gap-default\">\n\t\t\t\t\t<div class=\"elementor-column elementor-col-100 elementor-top-column elementor-element elementor-element-889b688\" data-id=\"889b688\" data-element_type=\"column\" data-e-type=\"column\">\n\t\t\t<div class=\"elementor-widget-wrap elementor-element-populated\">\n\t\t\t\t\t\t<div class=\"elementor-element elementor-element-59a7ac7 elementor-widget elementor-widget-heading\" data-id=\"59a7ac7\" data-element_type=\"widget\" data-e-type=\"widget\" data-widget_type=\"heading.default\">\n\t\t\t\t<div class=\"elementor-widget-container\">\n\t\t\t\t\t<h2 class=\"elementor-heading-title elementor-size-default\">NAK\u0130T F\u0130YAT :85.000 \u20ba\n<br>TAKS\u0130TL\u0130 F\u0130YAT :100.000 \u20ba<\/h2>\t\t\t\t<\/div>\n\t\t\t\t<\/div>\n\t\t\t\t\t<\/div>\n\t\t<\/div>\n\t\t\t\t\t<\/div>\n\t\t<\/section>\n\t\t\t\t<section class=\"elementor-section elementor-top-section elementor-element elementor-element-5ac8f43 elementor-section-boxed elementor-section-height-default elementor-section-height-default\" data-id=\"5ac8f43\" data-element_type=\"section\" data-e-type=\"section\">\n\t\t\t\t\t\t<div class=\"elementor-container elementor-column-gap-default\">\n\t\t\t\t\t<div class=\"elementor-column elementor-col-100 elementor-top-column elementor-element elementor-element-bf1117d\" data-id=\"bf1117d\" data-element_type=\"column\" data-e-type=\"column\">\n\t\t\t<div class=\"elementor-widget-wrap elementor-element-populated\">\n\t\t\t\t\t\t<div class=\"elementor-element elementor-element-2c79bf8 elementor-widget elementor-widget-text-editor\" data-id=\"2c79bf8\" data-element_type=\"widget\" data-e-type=\"widget\" data-widget_type=\"text-editor.default\">\n\t\t\t\t<div class=\"elementor-widget-container\">\n\t\t\t\t\t\t\t\t\t<h3><span style=\"font-family: var( --e-global-typography-text-font-family ), Sans-serif; font-size: 24px;\"><u>DOLAP \u00d6ZELL\u0130KLER\u0130 (MODEL 3)<\/u><\/span><\/h3>\n<h3><span style=\"font-family: var( --e-global-typography-text-font-family ), Sans-serif; font-size: 1rem;\">Y\u00fckseklik :210 cm<\/span><\/h3>\n<h4 style=\"font-size: 16px;\">Geni\u015flik&nbsp; &nbsp;:120 &amp; 150 cm<\/h4>\n<h4 style=\"font-size: 16px;\">Derinlik&nbsp; &nbsp;:50 cm<\/h4>\n<h4 style=\"font-size: 16px;\">&nbsp;<u style=\"font-size: 1.5rem; font-family: var( --e-global-typography-text-font-family ), Sans-serif;\">\u00dcr\u00fcn \u00d6zellikleri<\/u><\/h4>\n<h4 style=\"font-size: 16px;\">&nbsp;-\u00dcr\u00fcnlerimizde<span style=\"font-family: var( --e-global-typography-text-font-family ), Sans-serif;\">&nbsp;<\/span><u style=\"font-family: var( --e-global-typography-text-font-family ), Sans-serif;\">1.S\u0131n\u0131f Mdf&nbsp;<\/u><span style=\"font-family: var( --e-global-typography-text-font-family ), Sans-serif;\">Ve kur\u015fun i\u00e7ermeyen boya kullan\u0131lm\u0131\u015ft\u0131r.<\/span><\/h4>\n<h4 style=\"font-size: 16px;\">-T\u00fcm \u00e7ekmece raylar\u0131&nbsp;<u>1.Kalite stoplu&nbsp;<\/u>raylard\u0131r.<\/h4>\n<h4 style=\"font-size: 16px;\">-T\u00fcm kapak Mente\u015feleri&nbsp;<u>1.S\u0131n\u0131f firenli<\/u>&nbsp;mente\u015fedir.<\/h4>\n<h4 style=\"font-size: 16px;\">-Led I\u015f\u0131k istek halinde&nbsp;<u>400 \u20ba<\/u>&nbsp;Fiyat fark\u0131 eklenmektedir.<\/h4>\n<h4 style=\"font-size: 16px;\">-Kapak say\u0131s\u0131&nbsp;<u>3<\/u>&nbsp;adet<\/h4>\n<h4 style=\"font-size: 16px;\">-\u00c7ekmece say\u0131s\u0131&nbsp;<u>2<\/u>&nbsp;adet<\/h4>\n<h4 style=\"font-size: 16px;\">-Cam raf cam \u00e7ekmece mevcuttur.&nbsp;<\/h4>\n<h4 style=\"font-size: 16px;\">&nbsp;<\/h4>\n<h4 style=\"font-size: 16px;\"><u>\u015e\u0130FONYER \u00d6ZELL\u0130KLER\u0130&nbsp;<\/u><\/h4>\n<h4 style=\"font-size: 16px;\"><u style=\"font-family: var( --e-global-typography-text-font-family ), Sans-serif;\">\u00dcr\u00fcn \u00d6l\u00e7\u00fcleri<\/u><\/h4>\n<h4 style=\"font-size: 16px;\">-90\u00d795<\/h4>\n<h4 style=\"font-size: 16px;\"><u>\u00dcr\u00fcn \u00d6zellikleri<\/u><\/h4>\n<h4 style=\"font-size: 16px;\">Y\u00fckseklik:95 cm<br>Geni\u015flik:90 cm<br>Derinlik:50 cm<br>\u00c7ekmece Say\u0131s\u0131: 3 Adet<\/h4>\n<h4 style=\"font-size: 16px;\">-\u00dcr\u00fcnlerimizde,<u>18mm&nbsp;<\/u>Kal\u0131nl\u0131\u011f\u0131nda&nbsp;<u>Mdf&nbsp;<\/u>ve Kur\u015funsuz boya kullan\u0131lm\u0131\u015ft\u0131r.<br>-\u00c7ekmece raylar\u0131 1.Kalite stoplu raylard\u0131r.&nbsp;<\/h4>\n<h4 style=\"font-size: 16px;\">&nbsp;<\/h4>\n<h4 style=\"font-size: 16px;\"><u>YATAK \u00d6ZELL\u0130KLER\u0130&nbsp;<\/u><\/h4>\n<h4 style=\"font-size: 16px;\"><u style=\"font-family: var( --e-global-typography-text-font-family ), Sans-serif;\">\u00dcr\u00fcn \u00d6l\u00e7\u00fcleri<\/u><\/h4>\n<h4 style=\"font-size: 16px;\">-90\u00d7190<br>-100\u00d7200<br>-120\u00d7200 \u00f6l\u00e7\u00fclerinde 1000\u20ba fiyat fark\u0131 olu\u015fmaktad\u0131r.<\/h4>\n<h4 style=\"font-size: 16px;\">\u00dcr\u00fcn \u00d6zellikleri<\/h4>\n<h4 style=\"font-size: 16px;\">-\u00dcr\u00fcnlerimizde,1.S\u0131n\u0131f Rus \u00c7am\u0131 ve 1.S\u0131n\u0131f Mdf kullan\u0131lmaktad\u0131r.<br>-Kur\u015fun i\u00e7ermeyen Boya kullan\u0131lmaktad\u0131r.<br>-\u0130stenilen renk ve \u00f6zellikte M\u00fc\u015fteriye \u00f6zel \u00fcretilmektedir.<br>-\u0130\u00e7 yatak dahil de\u011fildir.<br>-\u00c7ekmece fiyata dahildir.<\/h4>\t\t\t\t\t\t\t\t<\/div>\n\t\t\t\t<\/div>\n\t\t\t\t\t<\/div>\n\t\t<\/div>\n\t\t\t\t\t<\/div>\n\t\t<\/section>\n\t\t\t\t<section class=\"elementor-section elementor-top-section elementor-element elementor-element-60fb6ce elementor-section-boxed elementor-section-height-default elementor-section-height-default\" data-id=\"60fb6ce\" data-element_type=\"section\" data-e-type=\"section\">\n\t\t\t\t\t\t<div class=\"elementor-container elementor-column-gap-default\">\n\t\t\t\t\t<div class=\"elementor-column elementor-col-100 elementor-top-column elementor-element elementor-element-95547ca\" data-id=\"95547ca\" data-element_type=\"column\" data-e-type=\"column\">\n\t\t\t<div class=\"elementor-widget-wrap elementor-element-populated\">\n\t\t\t\t\t\t<div class=\"elementor-element elementor-element-8e0ef2a elementor-widget elementor-widget-spacer\" data-id=\"8e0ef2a\" data-element_type=\"widget\" data-e-type=\"widget\" data-widget_type=\"spacer.default\">\n\t\t\t\t<div class=\"elementor-widget-container\">\n\t\t\t\t\t\t\t<div class=\"elementor-spacer\">\n\t\t\t<div class=\"elementor-spacer-inner\"><\/div>\n\t\t<\/div>\n\t\t\t\t\t\t<\/div>\n\t\t\t\t<\/div>\n\t\t\t\t<div class=\"elementor-element elementor-element-1698cea elementor-widget elementor-widget-spacer\" data-id=\"1698cea\" data-element_type=\"widget\" data-e-type=\"widget\" data-widget_type=\"spacer.default\">\n\t\t\t\t<div class=\"elementor-widget-container\">\n\t\t\t\t\t\t\t<div class=\"elementor-spacer\">\n\t\t\t<div class=\"elementor-spacer-inner\"><\/div>\n\t\t<\/div>\n\t\t\t\t\t\t<\/div>\n\t\t\t\t<\/div>\n\t\t\t\t<div class=\"elementor-element elementor-element-cd1526b elementor-widget elementor-widget-spacer\" data-id=\"cd1526b\" data-element_type=\"widget\" data-e-type=\"widget\" data-widget_type=\"spacer.default\">\n\t\t\t\t<div class=\"elementor-widget-container\">\n\t\t\t\t\t\t\t<div class=\"elementor-spacer\">\n\t\t\t<div class=\"elementor-spacer-inner\"><\/div>\n\t\t<\/div>\n\t\t\t\t\t\t<\/div>\n\t\t\t\t<\/div>\n\t\t\t\t<div class=\"elementor-element elementor-element-c93f368 elementor-widget elementor-widget-spacer\" data-id=\"c93f368\" data-element_type=\"widget\" data-e-type=\"widget\" data-widget_type=\"spacer.default\">\n\t\t\t\t<div class=\"elementor-widget-container\">\n\t\t\t\t\t\t\t<div class=\"elementor-spacer\">\n\t\t\t<div class=\"elementor-spacer-inner\"><\/div>\n\t\t<\/div>\n\t\t\t\t\t\t<\/div>\n\t\t\t\t<\/div>\n\t\t\t\t<div class=\"elementor-element elementor-element-a7097b1 elementor-widget elementor-widget-spacer\" data-id=\"a7097b1\" data-element_type=\"widget\" data-e-type=\"widget\" data-widget_type=\"spacer.default\">\n\t\t\t\t<div class=\"elementor-widget-container\">\n\t\t\t\t\t\t\t<div class=\"elementor-spacer\">\n\t\t\t<div class=\"elementor-spacer-inner\"><\/div>\n\t\t<\/div>\n\t\t\t\t\t\t<\/div>\n\t\t\t\t<\/div>\n\t\t\t\t<div class=\"elementor-element elementor-element-e2c9c06 elementor-widget elementor-widget-spacer\" data-id=\"e2c9c06\" data-element_type=\"widget\" data-e-type=\"widget\" data-widget_type=\"spacer.default\">\n\t\t\t\t<div class=\"elementor-widget-container\">\n\t\t\t\t\t\t\t<div class=\"elementor-spacer\">\n\t\t\t<div class=\"elementor-spacer-inner\"><\/div>\n\t\t<\/div>\n\t\t\t\t\t\t<\/div>\n\t\t\t\t<\/div>\n\t\t\t\t\t<\/div>\n\t\t<\/div>\n\t\t\t\t\t<\/div>\n\t\t<\/section>\n\t\t\t\t<\/div>\n\t\t","protected":false},"excerpt":{"rendered":"<p>A\u00e7\u0131klama NAK\u0130T F\u0130YAT :85.000 \u20ba TAKS\u0130TL\u0130 F\u0130YAT :100.000 \u20ba DOLAP \u00d6ZELL\u0130KLER\u0130 (MODEL 3) Y\u00fckseklik :210 cm Geni\u015flik&nbsp; &nbsp;:120 &amp; 150 cm Derinlik&nbsp; &nbsp;:50 cm &nbsp;\u00dcr\u00fcn \u00d6zellikleri &nbsp;-\u00dcr\u00fcnlerimizde&nbsp;1.S\u0131n\u0131f Mdf&nbsp;Ve kur\u015fun i\u00e7ermeyen boya kullan\u0131lm\u0131\u015ft\u0131r. -T\u00fcm \u00e7ekmece raylar\u0131&nbsp;1.Kalite stoplu&nbsp;raylard\u0131r. -T\u00fcm kapak Mente\u015feleri&nbsp;1.S\u0131n\u0131f firenli&nbsp;mente\u015fedir. -Led I\u015f\u0131k istek halinde&nbsp;400 \u20ba&nbsp;Fiyat fark\u0131 eklenmektedir. -Kapak say\u0131s\u0131&nbsp;3&nbsp;adet -\u00c7ekmece say\u0131s\u0131&nbsp;2&nbsp;adet -Cam raf cam \u00e7ekmece &hellip; <\/p>\n<p class=\"link-more\"><a href=\"https:\/\/sambesx.com\/index.php\/tam-oda-set-mod-9\/\" class=\"more-link\">Read more<span class=\"screen-reader-text\"> &#8220;TAM ODA SET MOD-9&#8221;<\/span><\/a><\/p>\n","protected":false},"author":1,"featured_media":0,"parent":0,"menu_order":0,"comment_status":"closed","ping_status":"closed","template":"","meta":{"inspiro_hide_title":false,"_joinchat":[],"footnotes":""},"class_list":["post-973","page","type-page","status-publish","hentry"],"_links":{"self":[{"href":"https:\/\/sambesx.com\/index.php\/wp-json\/wp\/v2\/pages\/973","targetHints":{"allow":["GET"]}}],"collection":[{"href":"https:\/\/sambesx.com\/index.php\/wp-json\/wp\/v2\/pages"}],"about":[{"href":"https:\/\/sambesx.com\/index.php\/wp-json\/wp\/v2\/types\/page"}],"author":[{"embeddable":true,"href":"https:\/\/sambesx.com\/index.php\/wp-json\/wp\/v2\/users\/1"}],"replies":[{"embeddable":true,"href":"https:\/\/sambesx.com\/index.php\/wp-json\/wp\/v2\/comments?post=973"}],"version-history":[{"count":46,"href":"https:\/\/sambesx.com\/index.php\/wp-json\/wp\/v2\/pages\/973\/revisions"}],"predecessor-version":[{"id":3948,"href":"https:\/\/sambesx.com\/index.php\/wp-json\/wp\/v2\/pages\/973\/revisions\/3948"}],"wp:attachment":[{"href":"https:\/\/sambesx.com\/index.php\/wp-json\/wp\/v2\/media?parent=973"}],"curies":[{"name":"wp","href":"https:\/\/api.w.org\/{rel}","templated":true}]}}