{"id":892,"date":"2023-06-25T15:06:42","date_gmt":"2023-06-25T12:06:42","guid":{"rendered":"https:\/\/sambesx.com\/?page_id=892"},"modified":"2025-11-30T14:09:28","modified_gmt":"2025-11-30T11:09:28","slug":"tam-oda-set-mod-4","status":"publish","type":"page","link":"https:\/\/sambesx.com\/index.php\/tam-oda-set-mod-4\/","title":{"rendered":"TAM ODA SET MOD-4"},"content":{"rendered":"\t\t<div data-elementor-type=\"wp-page\" data-elementor-id=\"892\" class=\"elementor elementor-892\">\n\t\t\t\t\t\t<section class=\"elementor-section elementor-top-section elementor-element elementor-element-bdfcca6 elementor-section-boxed elementor-section-height-default elementor-section-height-default\" data-id=\"bdfcca6\" data-element_type=\"section\" data-e-type=\"section\">\n\t\t\t\t\t\t<div class=\"elementor-container elementor-column-gap-default\">\n\t\t\t\t\t<div class=\"elementor-column elementor-col-50 elementor-top-column elementor-element elementor-element-c312a93\" data-id=\"c312a93\" data-element_type=\"column\" data-e-type=\"column\">\n\t\t\t<div class=\"elementor-widget-wrap elementor-element-populated\">\n\t\t\t\t\t\t<div class=\"elementor-element elementor-element-7c08c44 elementor-widget elementor-widget-image\" data-id=\"7c08c44\" data-element_type=\"widget\" data-e-type=\"widget\" data-widget_type=\"image.default\">\n\t\t\t\t<div class=\"elementor-widget-container\">\n\t\t\t\t\t\t\t\t\t\t\t\t\t\t\t<img fetchpriority=\"high\" decoding=\"async\" width=\"768\" height=\"1024\" src=\"https:\/\/sambesx.com\/wp-content\/uploads\/2023\/06\/1-7-768x1024.jpeg\" class=\"attachment-large size-large wp-image-894\" alt=\"\" srcset=\"https:\/\/sambesx.com\/wp-content\/uploads\/2023\/06\/1-7-768x1024.jpeg 768w, https:\/\/sambesx.com\/wp-content\/uploads\/2023\/06\/1-7-225x300.jpeg 225w, https:\/\/sambesx.com\/wp-content\/uploads\/2023\/06\/1-7-1152x1536.jpeg 1152w, https:\/\/sambesx.com\/wp-content\/uploads\/2023\/06\/1-7.jpeg 1536w\" sizes=\"100vw\" \/>\t\t\t\t\t\t\t\t\t\t\t\t\t\t\t<\/div>\n\t\t\t\t<\/div>\n\t\t\t\t\t<\/div>\n\t\t<\/div>\n\t\t\t\t<div class=\"elementor-column elementor-col-50 elementor-top-column elementor-element elementor-element-d1fa918\" data-id=\"d1fa918\" data-element_type=\"column\" data-e-type=\"column\">\n\t\t\t<div class=\"elementor-widget-wrap elementor-element-populated\">\n\t\t\t\t\t\t<div class=\"elementor-element elementor-element-c87926d elementor-widget elementor-widget-image\" data-id=\"c87926d\" data-element_type=\"widget\" data-e-type=\"widget\" data-widget_type=\"image.default\">\n\t\t\t\t<div class=\"elementor-widget-container\">\n\t\t\t\t\t\t\t\t\t\t\t\t\t\t\t<img decoding=\"async\" width=\"768\" height=\"1024\" src=\"https:\/\/sambesx.com\/wp-content\/uploads\/2023\/06\/2-15-768x1024.jpeg\" class=\"attachment-large size-large wp-image-895\" alt=\"\" srcset=\"https:\/\/sambesx.com\/wp-content\/uploads\/2023\/06\/2-15-768x1024.jpeg 768w, https:\/\/sambesx.com\/wp-content\/uploads\/2023\/06\/2-15-225x300.jpeg 225w, https:\/\/sambesx.com\/wp-content\/uploads\/2023\/06\/2-15-1152x1536.jpeg 1152w, https:\/\/sambesx.com\/wp-content\/uploads\/2023\/06\/2-15.jpeg 1536w\" sizes=\"100vw\" \/>\t\t\t\t\t\t\t\t\t\t\t\t\t\t\t<\/div>\n\t\t\t\t<\/div>\n\t\t\t\t\t<\/div>\n\t\t<\/div>\n\t\t\t\t\t<\/div>\n\t\t<\/section>\n\t\t\t\t<section class=\"elementor-section elementor-top-section elementor-element elementor-element-088ab0a elementor-section-boxed elementor-section-height-default elementor-section-height-default\" data-id=\"088ab0a\" data-element_type=\"section\" data-e-type=\"section\">\n\t\t\t\t\t\t<div class=\"elementor-container elementor-column-gap-default\">\n\t\t\t\t\t<div class=\"elementor-column elementor-col-100 elementor-top-column elementor-element elementor-element-d637301\" data-id=\"d637301\" data-element_type=\"column\" data-e-type=\"column\">\n\t\t\t<div class=\"elementor-widget-wrap elementor-element-populated\">\n\t\t\t\t\t\t<div class=\"elementor-element elementor-element-0270ba6 elementor-widget elementor-widget-image\" data-id=\"0270ba6\" data-element_type=\"widget\" data-e-type=\"widget\" data-widget_type=\"image.default\">\n\t\t\t\t<div class=\"elementor-widget-container\">\n\t\t\t\t\t\t\t\t\t\t\t\t\t\t\t<img decoding=\"async\" width=\"950\" height=\"713\" src=\"https:\/\/sambesx.com\/wp-content\/uploads\/2023\/06\/3-9-1024x768.jpeg\" class=\"attachment-large size-large wp-image-896\" alt=\"\" srcset=\"https:\/\/sambesx.com\/wp-content\/uploads\/2023\/06\/3-9-1024x768.jpeg 1024w, https:\/\/sambesx.com\/wp-content\/uploads\/2023\/06\/3-9-300x225.jpeg 300w, https:\/\/sambesx.com\/wp-content\/uploads\/2023\/06\/3-9-768x576.jpeg 768w, https:\/\/sambesx.com\/wp-content\/uploads\/2023\/06\/3-9-1536x1152.jpeg 1536w, https:\/\/sambesx.com\/wp-content\/uploads\/2023\/06\/3-9-2000x1500.jpeg 2000w, https:\/\/sambesx.com\/wp-content\/uploads\/2023\/06\/3-9.jpeg 2048w\" sizes=\"100vw\" \/>\t\t\t\t\t\t\t\t\t\t\t\t\t\t\t<\/div>\n\t\t\t\t<\/div>\n\t\t\t\t<div class=\"elementor-element elementor-element-7a7ec9c elementor-widget elementor-widget-image\" data-id=\"7a7ec9c\" data-element_type=\"widget\" data-e-type=\"widget\" data-widget_type=\"image.default\">\n\t\t\t\t<div class=\"elementor-widget-container\">\n\t\t\t\t\t\t\t\t\t\t\t\t\t\t\t<img loading=\"lazy\" decoding=\"async\" width=\"480\" height=\"640\" src=\"https:\/\/sambesx.com\/wp-content\/uploads\/2023\/06\/7-4-rotated.jpeg\" class=\"attachment-large size-large wp-image-901\" alt=\"\" srcset=\"https:\/\/sambesx.com\/wp-content\/uploads\/2023\/06\/7-4-rotated.jpeg 480w, https:\/\/sambesx.com\/wp-content\/uploads\/2023\/06\/7-4-225x300.jpeg 225w\" sizes=\"100vw\" \/>\t\t\t\t\t\t\t\t\t\t\t\t\t\t\t<\/div>\n\t\t\t\t<\/div>\n\t\t\t\t\t<\/div>\n\t\t<\/div>\n\t\t\t\t\t<\/div>\n\t\t<\/section>\n\t\t\t\t<section class=\"elementor-section elementor-top-section elementor-element elementor-element-577e453 elementor-section-boxed elementor-section-height-default elementor-section-height-default\" data-id=\"577e453\" data-element_type=\"section\" data-e-type=\"section\">\n\t\t\t\t\t\t<div class=\"elementor-container elementor-column-gap-default\">\n\t\t\t\t\t<div class=\"elementor-column elementor-col-100 elementor-top-column elementor-element elementor-element-0428640\" data-id=\"0428640\" data-element_type=\"column\" data-e-type=\"column\">\n\t\t\t<div class=\"elementor-widget-wrap\">\n\t\t\t\t\t\t\t<\/div>\n\t\t<\/div>\n\t\t\t\t\t<\/div>\n\t\t<\/section>\n\t\t\t\t<section class=\"elementor-section elementor-top-section elementor-element elementor-element-6e59049 elementor-section-boxed elementor-section-height-default elementor-section-height-default\" data-id=\"6e59049\" data-element_type=\"section\" data-e-type=\"section\">\n\t\t\t\t\t\t<div class=\"elementor-container elementor-column-gap-default\">\n\t\t\t\t\t<div class=\"elementor-column elementor-col-100 elementor-top-column elementor-element elementor-element-b301bad\" data-id=\"b301bad\" data-element_type=\"column\" data-e-type=\"column\">\n\t\t\t<div class=\"elementor-widget-wrap elementor-element-populated\">\n\t\t\t\t\t\t<div class=\"elementor-element elementor-element-c5a0f4d elementor-widget elementor-widget-heading\" data-id=\"c5a0f4d\" data-element_type=\"widget\" data-e-type=\"widget\" data-widget_type=\"heading.default\">\n\t\t\t\t<div class=\"elementor-widget-container\">\n\t\t\t\t\t<h2 class=\"elementor-heading-title elementor-size-default\">A\u00e7\u0131klama<\/h2>\t\t\t\t<\/div>\n\t\t\t\t<\/div>\n\t\t\t\t\t<\/div>\n\t\t<\/div>\n\t\t\t\t\t<\/div>\n\t\t<\/section>\n\t\t\t\t<section class=\"elementor-section elementor-top-section elementor-element elementor-element-5198afe elementor-section-boxed elementor-section-height-default elementor-section-height-default\" data-id=\"5198afe\" data-element_type=\"section\" data-e-type=\"section\">\n\t\t\t\t\t\t<div class=\"elementor-container elementor-column-gap-default\">\n\t\t\t\t\t<div class=\"elementor-column elementor-col-100 elementor-top-column elementor-element elementor-element-515da5e\" data-id=\"515da5e\" data-element_type=\"column\" data-e-type=\"column\">\n\t\t\t<div class=\"elementor-widget-wrap elementor-element-populated\">\n\t\t\t\t\t\t<div class=\"elementor-element elementor-element-a3dc61e elementor-widget elementor-widget-heading\" data-id=\"a3dc61e\" data-element_type=\"widget\" data-e-type=\"widget\" data-widget_type=\"heading.default\">\n\t\t\t\t<div class=\"elementor-widget-container\">\n\t\t\t\t\t<h2 class=\"elementor-heading-title elementor-size-default\">NAK\u0130T F\u0130YAT :74.300 \u20ba\n<br>TAKS\u0130TL\u0130 F\u0130YAT :87.400 \u20ba<\/h2>\t\t\t\t<\/div>\n\t\t\t\t<\/div>\n\t\t\t\t\t<\/div>\n\t\t<\/div>\n\t\t\t\t\t<\/div>\n\t\t<\/section>\n\t\t\t\t<section class=\"elementor-section elementor-top-section elementor-element elementor-element-869c7a0 elementor-section-boxed elementor-section-height-default elementor-section-height-default\" data-id=\"869c7a0\" data-element_type=\"section\" data-e-type=\"section\">\n\t\t\t\t\t\t<div class=\"elementor-container elementor-column-gap-default\">\n\t\t\t\t\t<div class=\"elementor-column elementor-col-100 elementor-top-column elementor-element elementor-element-8c64d19\" data-id=\"8c64d19\" data-element_type=\"column\" data-e-type=\"column\">\n\t\t\t<div class=\"elementor-widget-wrap elementor-element-populated\">\n\t\t\t\t\t\t<div class=\"elementor-element elementor-element-8ca0d73 elementor-widget elementor-widget-text-editor\" data-id=\"8ca0d73\" data-element_type=\"widget\" data-e-type=\"widget\" data-widget_type=\"text-editor.default\">\n\t\t\t\t<div class=\"elementor-widget-container\">\n\t\t\t\t\t\t\t\t\t<h3><span style=\"font-family: var( --e-global-typography-text-font-family ), Sans-serif; font-size: 24px;\"><u>DOLAP \u00d6ZELL\u0130KLER\u0130<\/u><\/span><\/h3>\n<h3><span style=\"font-family: var( --e-global-typography-text-font-family ), Sans-serif; font-size: 1rem;\">Y\u00fckseklik :210 cm<\/span><\/h3>\n<h4 style=\"font-size: 16px;\">Geni\u015flik&nbsp; &nbsp;:120 &amp; 150 cm<\/h4>\n<h4 style=\"font-size: 16px;\">Derinlik&nbsp; &nbsp;:50 cm<\/h4>\n<h4 style=\"font-size: 16px;\">&nbsp;<u style=\"font-size: 1.5rem; font-family: var( --e-global-typography-text-font-family ), Sans-serif;\">\u00dcr\u00fcn \u00d6zellikleri<\/u><\/h4>\n<h4 style=\"font-size: 16px;\">&nbsp;-\u00dcr\u00fcnlerimizde<span style=\"font-family: var( --e-global-typography-text-font-family ), Sans-serif;\">&nbsp;<\/span><u style=\"font-family: var( --e-global-typography-text-font-family ), Sans-serif;\">1.S\u0131n\u0131f Mdf&nbsp;<\/u><span style=\"font-family: var( --e-global-typography-text-font-family ), Sans-serif;\">Ve kur\u015fun i\u00e7ermeyen boya kullan\u0131lm\u0131\u015ft\u0131r.<\/span><\/h4>\n<h4 style=\"font-size: 16px;\">-T\u00fcm \u00e7ekmece raylar\u0131&nbsp;<u>1.Kalite stoplu&nbsp;<\/u>raylard\u0131r.<\/h4>\n<h4 style=\"font-size: 16px;\">-T\u00fcm kapak Mente\u015feleri&nbsp;<u>1.S\u0131n\u0131f firenli<\/u>&nbsp;mente\u015fedir.<\/h4>\n<h4 style=\"font-size: 16px;\">-Led I\u015f\u0131k istek halinde&nbsp;<u>400 \u20ba<\/u>&nbsp;Fiyat fark\u0131 eklenmektedir.<\/h4>\n<h4 style=\"font-size: 16px;\">-Kapak say\u0131s\u0131&nbsp;<u>3<\/u>&nbsp;adet<\/h4>\n<h4 style=\"font-size: 16px;\">-\u00c7ekmece say\u0131s\u0131&nbsp;<u>3<\/u>&nbsp;adet<\/h4>\n<h4 style=\"font-size: 16px;\">-Cam raf cam \u00e7ekmece mevcuttur.&nbsp;<\/h4>\n<h4 style=\"font-size: 16px;\">&nbsp;<\/h4>\n<h4 style=\"font-size: 16px;\"><u>\u015e\u0130FONYER \u00d6ZELL\u0130KLER\u0130&nbsp;<\/u><\/h4>\n<h4 style=\"font-size: 16px;\"><u style=\"font-family: var( --e-global-typography-text-font-family ), Sans-serif;\">\u00dcr\u00fcn \u00d6l\u00e7\u00fcleri<\/u><\/h4>\n<h4 style=\"font-size: 16px;\">-100\u00d795<\/h4>\n<h4 style=\"font-size: 16px;\"><u>\u00dcr\u00fcn \u00d6zellikleri<\/u><\/h4>\n<h4 style=\"font-size: 16px;\">Y\u00fckseklik:95 cm<br>Geni\u015flik:90-100 cm<br>Derinlik:50 cm<br>\u00c7ekmece Say\u0131s\u0131: 4 Adet<\/h4>\n<h4 style=\"font-size: 16px;\">-\u00dcr\u00fcnlerimizde,<u>18mm&nbsp;<\/u>Kal\u0131nl\u0131\u011f\u0131nda&nbsp;<u>Mdf<\/u>&nbsp;ve Kur\u015funsuz boya kullan\u0131lm\u0131\u015ft\u0131r.<br>-\u00c7ekmece raylar\u0131 1.Kalite stoplu raylard\u0131r.&nbsp;<\/h4>\n<h4 style=\"font-size: 16px;\">&nbsp;<\/h4>\n<h4 style=\"font-size: 16px;\">YATAK \u00d6ZELL\u0130KLER\u0130&nbsp;<\/h4>\n<h4 style=\"font-size: 16px;\"><u style=\"font-family: var( --e-global-typography-text-font-family ), Sans-serif;\">\u00dcr\u00fcn \u00d6l\u00e7\u00fcleri<\/u><\/h4>\n<h4 style=\"font-size: 16px;\">-90\u00d7190<br>-100\u00d7200<br>-120\u00d7200 \u00f6l\u00e7\u00fclerinde 1000\u20ba fiyat fark\u0131 olu\u015fuyor.<\/h4>\n<h4 style=\"font-size: 16px;\"><u>\u00dcr\u00fcn \u00d6zellikleri<\/u><\/h4>\n<h4 style=\"font-size: 16px;\">-\u00dcr\u00fcnlerimizde,1.S\u0131n\u0131f Rus \u00c7am\u0131 ve 1.S\u0131n\u0131f Mdf kullan\u0131lmaktad\u0131r.<br>-Kur\u015fun i\u00e7ermeyen Boya kullan\u0131lmaktad\u0131r.<br>-\u0130stenilen renk ve \u00f6zellikte M\u00fc\u015fteriye \u00f6zel \u00fcretilmektedir.<br>-\u0130\u00e7 yatak dahil de\u011fildir.<br>-\u00c7ekmece fiyata dahildir.<\/h4>\t\t\t\t\t\t\t\t<\/div>\n\t\t\t\t<\/div>\n\t\t\t\t\t<\/div>\n\t\t<\/div>\n\t\t\t\t\t<\/div>\n\t\t<\/section>\n\t\t\t\t<section class=\"elementor-section elementor-top-section elementor-element elementor-element-6c2d22e elementor-section-boxed elementor-section-height-default elementor-section-height-default\" data-id=\"6c2d22e\" data-element_type=\"section\" data-e-type=\"section\">\n\t\t\t\t\t\t<div class=\"elementor-container elementor-column-gap-default\">\n\t\t\t\t\t<div class=\"elementor-column elementor-col-100 elementor-top-column elementor-element elementor-element-2b9104e\" data-id=\"2b9104e\" data-element_type=\"column\" data-e-type=\"column\">\n\t\t\t<div class=\"elementor-widget-wrap elementor-element-populated\">\n\t\t\t\t\t\t<div class=\"elementor-element elementor-element-82f23a5 elementor-widget elementor-widget-spacer\" data-id=\"82f23a5\" data-element_type=\"widget\" data-e-type=\"widget\" data-widget_type=\"spacer.default\">\n\t\t\t\t<div class=\"elementor-widget-container\">\n\t\t\t\t\t\t\t<div class=\"elementor-spacer\">\n\t\t\t<div class=\"elementor-spacer-inner\"><\/div>\n\t\t<\/div>\n\t\t\t\t\t\t<\/div>\n\t\t\t\t<\/div>\n\t\t\t\t<div class=\"elementor-element elementor-element-fbb08d2 elementor-widget elementor-widget-spacer\" data-id=\"fbb08d2\" data-element_type=\"widget\" data-e-type=\"widget\" data-widget_type=\"spacer.default\">\n\t\t\t\t<div class=\"elementor-widget-container\">\n\t\t\t\t\t\t\t<div class=\"elementor-spacer\">\n\t\t\t<div class=\"elementor-spacer-inner\"><\/div>\n\t\t<\/div>\n\t\t\t\t\t\t<\/div>\n\t\t\t\t<\/div>\n\t\t\t\t<div class=\"elementor-element elementor-element-41bf7d9 elementor-widget elementor-widget-spacer\" data-id=\"41bf7d9\" data-element_type=\"widget\" data-e-type=\"widget\" data-widget_type=\"spacer.default\">\n\t\t\t\t<div class=\"elementor-widget-container\">\n\t\t\t\t\t\t\t<div class=\"elementor-spacer\">\n\t\t\t<div class=\"elementor-spacer-inner\"><\/div>\n\t\t<\/div>\n\t\t\t\t\t\t<\/div>\n\t\t\t\t<\/div>\n\t\t\t\t<div class=\"elementor-element elementor-element-e00909a elementor-widget elementor-widget-spacer\" data-id=\"e00909a\" data-element_type=\"widget\" data-e-type=\"widget\" data-widget_type=\"spacer.default\">\n\t\t\t\t<div class=\"elementor-widget-container\">\n\t\t\t\t\t\t\t<div class=\"elementor-spacer\">\n\t\t\t<div class=\"elementor-spacer-inner\"><\/div>\n\t\t<\/div>\n\t\t\t\t\t\t<\/div>\n\t\t\t\t<\/div>\n\t\t\t\t<div class=\"elementor-element elementor-element-938763e elementor-widget elementor-widget-spacer\" data-id=\"938763e\" data-element_type=\"widget\" data-e-type=\"widget\" data-widget_type=\"spacer.default\">\n\t\t\t\t<div class=\"elementor-widget-container\">\n\t\t\t\t\t\t\t<div class=\"elementor-spacer\">\n\t\t\t<div class=\"elementor-spacer-inner\"><\/div>\n\t\t<\/div>\n\t\t\t\t\t\t<\/div>\n\t\t\t\t<\/div>\n\t\t\t\t<div class=\"elementor-element elementor-element-1118c3e elementor-widget elementor-widget-spacer\" data-id=\"1118c3e\" data-element_type=\"widget\" data-e-type=\"widget\" data-widget_type=\"spacer.default\">\n\t\t\t\t<div class=\"elementor-widget-container\">\n\t\t\t\t\t\t\t<div class=\"elementor-spacer\">\n\t\t\t<div class=\"elementor-spacer-inner\"><\/div>\n\t\t<\/div>\n\t\t\t\t\t\t<\/div>\n\t\t\t\t<\/div>\n\t\t\t\t\t<\/div>\n\t\t<\/div>\n\t\t\t\t\t<\/div>\n\t\t<\/section>\n\t\t\t\t<\/div>\n\t\t","protected":false},"excerpt":{"rendered":"<p>A\u00e7\u0131klama NAK\u0130T F\u0130YAT :74.300 \u20ba TAKS\u0130TL\u0130 F\u0130YAT :87.400 \u20ba DOLAP \u00d6ZELL\u0130KLER\u0130 Y\u00fckseklik :210 cm Geni\u015flik&nbsp; &nbsp;:120 &amp; 150 cm Derinlik&nbsp; &nbsp;:50 cm &nbsp;\u00dcr\u00fcn \u00d6zellikleri &nbsp;-\u00dcr\u00fcnlerimizde&nbsp;1.S\u0131n\u0131f Mdf&nbsp;Ve kur\u015fun i\u00e7ermeyen boya kullan\u0131lm\u0131\u015ft\u0131r. -T\u00fcm \u00e7ekmece raylar\u0131&nbsp;1.Kalite stoplu&nbsp;raylard\u0131r. -T\u00fcm kapak Mente\u015feleri&nbsp;1.S\u0131n\u0131f firenli&nbsp;mente\u015fedir. -Led I\u015f\u0131k istek halinde&nbsp;400 \u20ba&nbsp;Fiyat fark\u0131 eklenmektedir. -Kapak say\u0131s\u0131&nbsp;3&nbsp;adet -\u00c7ekmece say\u0131s\u0131&nbsp;3&nbsp;adet -Cam raf cam \u00e7ekmece mevcuttur.&nbsp; &nbsp; &hellip; <\/p>\n<p class=\"link-more\"><a href=\"https:\/\/sambesx.com\/index.php\/tam-oda-set-mod-4\/\" class=\"more-link\">Read more<span class=\"screen-reader-text\"> &#8220;TAM ODA SET MOD-4&#8221;<\/span><\/a><\/p>\n","protected":false},"author":1,"featured_media":0,"parent":0,"menu_order":0,"comment_status":"closed","ping_status":"closed","template":"","meta":{"inspiro_hide_title":false,"_joinchat":[],"footnotes":""},"class_list":["post-892","page","type-page","status-publish","hentry"],"_links":{"self":[{"href":"https:\/\/sambesx.com\/index.php\/wp-json\/wp\/v2\/pages\/892","targetHints":{"allow":["GET"]}}],"collection":[{"href":"https:\/\/sambesx.com\/index.php\/wp-json\/wp\/v2\/pages"}],"about":[{"href":"https:\/\/sambesx.com\/index.php\/wp-json\/wp\/v2\/types\/page"}],"author":[{"embeddable":true,"href":"https:\/\/sambesx.com\/index.php\/wp-json\/wp\/v2\/users\/1"}],"replies":[{"embeddable":true,"href":"https:\/\/sambesx.com\/index.php\/wp-json\/wp\/v2\/comments?post=892"}],"version-history":[{"count":43,"href":"https:\/\/sambesx.com\/index.php\/wp-json\/wp\/v2\/pages\/892\/revisions"}],"predecessor-version":[{"id":3963,"href":"https:\/\/sambesx.com\/index.php\/wp-json\/wp\/v2\/pages\/892\/revisions\/3963"}],"wp:attachment":[{"href":"https:\/\/sambesx.com\/index.php\/wp-json\/wp\/v2\/media?parent=892"}],"curies":[{"name":"wp","href":"https:\/\/api.w.org\/{rel}","templated":true}]}}