{"id":642,"date":"2023-06-16T20:25:37","date_gmt":"2023-06-16T17:25:37","guid":{"rendered":"https:\/\/sambesx.com\/?page_id=642"},"modified":"2025-11-30T13:18:56","modified_gmt":"2025-11-30T10:18:56","slug":"sifonyer-model-8","status":"publish","type":"page","link":"https:\/\/sambesx.com\/index.php\/sifonyer-model-8\/","title":{"rendered":"\u015eifonyer Model 8"},"content":{"rendered":"\t\t<div data-elementor-type=\"wp-page\" data-elementor-id=\"642\" class=\"elementor elementor-642\">\n\t\t\t\t\t\t<section class=\"elementor-section elementor-top-section elementor-element elementor-element-30b339f elementor-section-boxed elementor-section-height-default elementor-section-height-default\" data-id=\"30b339f\" data-element_type=\"section\" data-e-type=\"section\">\n\t\t\t\t\t\t<div class=\"elementor-container elementor-column-gap-default\">\n\t\t\t\t\t<div class=\"elementor-column elementor-col-50 elementor-top-column elementor-element elementor-element-714c36b\" data-id=\"714c36b\" data-element_type=\"column\" data-e-type=\"column\">\n\t\t\t<div class=\"elementor-widget-wrap elementor-element-populated\">\n\t\t\t\t\t\t<div class=\"elementor-element elementor-element-14ea823 elementor-widget elementor-widget-image\" data-id=\"14ea823\" data-element_type=\"widget\" data-e-type=\"widget\" data-widget_type=\"image.default\">\n\t\t\t\t<div class=\"elementor-widget-container\">\n\t\t\t\t\t\t\t\t\t\t\t\t\t\t\t<img fetchpriority=\"high\" decoding=\"async\" width=\"768\" height=\"1024\" src=\"https:\/\/sambesx.com\/wp-content\/uploads\/2023\/06\/1-site-25-768x1024.jpeg\" class=\"attachment-large size-large wp-image-644\" alt=\"\" srcset=\"https:\/\/sambesx.com\/wp-content\/uploads\/2023\/06\/1-site-25-768x1024.jpeg 768w, https:\/\/sambesx.com\/wp-content\/uploads\/2023\/06\/1-site-25-225x300.jpeg 225w, https:\/\/sambesx.com\/wp-content\/uploads\/2023\/06\/1-site-25-1152x1536.jpeg 1152w, https:\/\/sambesx.com\/wp-content\/uploads\/2023\/06\/1-site-25.jpeg 1200w\" sizes=\"100vw\" \/>\t\t\t\t\t\t\t\t\t\t\t\t\t\t\t<\/div>\n\t\t\t\t<\/div>\n\t\t\t\t\t<\/div>\n\t\t<\/div>\n\t\t\t\t<div class=\"elementor-column elementor-col-50 elementor-top-column elementor-element elementor-element-30e9b31\" data-id=\"30e9b31\" data-element_type=\"column\" data-e-type=\"column\">\n\t\t\t<div class=\"elementor-widget-wrap elementor-element-populated\">\n\t\t\t\t\t\t<div class=\"elementor-element elementor-element-a0b39f2 elementor-widget elementor-widget-image\" data-id=\"a0b39f2\" data-element_type=\"widget\" data-e-type=\"widget\" data-widget_type=\"image.default\">\n\t\t\t\t<div class=\"elementor-widget-container\">\n\t\t\t\t\t\t\t\t\t\t\t\t\t\t\t<img decoding=\"async\" width=\"331\" height=\"512\" src=\"https:\/\/sambesx.com\/wp-content\/uploads\/2023\/06\/SIF-MODEL-8-1.png\" class=\"attachment-large size-large wp-image-645\" alt=\"\" srcset=\"https:\/\/sambesx.com\/wp-content\/uploads\/2023\/06\/SIF-MODEL-8-1.png 331w, https:\/\/sambesx.com\/wp-content\/uploads\/2023\/06\/SIF-MODEL-8-1-194x300.png 194w\" sizes=\"100vw\" \/>\t\t\t\t\t\t\t\t\t\t\t\t\t\t\t<\/div>\n\t\t\t\t<\/div>\n\t\t\t\t\t<\/div>\n\t\t<\/div>\n\t\t\t\t\t<\/div>\n\t\t<\/section>\n\t\t\t\t<section class=\"elementor-section elementor-top-section elementor-element elementor-element-c447bf4 elementor-section-boxed elementor-section-height-default elementor-section-height-default\" data-id=\"c447bf4\" data-element_type=\"section\" data-e-type=\"section\">\n\t\t\t\t\t\t<div class=\"elementor-container elementor-column-gap-default\">\n\t\t\t\t\t<div class=\"elementor-column elementor-col-50 elementor-top-column elementor-element elementor-element-cf9550b\" data-id=\"cf9550b\" data-element_type=\"column\" data-e-type=\"column\">\n\t\t\t<div class=\"elementor-widget-wrap elementor-element-populated\">\n\t\t\t\t\t\t<div class=\"elementor-element elementor-element-d3be61a elementor-widget elementor-widget-image\" data-id=\"d3be61a\" data-element_type=\"widget\" data-e-type=\"widget\" data-widget_type=\"image.default\">\n\t\t\t\t<div class=\"elementor-widget-container\">\n\t\t\t\t\t\t\t\t\t\t\t\t\t\t\t<img decoding=\"async\" width=\"768\" height=\"1024\" src=\"https:\/\/sambesx.com\/wp-content\/uploads\/2023\/06\/SIF-MODEL-8-2-768x1024.jpeg\" class=\"attachment-large size-large wp-image-646\" alt=\"\" srcset=\"https:\/\/sambesx.com\/wp-content\/uploads\/2023\/06\/SIF-MODEL-8-2-768x1024.jpeg 768w, https:\/\/sambesx.com\/wp-content\/uploads\/2023\/06\/SIF-MODEL-8-2-225x300.jpeg 225w, https:\/\/sambesx.com\/wp-content\/uploads\/2023\/06\/SIF-MODEL-8-2-1152x1536.jpeg 1152w, https:\/\/sambesx.com\/wp-content\/uploads\/2023\/06\/SIF-MODEL-8-2.jpeg 1200w\" sizes=\"100vw\" \/>\t\t\t\t\t\t\t\t\t\t\t\t\t\t\t<\/div>\n\t\t\t\t<\/div>\n\t\t\t\t\t<\/div>\n\t\t<\/div>\n\t\t\t\t<div class=\"elementor-column elementor-col-50 elementor-top-column elementor-element elementor-element-aef2262\" data-id=\"aef2262\" data-element_type=\"column\" data-e-type=\"column\">\n\t\t\t<div class=\"elementor-widget-wrap elementor-element-populated\">\n\t\t\t\t\t\t<div class=\"elementor-element elementor-element-2b98c1c elementor-widget elementor-widget-image\" data-id=\"2b98c1c\" data-element_type=\"widget\" data-e-type=\"widget\" data-widget_type=\"image.default\">\n\t\t\t\t<div class=\"elementor-widget-container\">\n\t\t\t\t\t\t\t\t\t\t\t\t\t\t\t<img loading=\"lazy\" decoding=\"async\" width=\"768\" height=\"1024\" src=\"https:\/\/sambesx.com\/wp-content\/uploads\/2023\/06\/SIF-MODEL-8-3-768x1024.jpeg\" class=\"attachment-large size-large wp-image-647\" alt=\"\" srcset=\"https:\/\/sambesx.com\/wp-content\/uploads\/2023\/06\/SIF-MODEL-8-3-768x1024.jpeg 768w, https:\/\/sambesx.com\/wp-content\/uploads\/2023\/06\/SIF-MODEL-8-3-225x300.jpeg 225w, https:\/\/sambesx.com\/wp-content\/uploads\/2023\/06\/SIF-MODEL-8-3-1152x1536.jpeg 1152w, https:\/\/sambesx.com\/wp-content\/uploads\/2023\/06\/SIF-MODEL-8-3.jpeg 1200w\" sizes=\"100vw\" \/>\t\t\t\t\t\t\t\t\t\t\t\t\t\t\t<\/div>\n\t\t\t\t<\/div>\n\t\t\t\t\t<\/div>\n\t\t<\/div>\n\t\t\t\t\t<\/div>\n\t\t<\/section>\n\t\t\t\t<section class=\"elementor-section elementor-top-section elementor-element elementor-element-ed5f36b elementor-section-boxed elementor-section-height-default elementor-section-height-default\" data-id=\"ed5f36b\" data-element_type=\"section\" data-e-type=\"section\">\n\t\t\t\t\t\t<div class=\"elementor-container elementor-column-gap-default\">\n\t\t\t\t\t<div class=\"elementor-column elementor-col-50 elementor-top-column elementor-element elementor-element-1715d9c\" data-id=\"1715d9c\" data-element_type=\"column\" data-e-type=\"column\">\n\t\t\t<div class=\"elementor-widget-wrap elementor-element-populated\">\n\t\t\t\t\t\t<div class=\"elementor-element elementor-element-f7c9a6f elementor-widget elementor-widget-image\" data-id=\"f7c9a6f\" data-element_type=\"widget\" data-e-type=\"widget\" data-widget_type=\"image.default\">\n\t\t\t\t<div class=\"elementor-widget-container\">\n\t\t\t\t\t\t\t\t\t\t\t\t\t\t\t<img loading=\"lazy\" decoding=\"async\" width=\"768\" height=\"1024\" src=\"https:\/\/sambesx.com\/wp-content\/uploads\/2023\/06\/SIF-MODEL-8-5-768x1024.jpeg\" class=\"attachment-large size-large wp-image-649\" alt=\"\" srcset=\"https:\/\/sambesx.com\/wp-content\/uploads\/2023\/06\/SIF-MODEL-8-5-768x1024.jpeg 768w, https:\/\/sambesx.com\/wp-content\/uploads\/2023\/06\/SIF-MODEL-8-5-225x300.jpeg 225w, https:\/\/sambesx.com\/wp-content\/uploads\/2023\/06\/SIF-MODEL-8-5-1152x1536.jpeg 1152w, https:\/\/sambesx.com\/wp-content\/uploads\/2023\/06\/SIF-MODEL-8-5.jpeg 1200w\" sizes=\"100vw\" \/>\t\t\t\t\t\t\t\t\t\t\t\t\t\t\t<\/div>\n\t\t\t\t<\/div>\n\t\t\t\t\t<\/div>\n\t\t<\/div>\n\t\t\t\t<div class=\"elementor-column elementor-col-50 elementor-top-column elementor-element elementor-element-8388a56\" data-id=\"8388a56\" data-element_type=\"column\" data-e-type=\"column\">\n\t\t\t<div class=\"elementor-widget-wrap elementor-element-populated\">\n\t\t\t\t\t\t<div class=\"elementor-element elementor-element-015a391 elementor-widget elementor-widget-image\" data-id=\"015a391\" data-element_type=\"widget\" data-e-type=\"widget\" data-widget_type=\"image.default\">\n\t\t\t\t<div class=\"elementor-widget-container\">\n\t\t\t\t\t\t\t\t\t\t\t\t\t\t\t<img loading=\"lazy\" decoding=\"async\" width=\"405\" height=\"413\" src=\"https:\/\/sambesx.com\/wp-content\/uploads\/2023\/06\/SIF-MODEL-8-6.png\" class=\"attachment-large size-large wp-image-650\" alt=\"\" srcset=\"https:\/\/sambesx.com\/wp-content\/uploads\/2023\/06\/SIF-MODEL-8-6.png 405w, https:\/\/sambesx.com\/wp-content\/uploads\/2023\/06\/SIF-MODEL-8-6-294x300.png 294w\" sizes=\"100vw\" \/>\t\t\t\t\t\t\t\t\t\t\t\t\t\t\t<\/div>\n\t\t\t\t<\/div>\n\t\t\t\t\t<\/div>\n\t\t<\/div>\n\t\t\t\t\t<\/div>\n\t\t<\/section>\n\t\t\t\t<section class=\"elementor-section elementor-top-section elementor-element elementor-element-4c1a499 elementor-section-boxed elementor-section-height-default elementor-section-height-default\" data-id=\"4c1a499\" data-element_type=\"section\" data-e-type=\"section\">\n\t\t\t\t\t\t<div class=\"elementor-container elementor-column-gap-default\">\n\t\t\t\t\t<div class=\"elementor-column elementor-col-100 elementor-top-column elementor-element elementor-element-803658e\" data-id=\"803658e\" data-element_type=\"column\" data-e-type=\"column\">\n\t\t\t<div class=\"elementor-widget-wrap elementor-element-populated\">\n\t\t\t\t\t\t<div class=\"elementor-element elementor-element-3322cdd elementor-widget elementor-widget-heading\" data-id=\"3322cdd\" data-element_type=\"widget\" data-e-type=\"widget\" data-widget_type=\"heading.default\">\n\t\t\t\t<div class=\"elementor-widget-container\">\n\t\t\t\t\t<h2 class=\"elementor-heading-title elementor-size-default\">A\u00e7\u0131klama<\/h2>\t\t\t\t<\/div>\n\t\t\t\t<\/div>\n\t\t\t\t\t<\/div>\n\t\t<\/div>\n\t\t\t\t\t<\/div>\n\t\t<\/section>\n\t\t\t\t<section class=\"elementor-section elementor-top-section elementor-element elementor-element-5040968 elementor-section-boxed elementor-section-height-default elementor-section-height-default\" data-id=\"5040968\" data-element_type=\"section\" data-e-type=\"section\">\n\t\t\t\t\t\t<div class=\"elementor-container elementor-column-gap-default\">\n\t\t\t\t\t<div class=\"elementor-column elementor-col-100 elementor-top-column elementor-element elementor-element-9c64703\" data-id=\"9c64703\" data-element_type=\"column\" data-e-type=\"column\">\n\t\t\t<div class=\"elementor-widget-wrap elementor-element-populated\">\n\t\t\t\t\t\t<div class=\"elementor-element elementor-element-ca885f6 elementor-widget elementor-widget-heading\" data-id=\"ca885f6\" data-element_type=\"widget\" data-e-type=\"widget\" data-widget_type=\"heading.default\">\n\t\t\t\t<div class=\"elementor-widget-container\">\n\t\t\t\t\t<h2 class=\"elementor-heading-title elementor-size-default\">TAKS\u0130TL\u0130 F\u0130YATI : 20.000\u20ba\n<br>NAK\u0130T F\u0130YATI : 17.000\u20ba\n<\/h2>\t\t\t\t<\/div>\n\t\t\t\t<\/div>\n\t\t\t\t\t<\/div>\n\t\t<\/div>\n\t\t\t\t\t<\/div>\n\t\t<\/section>\n\t\t\t\t<section class=\"elementor-section elementor-top-section elementor-element elementor-element-b695530 elementor-section-boxed elementor-section-height-default elementor-section-height-default\" data-id=\"b695530\" data-element_type=\"section\" data-e-type=\"section\">\n\t\t\t\t\t\t<div class=\"elementor-container elementor-column-gap-default\">\n\t\t\t\t\t<div class=\"elementor-column elementor-col-100 elementor-top-column elementor-element elementor-element-417d658\" data-id=\"417d658\" data-element_type=\"column\" data-e-type=\"column\">\n\t\t\t<div class=\"elementor-widget-wrap elementor-element-populated\">\n\t\t\t\t\t\t<div class=\"elementor-element elementor-element-50fca4c elementor-widget elementor-widget-text-editor\" data-id=\"50fca4c\" data-element_type=\"widget\" data-e-type=\"widget\" data-widget_type=\"text-editor.default\">\n\t\t\t\t<div class=\"elementor-widget-container\">\n\t\t\t\t\t\t\t\t\t<h4 style=\"font-size: 16px;\"><u>\u00dcr\u00fcn \u00d6l\u00e7\u00fcleri<\/u><\/h4>\n<h4 style=\"font-size: 16px;\">-100\u00d7100<\/h4>\n<h4 style=\"font-size: 16px;\"><u>\u00dcr\u00fcn \u00d6zellikleri<\/u><\/h4>\n<h4 style=\"font-size: 16px;\">Y\u00fckseklik: 100 cm<br>Geni\u015flik: 100 cm<br>Derinlik: 50 cm<br>\u00c7ekmece Say\u0131s\u0131: 4 Adet<br>Kapak Say\u0131s\u0131 : 1 Adet<br><\/h4>\n<h4 style=\"font-size: 16px;\">-\u00dcr\u00fcnlerimizde&nbsp;<u style=\"font-family: var( --e-global-typography-text-font-family ), Sans-serif;\">1.S\u0131n\u0131f Mdf&nbsp;v<\/u><span style=\"font-family: var( --e-global-typography-text-font-family ), Sans-serif;\">e kur\u015fun i\u00e7ermeyen Lake boya kullan\u0131lm\u0131\u015ft\u0131r.<\/span><\/h4>\n<h4 style=\"font-size: 16px;\">\n<p>-Kullan\u0131lan Boya \u00c7ocuk Sa\u011fl\u0131\u011f\u0131 \u00d6n Planda Tutularak Se\u00e7ilmi\u015f 1.s\u0131n\u0131f Poli\u00fcretan Lake Boyad\u0131r.<br><br>-\u0130\u00e7 ve d\u0131\u015f olmak \u00fczere tamam\u0131 boyal\u0131d\u0131r.<\/p>\n<\/h4>\n<h4 style=\"font-size: 16px;\">-T\u00fcm \u00e7ekmece raylar\u0131&nbsp;<u>1.Kalite stoplu&nbsp;<\/u>raylard\u0131r.<\/h4>\t\t\t\t\t\t\t\t<\/div>\n\t\t\t\t<\/div>\n\t\t\t\t\t<\/div>\n\t\t<\/div>\n\t\t\t\t\t<\/div>\n\t\t<\/section>\n\t\t\t\t<\/div>\n\t\t","protected":false},"excerpt":{"rendered":"<p>A\u00e7\u0131klama TAKS\u0130TL\u0130 F\u0130YATI : 20.000\u20ba NAK\u0130T F\u0130YATI : 17.000\u20ba \u00dcr\u00fcn \u00d6l\u00e7\u00fcleri -100\u00d7100 \u00dcr\u00fcn \u00d6zellikleri Y\u00fckseklik: 100 cmGeni\u015flik: 100 cmDerinlik: 50 cm\u00c7ekmece Say\u0131s\u0131: 4 AdetKapak Say\u0131s\u0131 : 1 Adet -\u00dcr\u00fcnlerimizde&nbsp;1.S\u0131n\u0131f Mdf&nbsp;ve kur\u015fun i\u00e7ermeyen Lake boya kullan\u0131lm\u0131\u015ft\u0131r. -Kullan\u0131lan Boya \u00c7ocuk Sa\u011fl\u0131\u011f\u0131 \u00d6n Planda Tutularak Se\u00e7ilmi\u015f 1.s\u0131n\u0131f Poli\u00fcretan Lake Boyad\u0131r. -\u0130\u00e7 ve d\u0131\u015f olmak \u00fczere tamam\u0131 boyal\u0131d\u0131r. -T\u00fcm &hellip; <\/p>\n<p class=\"link-more\"><a href=\"https:\/\/sambesx.com\/index.php\/sifonyer-model-8\/\" class=\"more-link\">Read more<span class=\"screen-reader-text\"> &#8220;\u015eifonyer Model 8&#8221;<\/span><\/a><\/p>\n","protected":false},"author":1,"featured_media":0,"parent":0,"menu_order":0,"comment_status":"closed","ping_status":"closed","template":"","meta":{"inspiro_hide_title":false,"_joinchat":[],"footnotes":""},"class_list":["post-642","page","type-page","status-publish","hentry"],"_links":{"self":[{"href":"https:\/\/sambesx.com\/index.php\/wp-json\/wp\/v2\/pages\/642","targetHints":{"allow":["GET"]}}],"collection":[{"href":"https:\/\/sambesx.com\/index.php\/wp-json\/wp\/v2\/pages"}],"about":[{"href":"https:\/\/sambesx.com\/index.php\/wp-json\/wp\/v2\/types\/page"}],"author":[{"embeddable":true,"href":"https:\/\/sambesx.com\/index.php\/wp-json\/wp\/v2\/users\/1"}],"replies":[{"embeddable":true,"href":"https:\/\/sambesx.com\/index.php\/wp-json\/wp\/v2\/comments?post=642"}],"version-history":[{"count":45,"href":"https:\/\/sambesx.com\/index.php\/wp-json\/wp\/v2\/pages\/642\/revisions"}],"predecessor-version":[{"id":3882,"href":"https:\/\/sambesx.com\/index.php\/wp-json\/wp\/v2\/pages\/642\/revisions\/3882"}],"wp:attachment":[{"href":"https:\/\/sambesx.com\/index.php\/wp-json\/wp\/v2\/media?parent=642"}],"curies":[{"name":"wp","href":"https:\/\/api.w.org\/{rel}","templated":true}]}}