{"id":623,"date":"2023-06-16T20:22:53","date_gmt":"2023-06-16T17:22:53","guid":{"rendered":"https:\/\/sambesx.com\/?page_id=623"},"modified":"2025-11-30T13:18:24","modified_gmt":"2025-11-30T10:18:24","slug":"sifonyer-model-6","status":"publish","type":"page","link":"https:\/\/sambesx.com\/index.php\/sifonyer-model-6\/","title":{"rendered":"\u015eifonyer Model 6"},"content":{"rendered":"\t\t<div data-elementor-type=\"wp-page\" data-elementor-id=\"623\" class=\"elementor elementor-623\">\n\t\t\t\t\t\t<section class=\"elementor-section elementor-top-section elementor-element elementor-element-3d30818 elementor-section-boxed elementor-section-height-default elementor-section-height-default\" data-id=\"3d30818\" data-element_type=\"section\" data-e-type=\"section\">\n\t\t\t\t\t\t<div class=\"elementor-container elementor-column-gap-default\">\n\t\t\t\t\t<div class=\"elementor-column elementor-col-100 elementor-top-column elementor-element elementor-element-f05d974\" data-id=\"f05d974\" data-element_type=\"column\" data-e-type=\"column\">\n\t\t\t<div class=\"elementor-widget-wrap elementor-element-populated\">\n\t\t\t\t\t\t<div class=\"elementor-element elementor-element-b2496ff elementor-widget elementor-widget-image\" data-id=\"b2496ff\" data-element_type=\"widget\" data-e-type=\"widget\" data-widget_type=\"image.default\">\n\t\t\t\t<div class=\"elementor-widget-container\">\n\t\t\t\t\t\t\t\t\t\t\t\t\t\t\t<img fetchpriority=\"high\" decoding=\"async\" width=\"408\" height=\"541\" src=\"https:\/\/sambesx.com\/wp-content\/uploads\/2023\/06\/1-site-7.png\" class=\"attachment-large size-large wp-image-625\" alt=\"\" srcset=\"https:\/\/sambesx.com\/wp-content\/uploads\/2023\/06\/1-site-7.png 408w, https:\/\/sambesx.com\/wp-content\/uploads\/2023\/06\/1-site-7-226x300.png 226w\" sizes=\"100vw\" \/>\t\t\t\t\t\t\t\t\t\t\t\t\t\t\t<\/div>\n\t\t\t\t<\/div>\n\t\t\t\t\t<\/div>\n\t\t<\/div>\n\t\t\t\t\t<\/div>\n\t\t<\/section>\n\t\t\t\t<section class=\"elementor-section elementor-top-section elementor-element elementor-element-d508fe2 elementor-section-boxed elementor-section-height-default elementor-section-height-default\" data-id=\"d508fe2\" data-element_type=\"section\" data-e-type=\"section\">\n\t\t\t\t\t\t<div class=\"elementor-container elementor-column-gap-default\">\n\t\t\t\t\t<div class=\"elementor-column elementor-col-100 elementor-top-column elementor-element elementor-element-c956ee5\" data-id=\"c956ee5\" data-element_type=\"column\" data-e-type=\"column\">\n\t\t\t<div class=\"elementor-widget-wrap elementor-element-populated\">\n\t\t\t\t\t\t<div class=\"elementor-element elementor-element-16abf9c elementor-widget elementor-widget-image\" data-id=\"16abf9c\" data-element_type=\"widget\" data-e-type=\"widget\" data-widget_type=\"image.default\">\n\t\t\t\t<div class=\"elementor-widget-container\">\n\t\t\t\t\t\t\t\t\t\t\t\t\t\t\t<img decoding=\"async\" width=\"453\" height=\"536\" src=\"https:\/\/sambesx.com\/wp-content\/uploads\/2023\/06\/SIF-MODEL-6-1.png\" class=\"attachment-large size-large wp-image-626\" alt=\"\" srcset=\"https:\/\/sambesx.com\/wp-content\/uploads\/2023\/06\/SIF-MODEL-6-1.png 453w, https:\/\/sambesx.com\/wp-content\/uploads\/2023\/06\/SIF-MODEL-6-1-254x300.png 254w\" sizes=\"100vw\" \/>\t\t\t\t\t\t\t\t\t\t\t\t\t\t\t<\/div>\n\t\t\t\t<\/div>\n\t\t\t\t\t<\/div>\n\t\t<\/div>\n\t\t\t\t\t<\/div>\n\t\t<\/section>\n\t\t\t\t<section class=\"elementor-section elementor-top-section elementor-element elementor-element-8a73b7d elementor-section-boxed elementor-section-height-default elementor-section-height-default\" data-id=\"8a73b7d\" data-element_type=\"section\" data-e-type=\"section\">\n\t\t\t\t\t\t<div class=\"elementor-container elementor-column-gap-default\">\n\t\t\t\t\t<div class=\"elementor-column elementor-col-100 elementor-top-column elementor-element elementor-element-54c3797\" data-id=\"54c3797\" data-element_type=\"column\" data-e-type=\"column\">\n\t\t\t<div class=\"elementor-widget-wrap elementor-element-populated\">\n\t\t\t\t\t\t<div class=\"elementor-element elementor-element-6061a81 elementor-widget elementor-widget-heading\" data-id=\"6061a81\" data-element_type=\"widget\" data-e-type=\"widget\" data-widget_type=\"heading.default\">\n\t\t\t\t<div class=\"elementor-widget-container\">\n\t\t\t\t\t<h2 class=\"elementor-heading-title elementor-size-default\">A\u00e7\u0131klama<\/h2>\t\t\t\t<\/div>\n\t\t\t\t<\/div>\n\t\t\t\t\t<\/div>\n\t\t<\/div>\n\t\t\t\t\t<\/div>\n\t\t<\/section>\n\t\t\t\t<section class=\"elementor-section elementor-top-section elementor-element elementor-element-e2c1463 elementor-section-boxed elementor-section-height-default elementor-section-height-default\" data-id=\"e2c1463\" data-element_type=\"section\" data-e-type=\"section\">\n\t\t\t\t\t\t<div class=\"elementor-container elementor-column-gap-default\">\n\t\t\t\t\t<div class=\"elementor-column elementor-col-100 elementor-top-column elementor-element elementor-element-b4ee97b\" data-id=\"b4ee97b\" data-element_type=\"column\" data-e-type=\"column\">\n\t\t\t<div class=\"elementor-widget-wrap elementor-element-populated\">\n\t\t\t\t\t\t<div class=\"elementor-element elementor-element-da019fa elementor-widget elementor-widget-heading\" data-id=\"da019fa\" data-element_type=\"widget\" data-e-type=\"widget\" data-widget_type=\"heading.default\">\n\t\t\t\t<div class=\"elementor-widget-container\">\n\t\t\t\t\t<h2 class=\"elementor-heading-title elementor-size-default\">TAKS\u0130TL\u0130 F\u0130YATI : 20.000\u20ba\n<br>NAK\u0130T F\u0130YATI : 17.000\u20ba<\/h2>\t\t\t\t<\/div>\n\t\t\t\t<\/div>\n\t\t\t\t\t<\/div>\n\t\t<\/div>\n\t\t\t\t\t<\/div>\n\t\t<\/section>\n\t\t\t\t<section class=\"elementor-section elementor-top-section elementor-element elementor-element-ca6f80a elementor-section-boxed elementor-section-height-default elementor-section-height-default\" data-id=\"ca6f80a\" data-element_type=\"section\" data-e-type=\"section\">\n\t\t\t\t\t\t<div class=\"elementor-container elementor-column-gap-default\">\n\t\t\t\t\t<div class=\"elementor-column elementor-col-100 elementor-top-column elementor-element elementor-element-ba775a2\" data-id=\"ba775a2\" data-element_type=\"column\" data-e-type=\"column\">\n\t\t\t<div class=\"elementor-widget-wrap elementor-element-populated\">\n\t\t\t\t\t\t<div class=\"elementor-element elementor-element-c523546 elementor-widget elementor-widget-text-editor\" data-id=\"c523546\" data-element_type=\"widget\" data-e-type=\"widget\" data-widget_type=\"text-editor.default\">\n\t\t\t\t<div class=\"elementor-widget-container\">\n\t\t\t\t\t\t\t\t\t<h4 style=\"font-size: 16px;\"><u>\u00dcr\u00fcn \u00d6l\u00e7\u00fcleri<\/u><\/h4>\n<h4 style=\"font-size: 16px;\">-90\u00d7100<\/h4>\n<h4 style=\"font-size: 16px;\"><u>\u00dcr\u00fcn \u00d6zellikleri<\/u><\/h4>\n<h4 style=\"font-size: 16px;\">Y\u00fckseklik: 100 cm<br>Geni\u015flik: 90 &#8211; 100 cm<br>Derinlik: 50 cm<br>\u00c7ekmece Say\u0131s\u0131: 4 Adet<\/h4>\n<h4 style=\"font-size: 16px;\">-\u00dcr\u00fcnlerimizde&nbsp;<u style=\"font-family: var( --e-global-typography-text-font-family ), Sans-serif;\">1.S\u0131n\u0131f Mdf&nbsp;v<\/u><span style=\"font-family: var( --e-global-typography-text-font-family ), Sans-serif;\">e kur\u015fun i\u00e7ermeyen Lake boya kullan\u0131lm\u0131\u015ft\u0131r.<\/span><\/h4>\n<h4 style=\"font-size: 16px;\">\n<p>-Kullan\u0131lan Boya \u00c7ocuk Sa\u011fl\u0131\u011f\u0131 \u00d6n Planda Tutularak Se\u00e7ilmi\u015f 1.s\u0131n\u0131f Poli\u00fcretan Lake Boyad\u0131r.<br><br>-\u0130\u00e7 ve d\u0131\u015f olmak \u00fczere tamam\u0131 boyal\u0131d\u0131r.<\/p>\n<\/h4>\n<h4 style=\"font-size: 16px;\">-T\u00fcm \u00e7ekmece raylar\u0131&nbsp;<u>1.Kalite stoplu&nbsp;<\/u>raylard\u0131r.<\/h4>\t\t\t\t\t\t\t\t<\/div>\n\t\t\t\t<\/div>\n\t\t\t\t\t<\/div>\n\t\t<\/div>\n\t\t\t\t\t<\/div>\n\t\t<\/section>\n\t\t\t\t<\/div>\n\t\t","protected":false},"excerpt":{"rendered":"<p>A\u00e7\u0131klama TAKS\u0130TL\u0130 F\u0130YATI : 20.000\u20ba NAK\u0130T F\u0130YATI : 17.000\u20ba \u00dcr\u00fcn \u00d6l\u00e7\u00fcleri -90\u00d7100 \u00dcr\u00fcn \u00d6zellikleri Y\u00fckseklik: 100 cmGeni\u015flik: 90 &#8211; 100 cmDerinlik: 50 cm\u00c7ekmece Say\u0131s\u0131: 4 Adet -\u00dcr\u00fcnlerimizde&nbsp;1.S\u0131n\u0131f Mdf&nbsp;ve kur\u015fun i\u00e7ermeyen Lake boya kullan\u0131lm\u0131\u015ft\u0131r. -Kullan\u0131lan Boya \u00c7ocuk Sa\u011fl\u0131\u011f\u0131 \u00d6n Planda Tutularak Se\u00e7ilmi\u015f 1.s\u0131n\u0131f Poli\u00fcretan Lake Boyad\u0131r. -\u0130\u00e7 ve d\u0131\u015f olmak \u00fczere tamam\u0131 boyal\u0131d\u0131r. -T\u00fcm \u00e7ekmece raylar\u0131&nbsp;1.Kalite &hellip; <\/p>\n<p class=\"link-more\"><a href=\"https:\/\/sambesx.com\/index.php\/sifonyer-model-6\/\" class=\"more-link\">Read more<span class=\"screen-reader-text\"> &#8220;\u015eifonyer Model 6&#8221;<\/span><\/a><\/p>\n","protected":false},"author":1,"featured_media":0,"parent":0,"menu_order":0,"comment_status":"closed","ping_status":"closed","template":"","meta":{"inspiro_hide_title":false,"_joinchat":[],"footnotes":""},"class_list":["post-623","page","type-page","status-publish","hentry"],"_links":{"self":[{"href":"https:\/\/sambesx.com\/index.php\/wp-json\/wp\/v2\/pages\/623","targetHints":{"allow":["GET"]}}],"collection":[{"href":"https:\/\/sambesx.com\/index.php\/wp-json\/wp\/v2\/pages"}],"about":[{"href":"https:\/\/sambesx.com\/index.php\/wp-json\/wp\/v2\/types\/page"}],"author":[{"embeddable":true,"href":"https:\/\/sambesx.com\/index.php\/wp-json\/wp\/v2\/users\/1"}],"replies":[{"embeddable":true,"href":"https:\/\/sambesx.com\/index.php\/wp-json\/wp\/v2\/comments?post=623"}],"version-history":[{"count":42,"href":"https:\/\/sambesx.com\/index.php\/wp-json\/wp\/v2\/pages\/623\/revisions"}],"predecessor-version":[{"id":3876,"href":"https:\/\/sambesx.com\/index.php\/wp-json\/wp\/v2\/pages\/623\/revisions\/3876"}],"wp:attachment":[{"href":"https:\/\/sambesx.com\/index.php\/wp-json\/wp\/v2\/media?parent=623"}],"curies":[{"name":"wp","href":"https:\/\/api.w.org\/{rel}","templated":true}]}}