{"id":581,"date":"2023-06-16T20:13:52","date_gmt":"2023-06-16T17:13:52","guid":{"rendered":"https:\/\/sambesx.com\/?page_id=581"},"modified":"2025-11-30T13:17:27","modified_gmt":"2025-11-30T10:17:27","slug":"sifonyer-model-3","status":"publish","type":"page","link":"https:\/\/sambesx.com\/index.php\/sifonyer-model-3\/","title":{"rendered":"\u015eifonyer Model 3"},"content":{"rendered":"\t\t<div data-elementor-type=\"wp-page\" data-elementor-id=\"581\" class=\"elementor elementor-581\">\n\t\t\t\t\t\t<section class=\"elementor-section elementor-top-section elementor-element elementor-element-a735817 elementor-section-boxed elementor-section-height-default elementor-section-height-default\" data-id=\"a735817\" data-element_type=\"section\" data-e-type=\"section\">\n\t\t\t\t\t\t<div class=\"elementor-container elementor-column-gap-default\">\n\t\t\t\t\t<div class=\"elementor-column elementor-col-50 elementor-top-column elementor-element elementor-element-715496f\" data-id=\"715496f\" data-element_type=\"column\" data-e-type=\"column\">\n\t\t\t<div class=\"elementor-widget-wrap elementor-element-populated\">\n\t\t\t\t\t\t<div class=\"elementor-element elementor-element-4d66cbc elementor-widget elementor-widget-image\" data-id=\"4d66cbc\" data-element_type=\"widget\" data-e-type=\"widget\" data-widget_type=\"image.default\">\n\t\t\t\t<div class=\"elementor-widget-container\">\n\t\t\t\t\t\t\t\t\t\t\t\t\t\t\t<img fetchpriority=\"high\" decoding=\"async\" width=\"420\" height=\"542\" src=\"https:\/\/sambesx.com\/wp-content\/uploads\/2023\/06\/1-site-6.png\" class=\"attachment-large size-large wp-image-583\" alt=\"\" srcset=\"https:\/\/sambesx.com\/wp-content\/uploads\/2023\/06\/1-site-6.png 420w, https:\/\/sambesx.com\/wp-content\/uploads\/2023\/06\/1-site-6-232x300.png 232w\" sizes=\"100vw\" \/>\t\t\t\t\t\t\t\t\t\t\t\t\t\t\t<\/div>\n\t\t\t\t<\/div>\n\t\t\t\t\t<\/div>\n\t\t<\/div>\n\t\t\t\t<div class=\"elementor-column elementor-col-50 elementor-top-column elementor-element elementor-element-584666d\" data-id=\"584666d\" data-element_type=\"column\" data-e-type=\"column\">\n\t\t\t<div class=\"elementor-widget-wrap elementor-element-populated\">\n\t\t\t\t\t\t<div class=\"elementor-element elementor-element-a6f6153 elementor-widget elementor-widget-image\" data-id=\"a6f6153\" data-element_type=\"widget\" data-e-type=\"widget\" data-widget_type=\"image.default\">\n\t\t\t\t<div class=\"elementor-widget-container\">\n\t\t\t\t\t\t\t\t\t\t\t\t\t\t\t<img decoding=\"async\" width=\"768\" height=\"1024\" src=\"https:\/\/sambesx.com\/wp-content\/uploads\/2023\/06\/5-2-768x1024.jpg\" class=\"attachment-large size-large wp-image-584\" alt=\"\" srcset=\"https:\/\/sambesx.com\/wp-content\/uploads\/2023\/06\/5-2-768x1024.jpg 768w, https:\/\/sambesx.com\/wp-content\/uploads\/2023\/06\/5-2-225x300.jpg 225w, https:\/\/sambesx.com\/wp-content\/uploads\/2023\/06\/5-2-1152x1536.jpg 1152w, https:\/\/sambesx.com\/wp-content\/uploads\/2023\/06\/5-2.jpg 1200w\" sizes=\"100vw\" \/>\t\t\t\t\t\t\t\t\t\t\t\t\t\t\t<\/div>\n\t\t\t\t<\/div>\n\t\t\t\t\t<\/div>\n\t\t<\/div>\n\t\t\t\t\t<\/div>\n\t\t<\/section>\n\t\t\t\t<section class=\"elementor-section elementor-top-section elementor-element elementor-element-0d7df1d elementor-section-boxed elementor-section-height-default elementor-section-height-default\" data-id=\"0d7df1d\" data-element_type=\"section\" data-e-type=\"section\">\n\t\t\t\t\t\t<div class=\"elementor-container elementor-column-gap-default\">\n\t\t\t\t\t<div class=\"elementor-column elementor-col-50 elementor-top-column elementor-element elementor-element-c4aaf2e\" data-id=\"c4aaf2e\" data-element_type=\"column\" data-e-type=\"column\">\n\t\t\t<div class=\"elementor-widget-wrap elementor-element-populated\">\n\t\t\t\t\t\t<div class=\"elementor-element elementor-element-0e05dab elementor-widget elementor-widget-image\" data-id=\"0e05dab\" data-element_type=\"widget\" data-e-type=\"widget\" data-widget_type=\"image.default\">\n\t\t\t\t<div class=\"elementor-widget-container\">\n\t\t\t\t\t\t\t\t\t\t\t\t\t\t\t<img decoding=\"async\" width=\"950\" height=\"713\" src=\"https:\/\/sambesx.com\/wp-content\/uploads\/2023\/06\/6-2-1024x768.jpg\" class=\"attachment-large size-large wp-image-585\" alt=\"\" srcset=\"https:\/\/sambesx.com\/wp-content\/uploads\/2023\/06\/6-2-1024x768.jpg 1024w, https:\/\/sambesx.com\/wp-content\/uploads\/2023\/06\/6-2-300x225.jpg 300w, https:\/\/sambesx.com\/wp-content\/uploads\/2023\/06\/6-2-768x576.jpg 768w, https:\/\/sambesx.com\/wp-content\/uploads\/2023\/06\/6-2-1536x1152.jpg 1536w, https:\/\/sambesx.com\/wp-content\/uploads\/2023\/06\/6-2.jpg 1600w\" sizes=\"100vw\" \/>\t\t\t\t\t\t\t\t\t\t\t\t\t\t\t<\/div>\n\t\t\t\t<\/div>\n\t\t\t\t\t<\/div>\n\t\t<\/div>\n\t\t\t\t<div class=\"elementor-column elementor-col-50 elementor-top-column elementor-element elementor-element-fb07d00\" data-id=\"fb07d00\" data-element_type=\"column\" data-e-type=\"column\">\n\t\t\t<div class=\"elementor-widget-wrap elementor-element-populated\">\n\t\t\t\t\t\t<div class=\"elementor-element elementor-element-ff41503 elementor-widget elementor-widget-image\" data-id=\"ff41503\" data-element_type=\"widget\" data-e-type=\"widget\" data-widget_type=\"image.default\">\n\t\t\t\t<div class=\"elementor-widget-container\">\n\t\t\t\t\t\t\t\t\t\t\t\t\t\t\t<img loading=\"lazy\" decoding=\"async\" width=\"480\" height=\"640\" src=\"https:\/\/sambesx.com\/wp-content\/uploads\/2023\/06\/SIF-MODEL-3-2-rotated.jpeg\" class=\"attachment-large size-large wp-image-586\" alt=\"\" srcset=\"https:\/\/sambesx.com\/wp-content\/uploads\/2023\/06\/SIF-MODEL-3-2-rotated.jpeg 480w, https:\/\/sambesx.com\/wp-content\/uploads\/2023\/06\/SIF-MODEL-3-2-225x300.jpeg 225w\" sizes=\"100vw\" \/>\t\t\t\t\t\t\t\t\t\t\t\t\t\t\t<\/div>\n\t\t\t\t<\/div>\n\t\t\t\t\t<\/div>\n\t\t<\/div>\n\t\t\t\t\t<\/div>\n\t\t<\/section>\n\t\t\t\t<section class=\"elementor-section elementor-top-section elementor-element elementor-element-18ca6f9 elementor-section-boxed elementor-section-height-default elementor-section-height-default\" data-id=\"18ca6f9\" data-element_type=\"section\" data-e-type=\"section\">\n\t\t\t\t\t\t<div class=\"elementor-container elementor-column-gap-default\">\n\t\t\t\t\t<div class=\"elementor-column elementor-col-50 elementor-top-column elementor-element elementor-element-393f401\" data-id=\"393f401\" data-element_type=\"column\" data-e-type=\"column\">\n\t\t\t<div class=\"elementor-widget-wrap elementor-element-populated\">\n\t\t\t\t\t\t<div class=\"elementor-element elementor-element-739db9e elementor-widget elementor-widget-image\" data-id=\"739db9e\" data-element_type=\"widget\" data-e-type=\"widget\" data-widget_type=\"image.default\">\n\t\t\t\t<div class=\"elementor-widget-container\">\n\t\t\t\t\t\t\t\t\t\t\t\t\t\t\t<img loading=\"lazy\" decoding=\"async\" width=\"768\" height=\"1024\" src=\"https:\/\/sambesx.com\/wp-content\/uploads\/2023\/06\/SIF-MODEL-3-3-768x1024.jpeg\" class=\"attachment-large size-large wp-image-588\" alt=\"\" srcset=\"https:\/\/sambesx.com\/wp-content\/uploads\/2023\/06\/SIF-MODEL-3-3-768x1024.jpeg 768w, https:\/\/sambesx.com\/wp-content\/uploads\/2023\/06\/SIF-MODEL-3-3-225x300.jpeg 225w, https:\/\/sambesx.com\/wp-content\/uploads\/2023\/06\/SIF-MODEL-3-3-1152x1536.jpeg 1152w, https:\/\/sambesx.com\/wp-content\/uploads\/2023\/06\/SIF-MODEL-3-3.jpeg 1536w\" sizes=\"100vw\" \/>\t\t\t\t\t\t\t\t\t\t\t\t\t\t\t<\/div>\n\t\t\t\t<\/div>\n\t\t\t\t\t<\/div>\n\t\t<\/div>\n\t\t\t\t<div class=\"elementor-column elementor-col-50 elementor-top-column elementor-element elementor-element-5247d63\" data-id=\"5247d63\" data-element_type=\"column\" data-e-type=\"column\">\n\t\t\t<div class=\"elementor-widget-wrap elementor-element-populated\">\n\t\t\t\t\t\t<div class=\"elementor-element elementor-element-63bdf6a elementor-widget elementor-widget-image\" data-id=\"63bdf6a\" data-element_type=\"widget\" data-e-type=\"widget\" data-widget_type=\"image.default\">\n\t\t\t\t<div class=\"elementor-widget-container\">\n\t\t\t\t\t\t\t\t\t\t\t\t\t\t\t<img loading=\"lazy\" decoding=\"async\" width=\"479\" height=\"392\" src=\"https:\/\/sambesx.com\/wp-content\/uploads\/2023\/06\/SIF-MODEL-3-4.jpeg\" class=\"attachment-large size-large wp-image-589\" alt=\"\" srcset=\"https:\/\/sambesx.com\/wp-content\/uploads\/2023\/06\/SIF-MODEL-3-4.jpeg 479w, https:\/\/sambesx.com\/wp-content\/uploads\/2023\/06\/SIF-MODEL-3-4-300x246.jpeg 300w\" sizes=\"100vw\" \/>\t\t\t\t\t\t\t\t\t\t\t\t\t\t\t<\/div>\n\t\t\t\t<\/div>\n\t\t\t\t\t<\/div>\n\t\t<\/div>\n\t\t\t\t\t<\/div>\n\t\t<\/section>\n\t\t\t\t<section class=\"elementor-section elementor-top-section elementor-element elementor-element-fe8cfb3 elementor-section-boxed elementor-section-height-default elementor-section-height-default\" data-id=\"fe8cfb3\" data-element_type=\"section\" data-e-type=\"section\">\n\t\t\t\t\t\t<div class=\"elementor-container elementor-column-gap-default\">\n\t\t\t\t\t<div class=\"elementor-column elementor-col-100 elementor-top-column elementor-element elementor-element-d7278ed\" data-id=\"d7278ed\" data-element_type=\"column\" data-e-type=\"column\">\n\t\t\t<div class=\"elementor-widget-wrap elementor-element-populated\">\n\t\t\t\t\t\t<div class=\"elementor-element elementor-element-352c90b elementor-widget elementor-widget-heading\" data-id=\"352c90b\" data-element_type=\"widget\" data-e-type=\"widget\" data-widget_type=\"heading.default\">\n\t\t\t\t<div class=\"elementor-widget-container\">\n\t\t\t\t\t<h2 class=\"elementor-heading-title elementor-size-default\">A\u00e7\u0131klama<\/h2>\t\t\t\t<\/div>\n\t\t\t\t<\/div>\n\t\t\t\t\t<\/div>\n\t\t<\/div>\n\t\t\t\t\t<\/div>\n\t\t<\/section>\n\t\t\t\t<section class=\"elementor-section elementor-top-section elementor-element elementor-element-aa8f5c4 elementor-section-boxed elementor-section-height-default elementor-section-height-default\" data-id=\"aa8f5c4\" data-element_type=\"section\" data-e-type=\"section\">\n\t\t\t\t\t\t<div class=\"elementor-container elementor-column-gap-default\">\n\t\t\t\t\t<div class=\"elementor-column elementor-col-100 elementor-top-column elementor-element elementor-element-df66ac2\" data-id=\"df66ac2\" data-element_type=\"column\" data-e-type=\"column\">\n\t\t\t<div class=\"elementor-widget-wrap elementor-element-populated\">\n\t\t\t\t\t\t<div class=\"elementor-element elementor-element-6d60124 elementor-widget elementor-widget-heading\" data-id=\"6d60124\" data-element_type=\"widget\" data-e-type=\"widget\" data-widget_type=\"heading.default\">\n\t\t\t\t<div class=\"elementor-widget-container\">\n\t\t\t\t\t<h2 class=\"elementor-heading-title elementor-size-default\">TAKS\u0130TL\u0130 F\u0130YATI : 20.000\u20ba\n<br>NAK\u0130T F\u0130YATI : 17.000\u20ba<\/h2>\t\t\t\t<\/div>\n\t\t\t\t<\/div>\n\t\t\t\t\t<\/div>\n\t\t<\/div>\n\t\t\t\t\t<\/div>\n\t\t<\/section>\n\t\t\t\t<section class=\"elementor-section elementor-top-section elementor-element elementor-element-9250602 elementor-section-boxed elementor-section-height-default elementor-section-height-default\" data-id=\"9250602\" data-element_type=\"section\" data-e-type=\"section\">\n\t\t\t\t\t\t<div class=\"elementor-container elementor-column-gap-default\">\n\t\t\t\t\t<div class=\"elementor-column elementor-col-100 elementor-top-column elementor-element elementor-element-30c5b92\" data-id=\"30c5b92\" data-element_type=\"column\" data-e-type=\"column\">\n\t\t\t<div class=\"elementor-widget-wrap elementor-element-populated\">\n\t\t\t\t\t\t<div class=\"elementor-element elementor-element-11b1594 elementor-widget elementor-widget-text-editor\" data-id=\"11b1594\" data-element_type=\"widget\" data-e-type=\"widget\" data-widget_type=\"text-editor.default\">\n\t\t\t\t<div class=\"elementor-widget-container\">\n\t\t\t\t\t\t\t\t\t<h4 style=\"font-size: 16px;\"><u>\u00dcr\u00fcn \u00d6l\u00e7\u00fcleri<\/u><\/h4><h4 style=\"font-size: 16px;\">-120\u00d7100<\/h4><h4 style=\"font-size: 16px;\"><u>\u00dcr\u00fcn \u00d6zellikleri<\/u><\/h4><h4 style=\"font-size: 16px;\">Y\u00fckseklik: 100 cm<br \/>Geni\u015flik: 120 cm<br \/>Derinlik: 50 cm<br \/>\u00c7ekmece Say\u0131s\u0131: 4 Adet<\/h4><h4 style=\"font-size: 16px;\">-\u00dcr\u00fcnlerimizde\u00a0<u style=\"font-family: var( --e-global-typography-text-font-family ), Sans-serif;\">1.S\u0131n\u0131f Mdf\u00a0v<\/u><span style=\"font-family: var( --e-global-typography-text-font-family ), Sans-serif;\">e kur\u015fun i\u00e7ermeyen Lake boya kullan\u0131lm\u0131\u015ft\u0131r.<\/span><\/h4><p>-Kullan\u0131lan Boya \u00c7ocuk Sa\u011fl\u0131\u011f\u0131 \u00d6n Planda Tutularak Se\u00e7ilmi\u015f 1.s\u0131n\u0131f Poli\u00fcretan Lake Boyad\u0131r.<br \/><br \/>-\u0130\u00e7 ve d\u0131\u015f olmak \u00fczere tamam\u0131 boyal\u0131d\u0131r.<\/p><h4 style=\"font-size: 16px;\">-T\u00fcm \u00e7ekmece raylar\u0131\u00a0<u>1.Kalite stoplu\u00a0<\/u>raylard\u0131r.<\/h4>\t\t\t\t\t\t\t\t<\/div>\n\t\t\t\t<\/div>\n\t\t\t\t\t<\/div>\n\t\t<\/div>\n\t\t\t\t\t<\/div>\n\t\t<\/section>\n\t\t\t\t<\/div>\n\t\t","protected":false},"excerpt":{"rendered":"<p>A\u00e7\u0131klama TAKS\u0130TL\u0130 F\u0130YATI : 20.000\u20ba NAK\u0130T F\u0130YATI : 17.000\u20ba \u00dcr\u00fcn \u00d6l\u00e7\u00fcleri -120\u00d7100 \u00dcr\u00fcn \u00d6zellikleri Y\u00fckseklik: 100 cmGeni\u015flik: 120 cmDerinlik: 50 cm\u00c7ekmece Say\u0131s\u0131: 4 Adet -\u00dcr\u00fcnlerimizde\u00a01.S\u0131n\u0131f Mdf\u00a0ve kur\u015fun i\u00e7ermeyen Lake boya kullan\u0131lm\u0131\u015ft\u0131r. -Kullan\u0131lan Boya \u00c7ocuk Sa\u011fl\u0131\u011f\u0131 \u00d6n Planda Tutularak Se\u00e7ilmi\u015f 1.s\u0131n\u0131f Poli\u00fcretan Lake Boyad\u0131r. -\u0130\u00e7 ve d\u0131\u015f olmak \u00fczere tamam\u0131 boyal\u0131d\u0131r. -T\u00fcm \u00e7ekmece raylar\u0131\u00a01.Kalite stoplu\u00a0raylard\u0131r.<\/p>\n","protected":false},"author":1,"featured_media":0,"parent":0,"menu_order":0,"comment_status":"closed","ping_status":"closed","template":"","meta":{"inspiro_hide_title":false,"_joinchat":[],"footnotes":""},"class_list":["post-581","page","type-page","status-publish","hentry"],"_links":{"self":[{"href":"https:\/\/sambesx.com\/index.php\/wp-json\/wp\/v2\/pages\/581","targetHints":{"allow":["GET"]}}],"collection":[{"href":"https:\/\/sambesx.com\/index.php\/wp-json\/wp\/v2\/pages"}],"about":[{"href":"https:\/\/sambesx.com\/index.php\/wp-json\/wp\/v2\/types\/page"}],"author":[{"embeddable":true,"href":"https:\/\/sambesx.com\/index.php\/wp-json\/wp\/v2\/users\/1"}],"replies":[{"embeddable":true,"href":"https:\/\/sambesx.com\/index.php\/wp-json\/wp\/v2\/comments?post=581"}],"version-history":[{"count":42,"href":"https:\/\/sambesx.com\/index.php\/wp-json\/wp\/v2\/pages\/581\/revisions"}],"predecessor-version":[{"id":3867,"href":"https:\/\/sambesx.com\/index.php\/wp-json\/wp\/v2\/pages\/581\/revisions\/3867"}],"wp:attachment":[{"href":"https:\/\/sambesx.com\/index.php\/wp-json\/wp\/v2\/media?parent=581"}],"curies":[{"name":"wp","href":"https:\/\/api.w.org\/{rel}","templated":true}]}}