{"id":570,"date":"2023-06-16T20:12:08","date_gmt":"2023-06-16T17:12:08","guid":{"rendered":"https:\/\/sambesx.com\/?page_id=570"},"modified":"2025-11-30T13:17:05","modified_gmt":"2025-11-30T10:17:05","slug":"sifonyer-model-2","status":"publish","type":"page","link":"https:\/\/sambesx.com\/index.php\/sifonyer-model-2\/","title":{"rendered":"\u015eifonyer Model 2"},"content":{"rendered":"\t\t<div data-elementor-type=\"wp-page\" data-elementor-id=\"570\" class=\"elementor elementor-570\">\n\t\t\t\t\t\t<section class=\"elementor-section elementor-top-section elementor-element elementor-element-ceff741 elementor-section-boxed elementor-section-height-default elementor-section-height-default\" data-id=\"ceff741\" data-element_type=\"section\" data-e-type=\"section\">\n\t\t\t\t\t\t<div class=\"elementor-container elementor-column-gap-default\">\n\t\t\t\t\t<div class=\"elementor-column elementor-col-100 elementor-top-column elementor-element elementor-element-eb07ee2\" data-id=\"eb07ee2\" data-element_type=\"column\" data-e-type=\"column\">\n\t\t\t<div class=\"elementor-widget-wrap elementor-element-populated\">\n\t\t\t\t\t\t<div class=\"elementor-element elementor-element-8c8c9a8 elementor-widget elementor-widget-image\" data-id=\"8c8c9a8\" data-element_type=\"widget\" data-e-type=\"widget\" data-widget_type=\"image.default\">\n\t\t\t\t<div class=\"elementor-widget-container\">\n\t\t\t\t\t\t\t\t\t\t\t\t\t\t\t<img fetchpriority=\"high\" decoding=\"async\" width=\"408\" height=\"541\" src=\"https:\/\/sambesx.com\/wp-content\/uploads\/2023\/06\/1-SITE-5.png\" class=\"attachment-large size-large wp-image-572\" alt=\"\" srcset=\"https:\/\/sambesx.com\/wp-content\/uploads\/2023\/06\/1-SITE-5.png 408w, https:\/\/sambesx.com\/wp-content\/uploads\/2023\/06\/1-SITE-5-226x300.png 226w\" sizes=\"100vw\" \/>\t\t\t\t\t\t\t\t\t\t\t\t\t\t\t<\/div>\n\t\t\t\t<\/div>\n\t\t\t\t\t<\/div>\n\t\t<\/div>\n\t\t\t\t\t<\/div>\n\t\t<\/section>\n\t\t\t\t<section class=\"elementor-section elementor-top-section elementor-element elementor-element-43a70c9 elementor-section-boxed elementor-section-height-default elementor-section-height-default\" data-id=\"43a70c9\" data-element_type=\"section\" data-e-type=\"section\">\n\t\t\t\t\t\t<div class=\"elementor-container elementor-column-gap-default\">\n\t\t\t\t\t<div class=\"elementor-column elementor-col-100 elementor-top-column elementor-element elementor-element-bd2ec23\" data-id=\"bd2ec23\" data-element_type=\"column\" data-e-type=\"column\">\n\t\t\t<div class=\"elementor-widget-wrap elementor-element-populated\">\n\t\t\t\t\t\t<div class=\"elementor-element elementor-element-79da286 elementor-widget elementor-widget-image\" data-id=\"79da286\" data-element_type=\"widget\" data-e-type=\"widget\" data-widget_type=\"image.default\">\n\t\t\t\t<div class=\"elementor-widget-container\">\n\t\t\t\t\t\t\t\t\t\t\t\t\t\t\t<img decoding=\"async\" width=\"480\" height=\"640\" src=\"https:\/\/sambesx.com\/wp-content\/uploads\/2023\/06\/2-13-rotated.jpeg\" class=\"attachment-large size-large wp-image-573\" alt=\"\" srcset=\"https:\/\/sambesx.com\/wp-content\/uploads\/2023\/06\/2-13-rotated.jpeg 480w, https:\/\/sambesx.com\/wp-content\/uploads\/2023\/06\/2-13-225x300.jpeg 225w\" sizes=\"100vw\" \/>\t\t\t\t\t\t\t\t\t\t\t\t\t\t\t<\/div>\n\t\t\t\t<\/div>\n\t\t\t\t\t<\/div>\n\t\t<\/div>\n\t\t\t\t\t<\/div>\n\t\t<\/section>\n\t\t\t\t<section class=\"elementor-section elementor-top-section elementor-element elementor-element-c2fc1b3 elementor-section-boxed elementor-section-height-default elementor-section-height-default\" data-id=\"c2fc1b3\" data-element_type=\"section\" data-e-type=\"section\">\n\t\t\t\t\t\t<div class=\"elementor-container elementor-column-gap-default\">\n\t\t\t\t\t<div class=\"elementor-column elementor-col-100 elementor-top-column elementor-element elementor-element-22fd5d1\" data-id=\"22fd5d1\" data-element_type=\"column\" data-e-type=\"column\">\n\t\t\t<div class=\"elementor-widget-wrap elementor-element-populated\">\n\t\t\t\t\t\t<div class=\"elementor-element elementor-element-4ca992a elementor-widget elementor-widget-heading\" data-id=\"4ca992a\" data-element_type=\"widget\" data-e-type=\"widget\" data-widget_type=\"heading.default\">\n\t\t\t\t<div class=\"elementor-widget-container\">\n\t\t\t\t\t<h2 class=\"elementor-heading-title elementor-size-default\">A\u00e7\u0131klama<\/h2>\t\t\t\t<\/div>\n\t\t\t\t<\/div>\n\t\t\t\t\t<\/div>\n\t\t<\/div>\n\t\t\t\t\t<\/div>\n\t\t<\/section>\n\t\t\t\t<section class=\"elementor-section elementor-top-section elementor-element elementor-element-e9ecdd6 elementor-section-boxed elementor-section-height-default elementor-section-height-default\" data-id=\"e9ecdd6\" data-element_type=\"section\" data-e-type=\"section\">\n\t\t\t\t\t\t<div class=\"elementor-container elementor-column-gap-default\">\n\t\t\t\t\t<div class=\"elementor-column elementor-col-100 elementor-top-column elementor-element elementor-element-aebaaff\" data-id=\"aebaaff\" data-element_type=\"column\" data-e-type=\"column\">\n\t\t\t<div class=\"elementor-widget-wrap elementor-element-populated\">\n\t\t\t\t\t\t<div class=\"elementor-element elementor-element-650f53d elementor-widget elementor-widget-heading\" data-id=\"650f53d\" data-element_type=\"widget\" data-e-type=\"widget\" data-widget_type=\"heading.default\">\n\t\t\t\t<div class=\"elementor-widget-container\">\n\t\t\t\t\t<h2 class=\"elementor-heading-title elementor-size-default\">TAKS\u0130TL\u0130 F\u0130YATI : 23.500\u20ba\n<br>NAK\u0130T F\u0130YATI : 20.000\u20ba<\/h2>\t\t\t\t<\/div>\n\t\t\t\t<\/div>\n\t\t\t\t\t<\/div>\n\t\t<\/div>\n\t\t\t\t\t<\/div>\n\t\t<\/section>\n\t\t\t\t<section class=\"elementor-section elementor-top-section elementor-element elementor-element-7713aeb elementor-section-boxed elementor-section-height-default elementor-section-height-default\" data-id=\"7713aeb\" data-element_type=\"section\" data-e-type=\"section\">\n\t\t\t\t\t\t<div class=\"elementor-container elementor-column-gap-default\">\n\t\t\t\t\t<div class=\"elementor-column elementor-col-100 elementor-top-column elementor-element elementor-element-3fa25c0\" data-id=\"3fa25c0\" data-element_type=\"column\" data-e-type=\"column\">\n\t\t\t<div class=\"elementor-widget-wrap elementor-element-populated\">\n\t\t\t\t\t\t<div class=\"elementor-element elementor-element-243d7cc elementor-widget elementor-widget-text-editor\" data-id=\"243d7cc\" data-element_type=\"widget\" data-e-type=\"widget\" data-widget_type=\"text-editor.default\">\n\t\t\t\t<div class=\"elementor-widget-container\">\n\t\t\t\t\t\t\t\t\t<h4 style=\"font-size: 16px;\"><u>\u00dcr\u00fcn \u00d6l\u00e7\u00fcleri<\/u><\/h4><h4 style=\"font-size: 16px;\">-120\u00d7100<\/h4><h4 style=\"font-size: 16px;\"><u>\u00dcr\u00fcn \u00d6zellikleri<\/u><\/h4><h4 style=\"font-size: 16px;\">Y\u00fckseklik: 100 cm<br \/>Geni\u015flik: 120 cm<br \/>Derinlik: 50 cm<br \/>\u00c7ekmece Say\u0131s\u0131: 6 Adet<\/h4><h4 style=\"font-size: 16px;\">-\u00dcr\u00fcnlerimizde\u00a0<u style=\"font-family: var( --e-global-typography-text-font-family ), Sans-serif;\">1.S\u0131n\u0131f Mdf\u00a0v<\/u><span style=\"font-family: var( --e-global-typography-text-font-family ), Sans-serif;\">e kur\u015fun i\u00e7ermeyen Lake boya kullan\u0131lm\u0131\u015ft\u0131r.<br \/><br \/>-Kullan\u0131lan Boya \u00c7ocuk Sa\u011fl\u0131\u011f\u0131 \u00d6n Planda Tutularak Se\u00e7ilmi\u015f 1.s\u0131n\u0131f Poli\u00fcretan Lake Boyad\u0131r.<br \/><br \/>-\u0130\u00e7 ve d\u0131\u015f olmak \u00fczere tamam\u0131 boyal\u0131d\u0131r.<br \/><\/span><\/h4><h4 style=\"font-size: 16px;\">-T\u00fcm \u00e7ekmece raylar\u0131\u00a0<u>1.Kalite stoplu\u00a0<\/u>raylard\u0131r.<\/h4>\t\t\t\t\t\t\t\t<\/div>\n\t\t\t\t<\/div>\n\t\t\t\t\t<\/div>\n\t\t<\/div>\n\t\t\t\t\t<\/div>\n\t\t<\/section>\n\t\t\t\t<\/div>\n\t\t","protected":false},"excerpt":{"rendered":"<p>A\u00e7\u0131klama TAKS\u0130TL\u0130 F\u0130YATI : 23.500\u20ba NAK\u0130T F\u0130YATI : 20.000\u20ba \u00dcr\u00fcn \u00d6l\u00e7\u00fcleri -120\u00d7100 \u00dcr\u00fcn \u00d6zellikleri Y\u00fckseklik: 100 cmGeni\u015flik: 120 cmDerinlik: 50 cm\u00c7ekmece Say\u0131s\u0131: 6 Adet -\u00dcr\u00fcnlerimizde\u00a01.S\u0131n\u0131f Mdf\u00a0ve kur\u015fun i\u00e7ermeyen Lake boya kullan\u0131lm\u0131\u015ft\u0131r. -Kullan\u0131lan Boya \u00c7ocuk Sa\u011fl\u0131\u011f\u0131 \u00d6n Planda Tutularak Se\u00e7ilmi\u015f 1.s\u0131n\u0131f Poli\u00fcretan Lake Boyad\u0131r. -\u0130\u00e7 ve d\u0131\u015f olmak \u00fczere tamam\u0131 boyal\u0131d\u0131r. -T\u00fcm \u00e7ekmece raylar\u0131\u00a01.Kalite stoplu\u00a0raylard\u0131r.<\/p>\n","protected":false},"author":1,"featured_media":0,"parent":0,"menu_order":0,"comment_status":"closed","ping_status":"closed","template":"","meta":{"inspiro_hide_title":false,"_joinchat":[],"footnotes":""},"class_list":["post-570","page","type-page","status-publish","hentry"],"_links":{"self":[{"href":"https:\/\/sambesx.com\/index.php\/wp-json\/wp\/v2\/pages\/570","targetHints":{"allow":["GET"]}}],"collection":[{"href":"https:\/\/sambesx.com\/index.php\/wp-json\/wp\/v2\/pages"}],"about":[{"href":"https:\/\/sambesx.com\/index.php\/wp-json\/wp\/v2\/types\/page"}],"author":[{"embeddable":true,"href":"https:\/\/sambesx.com\/index.php\/wp-json\/wp\/v2\/users\/1"}],"replies":[{"embeddable":true,"href":"https:\/\/sambesx.com\/index.php\/wp-json\/wp\/v2\/comments?post=570"}],"version-history":[{"count":45,"href":"https:\/\/sambesx.com\/index.php\/wp-json\/wp\/v2\/pages\/570\/revisions"}],"predecessor-version":[{"id":3864,"href":"https:\/\/sambesx.com\/index.php\/wp-json\/wp\/v2\/pages\/570\/revisions\/3864"}],"wp:attachment":[{"href":"https:\/\/sambesx.com\/index.php\/wp-json\/wp\/v2\/media?parent=570"}],"curies":[{"name":"wp","href":"https:\/\/api.w.org\/{rel}","templated":true}]}}