{"id":528,"date":"2023-06-16T19:59:46","date_gmt":"2023-06-16T16:59:46","guid":{"rendered":"https:\/\/sambesx.com\/?page_id=528"},"modified":"2025-11-30T13:13:07","modified_gmt":"2025-11-30T10:13:07","slug":"yatak-model-13","status":"publish","type":"page","link":"https:\/\/sambesx.com\/index.php\/yatak-model-13\/","title":{"rendered":"Yatak Model 13"},"content":{"rendered":"\t\t<div data-elementor-type=\"wp-page\" data-elementor-id=\"528\" class=\"elementor elementor-528\">\n\t\t\t\t\t\t<section class=\"elementor-section elementor-top-section elementor-element elementor-element-9c6d664 elementor-section-boxed elementor-section-height-default elementor-section-height-default\" data-id=\"9c6d664\" data-element_type=\"section\" data-e-type=\"section\">\n\t\t\t\t\t\t<div class=\"elementor-container elementor-column-gap-default\">\n\t\t\t\t\t<div class=\"elementor-column elementor-col-50 elementor-top-column elementor-element elementor-element-def8da1\" data-id=\"def8da1\" data-element_type=\"column\" data-e-type=\"column\">\n\t\t\t<div class=\"elementor-widget-wrap elementor-element-populated\">\n\t\t\t\t\t\t<div class=\"elementor-element elementor-element-e88155f elementor-widget elementor-widget-image\" data-id=\"e88155f\" data-element_type=\"widget\" data-e-type=\"widget\" data-widget_type=\"image.default\">\n\t\t\t\t<div class=\"elementor-widget-container\">\n\t\t\t\t\t\t\t\t\t\t\t\t\t\t\t<img fetchpriority=\"high\" decoding=\"async\" width=\"950\" height=\"715\" src=\"https:\/\/sambesx.com\/wp-content\/uploads\/2023\/06\/1-6-1024x771.jpg\" class=\"attachment-large size-large wp-image-530\" alt=\"\" srcset=\"https:\/\/sambesx.com\/wp-content\/uploads\/2023\/06\/1-6-1024x771.jpg 1024w, https:\/\/sambesx.com\/wp-content\/uploads\/2023\/06\/1-6-300x226.jpg 300w, https:\/\/sambesx.com\/wp-content\/uploads\/2023\/06\/1-6-768x578.jpg 768w, https:\/\/sambesx.com\/wp-content\/uploads\/2023\/06\/1-6-1536x1156.jpg 1536w, https:\/\/sambesx.com\/wp-content\/uploads\/2023\/06\/1-6.jpg 1600w\" sizes=\"100vw\" \/>\t\t\t\t\t\t\t\t\t\t\t\t\t\t\t<\/div>\n\t\t\t\t<\/div>\n\t\t\t\t\t<\/div>\n\t\t<\/div>\n\t\t\t\t<div class=\"elementor-column elementor-col-50 elementor-top-column elementor-element elementor-element-2e05dca\" data-id=\"2e05dca\" data-element_type=\"column\" data-e-type=\"column\">\n\t\t\t<div class=\"elementor-widget-wrap elementor-element-populated\">\n\t\t\t\t\t\t<div class=\"elementor-element elementor-element-c292432 elementor-widget elementor-widget-image\" data-id=\"c292432\" data-element_type=\"widget\" data-e-type=\"widget\" data-widget_type=\"image.default\">\n\t\t\t\t<div class=\"elementor-widget-container\">\n\t\t\t\t\t\t\t\t\t\t\t\t\t\t\t<img decoding=\"async\" width=\"950\" height=\"715\" src=\"https:\/\/sambesx.com\/wp-content\/uploads\/2023\/06\/2-7-1024x771.jpg\" class=\"attachment-large size-large wp-image-531\" alt=\"\" srcset=\"https:\/\/sambesx.com\/wp-content\/uploads\/2023\/06\/2-7-1024x771.jpg 1024w, https:\/\/sambesx.com\/wp-content\/uploads\/2023\/06\/2-7-300x226.jpg 300w, https:\/\/sambesx.com\/wp-content\/uploads\/2023\/06\/2-7-768x578.jpg 768w, https:\/\/sambesx.com\/wp-content\/uploads\/2023\/06\/2-7-1536x1156.jpg 1536w, https:\/\/sambesx.com\/wp-content\/uploads\/2023\/06\/2-7.jpg 1600w\" sizes=\"100vw\" \/>\t\t\t\t\t\t\t\t\t\t\t\t\t\t\t<\/div>\n\t\t\t\t<\/div>\n\t\t\t\t\t<\/div>\n\t\t<\/div>\n\t\t\t\t\t<\/div>\n\t\t<\/section>\n\t\t\t\t<section class=\"elementor-section elementor-top-section elementor-element elementor-element-2e24bab elementor-section-boxed elementor-section-height-default elementor-section-height-default\" data-id=\"2e24bab\" data-element_type=\"section\" data-e-type=\"section\">\n\t\t\t\t\t\t<div class=\"elementor-container elementor-column-gap-default\">\n\t\t\t\t\t<div class=\"elementor-column elementor-col-50 elementor-top-column elementor-element elementor-element-7aa13a1\" data-id=\"7aa13a1\" data-element_type=\"column\" data-e-type=\"column\">\n\t\t\t<div class=\"elementor-widget-wrap elementor-element-populated\">\n\t\t\t\t\t\t<div class=\"elementor-element elementor-element-ee264b6 elementor-widget elementor-widget-image\" data-id=\"ee264b6\" data-element_type=\"widget\" data-e-type=\"widget\" data-widget_type=\"image.default\">\n\t\t\t\t<div class=\"elementor-widget-container\">\n\t\t\t\t\t\t\t\t\t\t\t\t\t\t\t<img decoding=\"async\" width=\"771\" height=\"1024\" src=\"https:\/\/sambesx.com\/wp-content\/uploads\/2023\/06\/3-4-771x1024.jpg\" class=\"attachment-large size-large wp-image-532\" alt=\"\" srcset=\"https:\/\/sambesx.com\/wp-content\/uploads\/2023\/06\/3-4-771x1024.jpg 771w, https:\/\/sambesx.com\/wp-content\/uploads\/2023\/06\/3-4-226x300.jpg 226w, https:\/\/sambesx.com\/wp-content\/uploads\/2023\/06\/3-4-768x1021.jpg 768w, https:\/\/sambesx.com\/wp-content\/uploads\/2023\/06\/3-4-1156x1536.jpg 1156w, https:\/\/sambesx.com\/wp-content\/uploads\/2023\/06\/3-4.jpg 1204w\" sizes=\"100vw\" \/>\t\t\t\t\t\t\t\t\t\t\t\t\t\t\t<\/div>\n\t\t\t\t<\/div>\n\t\t\t\t\t<\/div>\n\t\t<\/div>\n\t\t\t\t<div class=\"elementor-column elementor-col-50 elementor-top-column elementor-element elementor-element-340cb07\" data-id=\"340cb07\" data-element_type=\"column\" data-e-type=\"column\">\n\t\t\t<div class=\"elementor-widget-wrap elementor-element-populated\">\n\t\t\t\t\t\t<div class=\"elementor-element elementor-element-55d6588 elementor-widget elementor-widget-image\" data-id=\"55d6588\" data-element_type=\"widget\" data-e-type=\"widget\" data-widget_type=\"image.default\">\n\t\t\t\t<div class=\"elementor-widget-container\">\n\t\t\t\t\t\t\t\t\t\t\t\t\t\t\t<img loading=\"lazy\" decoding=\"async\" width=\"771\" height=\"1024\" src=\"https:\/\/sambesx.com\/wp-content\/uploads\/2023\/06\/4-5-771x1024.jpg\" class=\"attachment-large size-large wp-image-533\" alt=\"\" srcset=\"https:\/\/sambesx.com\/wp-content\/uploads\/2023\/06\/4-5-771x1024.jpg 771w, https:\/\/sambesx.com\/wp-content\/uploads\/2023\/06\/4-5-226x300.jpg 226w, https:\/\/sambesx.com\/wp-content\/uploads\/2023\/06\/4-5-768x1021.jpg 768w, https:\/\/sambesx.com\/wp-content\/uploads\/2023\/06\/4-5-1156x1536.jpg 1156w, https:\/\/sambesx.com\/wp-content\/uploads\/2023\/06\/4-5.jpg 1204w\" sizes=\"100vw\" \/>\t\t\t\t\t\t\t\t\t\t\t\t\t\t\t<\/div>\n\t\t\t\t<\/div>\n\t\t\t\t\t<\/div>\n\t\t<\/div>\n\t\t\t\t\t<\/div>\n\t\t<\/section>\n\t\t\t\t<section class=\"elementor-section elementor-top-section elementor-element elementor-element-f1cce18 elementor-section-boxed elementor-section-height-default elementor-section-height-default\" data-id=\"f1cce18\" data-element_type=\"section\" data-e-type=\"section\">\n\t\t\t\t\t\t<div class=\"elementor-container elementor-column-gap-default\">\n\t\t\t\t\t<div class=\"elementor-column elementor-col-100 elementor-top-column elementor-element elementor-element-dc8b496\" data-id=\"dc8b496\" data-element_type=\"column\" data-e-type=\"column\">\n\t\t\t<div class=\"elementor-widget-wrap elementor-element-populated\">\n\t\t\t\t\t\t<div class=\"elementor-element elementor-element-61cb9d2 elementor-widget elementor-widget-heading\" data-id=\"61cb9d2\" data-element_type=\"widget\" data-e-type=\"widget\" data-widget_type=\"heading.default\">\n\t\t\t\t<div class=\"elementor-widget-container\">\n\t\t\t\t\t<h2 class=\"elementor-heading-title elementor-size-default\">A\u00e7\u0131klama<\/h2>\t\t\t\t<\/div>\n\t\t\t\t<\/div>\n\t\t\t\t\t<\/div>\n\t\t<\/div>\n\t\t\t\t\t<\/div>\n\t\t<\/section>\n\t\t\t\t<section class=\"elementor-section elementor-top-section elementor-element elementor-element-8a6a025 elementor-section-boxed elementor-section-height-default elementor-section-height-default\" data-id=\"8a6a025\" data-element_type=\"section\" data-e-type=\"section\">\n\t\t\t\t\t\t<div class=\"elementor-container elementor-column-gap-default\">\n\t\t\t\t\t<div class=\"elementor-column elementor-col-100 elementor-top-column elementor-element elementor-element-a473e38\" data-id=\"a473e38\" data-element_type=\"column\" data-e-type=\"column\">\n\t\t\t<div class=\"elementor-widget-wrap elementor-element-populated\">\n\t\t\t\t\t\t<div class=\"elementor-element elementor-element-32ee385 elementor-widget elementor-widget-heading\" data-id=\"32ee385\" data-element_type=\"widget\" data-e-type=\"widget\" data-widget_type=\"heading.default\">\n\t\t\t\t<div class=\"elementor-widget-container\">\n\t\t\t\t\t<h2 class=\"elementor-heading-title elementor-size-medium\">NAK\u0130T F\u0130YAT :25.000 \u20ba\n<br>TAKS\u0130TL\u0130 F\u0130YAT :30.000 \u20ba<\/h2>\t\t\t\t<\/div>\n\t\t\t\t<\/div>\n\t\t\t\t\t<\/div>\n\t\t<\/div>\n\t\t\t\t\t<\/div>\n\t\t<\/section>\n\t\t\t\t<section class=\"elementor-section elementor-top-section elementor-element elementor-element-a7e3e54 elementor-section-boxed elementor-section-height-default elementor-section-height-default\" data-id=\"a7e3e54\" data-element_type=\"section\" data-e-type=\"section\">\n\t\t\t\t\t\t<div class=\"elementor-container elementor-column-gap-default\">\n\t\t\t\t\t<div class=\"elementor-column elementor-col-100 elementor-top-column elementor-element elementor-element-fed0d07\" data-id=\"fed0d07\" data-element_type=\"column\" data-e-type=\"column\">\n\t\t\t<div class=\"elementor-widget-wrap elementor-element-populated\">\n\t\t\t\t\t\t<div class=\"elementor-element elementor-element-442b439 elementor-widget elementor-widget-text-editor\" data-id=\"442b439\" data-element_type=\"widget\" data-e-type=\"widget\" data-widget_type=\"text-editor.default\">\n\t\t\t\t<div class=\"elementor-widget-container\">\n\t\t\t\t\t\t\t\t\t<h4><u>\u00dcr\u00fcn \u00d6l\u00e7\u00fcleri<\/u><\/h4>\n<h4>-80&#215;140<br>-90&#215;190<br>-100&#215;200<\/h4>\n<h4><u>\u00dcr\u00fcn \u00d6zellikleri<\/u><\/h4>\n<h4>-\u00dcr\u00fcnlerimizde,<u>1.S\u0131n\u0131f Rus \u00c7am\u0131<\/u> Ve <u>1.S\u0131n\u0131f Mdf<\/u> kullan\u0131lmaktad\u0131r.<br>-Kur\u015fun i\u00e7ermeyen Boya kullan\u0131lmaktad\u0131r.<br>-\u0130stenilen renk ve \u00f6zellikte M\u00fc\u015fteriye \u00f6zel \u00fcretilmektedir.<br>-\u0130\u00e7 yatak dahil de\u011fildir.<\/h4>\n<div>\n<h4 style=\"font-size: 16px; font-family: Roboto, sans-serif;\">-\u00c7ekmecesiz fiyatt\u0131r.<br>-\u00c7ekmeceli model&nbsp;<u>+5000 TL<\/u>&nbsp;olarak de\u011fi\u015fkenlik g\u00f6stermektedir.<\/h4>\n<\/div>\t\t\t\t\t\t\t\t<\/div>\n\t\t\t\t<\/div>\n\t\t\t\t\t<\/div>\n\t\t<\/div>\n\t\t\t\t\t<\/div>\n\t\t<\/section>\n\t\t\t\t<\/div>\n\t\t","protected":false},"excerpt":{"rendered":"<p>A\u00e7\u0131klama NAK\u0130T F\u0130YAT :25.000 \u20ba TAKS\u0130TL\u0130 F\u0130YAT :30.000 \u20ba \u00dcr\u00fcn \u00d6l\u00e7\u00fcleri -80&#215;140-90&#215;190-100&#215;200 \u00dcr\u00fcn \u00d6zellikleri -\u00dcr\u00fcnlerimizde,1.S\u0131n\u0131f Rus \u00c7am\u0131 Ve 1.S\u0131n\u0131f Mdf kullan\u0131lmaktad\u0131r.-Kur\u015fun i\u00e7ermeyen Boya kullan\u0131lmaktad\u0131r.-\u0130stenilen renk ve \u00f6zellikte M\u00fc\u015fteriye \u00f6zel \u00fcretilmektedir.-\u0130\u00e7 yatak dahil de\u011fildir. -\u00c7ekmecesiz fiyatt\u0131r.-\u00c7ekmeceli model&nbsp;+5000 TL&nbsp;olarak de\u011fi\u015fkenlik g\u00f6stermektedir.<\/p>\n","protected":false},"author":1,"featured_media":0,"parent":0,"menu_order":0,"comment_status":"closed","ping_status":"closed","template":"","meta":{"inspiro_hide_title":false,"_joinchat":[],"footnotes":""},"class_list":["post-528","page","type-page","status-publish","hentry"],"_links":{"self":[{"href":"https:\/\/sambesx.com\/index.php\/wp-json\/wp\/v2\/pages\/528","targetHints":{"allow":["GET"]}}],"collection":[{"href":"https:\/\/sambesx.com\/index.php\/wp-json\/wp\/v2\/pages"}],"about":[{"href":"https:\/\/sambesx.com\/index.php\/wp-json\/wp\/v2\/types\/page"}],"author":[{"embeddable":true,"href":"https:\/\/sambesx.com\/index.php\/wp-json\/wp\/v2\/users\/1"}],"replies":[{"embeddable":true,"href":"https:\/\/sambesx.com\/index.php\/wp-json\/wp\/v2\/comments?post=528"}],"version-history":[{"count":54,"href":"https:\/\/sambesx.com\/index.php\/wp-json\/wp\/v2\/pages\/528\/revisions"}],"predecessor-version":[{"id":3858,"href":"https:\/\/sambesx.com\/index.php\/wp-json\/wp\/v2\/pages\/528\/revisions\/3858"}],"wp:attachment":[{"href":"https:\/\/sambesx.com\/index.php\/wp-json\/wp\/v2\/media?parent=528"}],"curies":[{"name":"wp","href":"https:\/\/api.w.org\/{rel}","templated":true}]}}