{"id":501,"date":"2023-06-16T19:54:45","date_gmt":"2023-06-16T16:54:45","guid":{"rendered":"https:\/\/sambesx.com\/?page_id=501"},"modified":"2025-11-30T13:12:19","modified_gmt":"2025-11-30T10:12:19","slug":"yatak-model-11","status":"publish","type":"page","link":"https:\/\/sambesx.com\/index.php\/yatak-model-11\/","title":{"rendered":"Yatak Model 11"},"content":{"rendered":"\t\t<div data-elementor-type=\"wp-page\" data-elementor-id=\"501\" class=\"elementor elementor-501\">\n\t\t\t\t\t\t<section class=\"elementor-section elementor-top-section elementor-element elementor-element-992948c elementor-section-boxed elementor-section-height-default elementor-section-height-default\" data-id=\"992948c\" data-element_type=\"section\" data-e-type=\"section\">\n\t\t\t\t\t\t<div class=\"elementor-container elementor-column-gap-default\">\n\t\t\t\t\t<div class=\"elementor-column elementor-col-100 elementor-top-column elementor-element elementor-element-a981bcd\" data-id=\"a981bcd\" data-element_type=\"column\" data-e-type=\"column\">\n\t\t\t<div class=\"elementor-widget-wrap elementor-element-populated\">\n\t\t\t\t\t\t<div class=\"elementor-element elementor-element-3261103 elementor-widget elementor-widget-image\" data-id=\"3261103\" data-element_type=\"widget\" data-e-type=\"widget\" data-widget_type=\"image.default\">\n\t\t\t\t<div class=\"elementor-widget-container\">\n\t\t\t\t\t\t\t\t\t\t\t\t\t\t\t<img fetchpriority=\"high\" decoding=\"async\" width=\"950\" height=\"713\" src=\"https:\/\/sambesx.com\/wp-content\/uploads\/2023\/06\/1-site-21-1024x768.jpeg\" class=\"attachment-large size-large wp-image-504\" alt=\"\" srcset=\"https:\/\/sambesx.com\/wp-content\/uploads\/2023\/06\/1-site-21-1024x768.jpeg 1024w, https:\/\/sambesx.com\/wp-content\/uploads\/2023\/06\/1-site-21-300x225.jpeg 300w, https:\/\/sambesx.com\/wp-content\/uploads\/2023\/06\/1-site-21-768x576.jpeg 768w, https:\/\/sambesx.com\/wp-content\/uploads\/2023\/06\/1-site-21-1536x1152.jpeg 1536w, https:\/\/sambesx.com\/wp-content\/uploads\/2023\/06\/1-site-21-2000x1500.jpeg 2000w, https:\/\/sambesx.com\/wp-content\/uploads\/2023\/06\/1-site-21.jpeg 2048w\" sizes=\"100vw\" \/>\t\t\t\t\t\t\t\t\t\t\t\t\t\t\t<\/div>\n\t\t\t\t<\/div>\n\t\t\t\t\t<\/div>\n\t\t<\/div>\n\t\t\t\t\t<\/div>\n\t\t<\/section>\n\t\t\t\t<section class=\"elementor-section elementor-top-section elementor-element elementor-element-b6c1e46 elementor-section-boxed elementor-section-height-default elementor-section-height-default\" data-id=\"b6c1e46\" data-element_type=\"section\" data-e-type=\"section\">\n\t\t\t\t\t\t<div class=\"elementor-container elementor-column-gap-default\">\n\t\t\t\t\t<div class=\"elementor-column elementor-col-100 elementor-top-column elementor-element elementor-element-3360955\" data-id=\"3360955\" data-element_type=\"column\" data-e-type=\"column\">\n\t\t\t<div class=\"elementor-widget-wrap elementor-element-populated\">\n\t\t\t\t\t\t<div class=\"elementor-element elementor-element-c4718d3 elementor-widget elementor-widget-image\" data-id=\"c4718d3\" data-element_type=\"widget\" data-e-type=\"widget\" data-widget_type=\"image.default\">\n\t\t\t\t<div class=\"elementor-widget-container\">\n\t\t\t\t\t\t\t\t\t\t\t\t\t\t\t<img decoding=\"async\" width=\"480\" height=\"640\" src=\"https:\/\/sambesx.com\/wp-content\/uploads\/2023\/06\/2-11-rotated.jpeg\" class=\"attachment-large size-large wp-image-505\" alt=\"\" srcset=\"https:\/\/sambesx.com\/wp-content\/uploads\/2023\/06\/2-11-rotated.jpeg 480w, https:\/\/sambesx.com\/wp-content\/uploads\/2023\/06\/2-11-225x300.jpeg 225w\" sizes=\"100vw\" \/>\t\t\t\t\t\t\t\t\t\t\t\t\t\t\t<\/div>\n\t\t\t\t<\/div>\n\t\t\t\t\t<\/div>\n\t\t<\/div>\n\t\t\t\t\t<\/div>\n\t\t<\/section>\n\t\t\t\t<section class=\"elementor-section elementor-top-section elementor-element elementor-element-9a93ef7 elementor-section-boxed elementor-section-height-default elementor-section-height-default\" data-id=\"9a93ef7\" data-element_type=\"section\" data-e-type=\"section\">\n\t\t\t\t\t\t<div class=\"elementor-container elementor-column-gap-default\">\n\t\t\t\t\t<div class=\"elementor-column elementor-col-100 elementor-top-column elementor-element elementor-element-440b219\" data-id=\"440b219\" data-element_type=\"column\" data-e-type=\"column\">\n\t\t\t<div class=\"elementor-widget-wrap elementor-element-populated\">\n\t\t\t\t\t\t<div class=\"elementor-element elementor-element-f8307ba elementor-widget elementor-widget-image\" data-id=\"f8307ba\" data-element_type=\"widget\" data-e-type=\"widget\" data-widget_type=\"image.default\">\n\t\t\t\t<div class=\"elementor-widget-container\">\n\t\t\t\t\t\t\t\t\t\t\t\t\t\t\t<img decoding=\"async\" width=\"480\" height=\"640\" src=\"https:\/\/sambesx.com\/wp-content\/uploads\/2023\/06\/3-6-rotated.jpeg\" class=\"attachment-large size-large wp-image-506\" alt=\"\" srcset=\"https:\/\/sambesx.com\/wp-content\/uploads\/2023\/06\/3-6-rotated.jpeg 480w, https:\/\/sambesx.com\/wp-content\/uploads\/2023\/06\/3-6-225x300.jpeg 225w\" sizes=\"100vw\" \/>\t\t\t\t\t\t\t\t\t\t\t\t\t\t\t<\/div>\n\t\t\t\t<\/div>\n\t\t\t\t\t<\/div>\n\t\t<\/div>\n\t\t\t\t\t<\/div>\n\t\t<\/section>\n\t\t\t\t<section class=\"elementor-section elementor-top-section elementor-element elementor-element-65cf4e4 elementor-section-boxed elementor-section-height-default elementor-section-height-default\" data-id=\"65cf4e4\" data-element_type=\"section\" data-e-type=\"section\">\n\t\t\t\t\t\t<div class=\"elementor-container elementor-column-gap-default\">\n\t\t\t\t\t<div class=\"elementor-column elementor-col-100 elementor-top-column elementor-element elementor-element-2e97d71\" data-id=\"2e97d71\" data-element_type=\"column\" data-e-type=\"column\">\n\t\t\t<div class=\"elementor-widget-wrap elementor-element-populated\">\n\t\t\t\t\t\t<div class=\"elementor-element elementor-element-311c67b elementor-widget elementor-widget-heading\" data-id=\"311c67b\" data-element_type=\"widget\" data-e-type=\"widget\" data-widget_type=\"heading.default\">\n\t\t\t\t<div class=\"elementor-widget-container\">\n\t\t\t\t\t<h2 class=\"elementor-heading-title elementor-size-default\">A\u00e7\u0131klama<\/h2>\t\t\t\t<\/div>\n\t\t\t\t<\/div>\n\t\t\t\t\t<\/div>\n\t\t<\/div>\n\t\t\t\t\t<\/div>\n\t\t<\/section>\n\t\t\t\t<section class=\"elementor-section elementor-top-section elementor-element elementor-element-def15a4 elementor-section-boxed elementor-section-height-default elementor-section-height-default\" data-id=\"def15a4\" data-element_type=\"section\" data-e-type=\"section\">\n\t\t\t\t\t\t<div class=\"elementor-container elementor-column-gap-default\">\n\t\t\t\t\t<div class=\"elementor-column elementor-col-100 elementor-top-column elementor-element elementor-element-f0aaaf9\" data-id=\"f0aaaf9\" data-element_type=\"column\" data-e-type=\"column\">\n\t\t\t<div class=\"elementor-widget-wrap elementor-element-populated\">\n\t\t\t\t\t\t<div class=\"elementor-element elementor-element-a3b2edb elementor-widget elementor-widget-heading\" data-id=\"a3b2edb\" data-element_type=\"widget\" data-e-type=\"widget\" data-widget_type=\"heading.default\">\n\t\t\t\t<div class=\"elementor-widget-container\">\n\t\t\t\t\t<h2 class=\"elementor-heading-title elementor-size-medium\">NAK\u0130T F\u0130YAT :24.000 \u20ba\n<br>TAKS\u0130TL\u0130 F\u0130YAT :28.300 \u20ba<\/h2>\t\t\t\t<\/div>\n\t\t\t\t<\/div>\n\t\t\t\t\t<\/div>\n\t\t<\/div>\n\t\t\t\t\t<\/div>\n\t\t<\/section>\n\t\t\t\t<section class=\"elementor-section elementor-top-section elementor-element elementor-element-fa60701 elementor-section-boxed elementor-section-height-default elementor-section-height-default\" data-id=\"fa60701\" data-element_type=\"section\" data-e-type=\"section\">\n\t\t\t\t\t\t<div class=\"elementor-container elementor-column-gap-default\">\n\t\t\t\t\t<div class=\"elementor-column elementor-col-100 elementor-top-column elementor-element elementor-element-c939da0\" data-id=\"c939da0\" data-element_type=\"column\" data-e-type=\"column\">\n\t\t\t<div class=\"elementor-widget-wrap elementor-element-populated\">\n\t\t\t\t\t\t<div class=\"elementor-element elementor-element-74050a8 elementor-widget elementor-widget-text-editor\" data-id=\"74050a8\" data-element_type=\"widget\" data-e-type=\"widget\" data-widget_type=\"text-editor.default\">\n\t\t\t\t<div class=\"elementor-widget-container\">\n\t\t\t\t\t\t\t\t\t<h4><u>\u00dcr\u00fcn \u00d6l\u00e7\u00fcleri<\/u><\/h4>\n<h4>-90&#215;190<br>-100&#215;200<br>-120&#215;200 \u00f6l\u00e7\u00fclerinde +1000\u20ba fiyat fark\u0131 olu\u015fuyor.<\/h4>\n<h4><u>\u00dcr\u00fcn \u00d6zellikleri<\/u><\/h4>\n<h4>-\u00dcr\u00fcnlerimizde,<u>1.S\u0131n\u0131f Rus \u00c7am\u0131<\/u> kullan\u0131lmaktad\u0131r.<br>-Kur\u015fun i\u00e7ermeyen Boya kullan\u0131lmaktad\u0131r.<br>-\u0130stenilen renk ve \u00f6zellikte M\u00fc\u015fteriye \u00f6zel \u00fcretilmektedir.<br>-\u0130\u00e7 yatak dahil de\u011fildir.<br>-\u00c7ekmecesiz fiyatt\u0131r.<br>-\u00c7ekmeceli model <u>+4000 TL&nbsp;<\/u>olarak de\u011fi\u015fkenlik g\u00f6stermektedir.<\/h4>\t\t\t\t\t\t\t\t<\/div>\n\t\t\t\t<\/div>\n\t\t\t\t\t<\/div>\n\t\t<\/div>\n\t\t\t\t\t<\/div>\n\t\t<\/section>\n\t\t\t\t<\/div>\n\t\t","protected":false},"excerpt":{"rendered":"<p>A\u00e7\u0131klama NAK\u0130T F\u0130YAT :24.000 \u20ba TAKS\u0130TL\u0130 F\u0130YAT :28.300 \u20ba \u00dcr\u00fcn \u00d6l\u00e7\u00fcleri -90&#215;190-100&#215;200-120&#215;200 \u00f6l\u00e7\u00fclerinde +1000\u20ba fiyat fark\u0131 olu\u015fuyor. \u00dcr\u00fcn \u00d6zellikleri -\u00dcr\u00fcnlerimizde,1.S\u0131n\u0131f Rus \u00c7am\u0131 kullan\u0131lmaktad\u0131r.-Kur\u015fun i\u00e7ermeyen Boya kullan\u0131lmaktad\u0131r.-\u0130stenilen renk ve \u00f6zellikte M\u00fc\u015fteriye \u00f6zel \u00fcretilmektedir.-\u0130\u00e7 yatak dahil de\u011fildir.-\u00c7ekmecesiz fiyatt\u0131r.-\u00c7ekmeceli model +4000 TL&nbsp;olarak de\u011fi\u015fkenlik g\u00f6stermektedir.<\/p>\n","protected":false},"author":1,"featured_media":0,"parent":0,"menu_order":0,"comment_status":"closed","ping_status":"closed","template":"","meta":{"inspiro_hide_title":false,"_joinchat":[],"footnotes":""},"class_list":["post-501","page","type-page","status-publish","hentry"],"_links":{"self":[{"href":"https:\/\/sambesx.com\/index.php\/wp-json\/wp\/v2\/pages\/501","targetHints":{"allow":["GET"]}}],"collection":[{"href":"https:\/\/sambesx.com\/index.php\/wp-json\/wp\/v2\/pages"}],"about":[{"href":"https:\/\/sambesx.com\/index.php\/wp-json\/wp\/v2\/types\/page"}],"author":[{"embeddable":true,"href":"https:\/\/sambesx.com\/index.php\/wp-json\/wp\/v2\/users\/1"}],"replies":[{"embeddable":true,"href":"https:\/\/sambesx.com\/index.php\/wp-json\/wp\/v2\/comments?post=501"}],"version-history":[{"count":45,"href":"https:\/\/sambesx.com\/index.php\/wp-json\/wp\/v2\/pages\/501\/revisions"}],"predecessor-version":[{"id":3852,"href":"https:\/\/sambesx.com\/index.php\/wp-json\/wp\/v2\/pages\/501\/revisions\/3852"}],"wp:attachment":[{"href":"https:\/\/sambesx.com\/index.php\/wp-json\/wp\/v2\/media?parent=501"}],"curies":[{"name":"wp","href":"https:\/\/api.w.org\/{rel}","templated":true}]}}