{"id":468,"date":"2023-06-16T19:49:11","date_gmt":"2023-06-16T16:49:11","guid":{"rendered":"https:\/\/sambesx.com\/?page_id=468"},"modified":"2025-11-30T13:11:58","modified_gmt":"2025-11-30T10:11:58","slug":"yatak-model-9","status":"publish","type":"page","link":"https:\/\/sambesx.com\/index.php\/yatak-model-9\/","title":{"rendered":"Yatak Model 9"},"content":{"rendered":"\t\t<div data-elementor-type=\"wp-page\" data-elementor-id=\"468\" class=\"elementor elementor-468\">\n\t\t\t\t\t\t<section class=\"elementor-section elementor-top-section elementor-element elementor-element-4f00a9f elementor-section-boxed elementor-section-height-default elementor-section-height-default\" data-id=\"4f00a9f\" data-element_type=\"section\" data-e-type=\"section\">\n\t\t\t\t\t\t<div class=\"elementor-container elementor-column-gap-default\">\n\t\t\t\t\t<div class=\"elementor-column elementor-col-33 elementor-top-column elementor-element elementor-element-5da57a7\" data-id=\"5da57a7\" data-element_type=\"column\" data-e-type=\"column\">\n\t\t\t<div class=\"elementor-widget-wrap elementor-element-populated\">\n\t\t\t\t\t\t<div class=\"elementor-element elementor-element-bdcb8be elementor-widget elementor-widget-image\" data-id=\"bdcb8be\" data-element_type=\"widget\" data-e-type=\"widget\" data-widget_type=\"image.default\">\n\t\t\t\t<div class=\"elementor-widget-container\">\n\t\t\t\t\t\t\t\t\t\t\t\t\t\t\t<img fetchpriority=\"high\" decoding=\"async\" width=\"768\" height=\"1024\" src=\"https:\/\/sambesx.com\/wp-content\/uploads\/2023\/06\/0a0928aa-42d5-4e39-8912-321a8e7eb668-768x1024.jpg\" class=\"attachment-large size-large wp-image-470\" alt=\"\" srcset=\"https:\/\/sambesx.com\/wp-content\/uploads\/2023\/06\/0a0928aa-42d5-4e39-8912-321a8e7eb668-768x1024.jpg 768w, https:\/\/sambesx.com\/wp-content\/uploads\/2023\/06\/0a0928aa-42d5-4e39-8912-321a8e7eb668-225x300.jpg 225w, https:\/\/sambesx.com\/wp-content\/uploads\/2023\/06\/0a0928aa-42d5-4e39-8912-321a8e7eb668-1152x1536.jpg 1152w, https:\/\/sambesx.com\/wp-content\/uploads\/2023\/06\/0a0928aa-42d5-4e39-8912-321a8e7eb668.jpg 1536w\" sizes=\"100vw\" \/>\t\t\t\t\t\t\t\t\t\t\t\t\t\t\t<\/div>\n\t\t\t\t<\/div>\n\t\t\t\t\t<\/div>\n\t\t<\/div>\n\t\t\t\t<div class=\"elementor-column elementor-col-33 elementor-top-column elementor-element elementor-element-df08b7a\" data-id=\"df08b7a\" data-element_type=\"column\" data-e-type=\"column\">\n\t\t\t<div class=\"elementor-widget-wrap elementor-element-populated\">\n\t\t\t\t\t\t<div class=\"elementor-element elementor-element-95bc860 elementor-widget elementor-widget-image\" data-id=\"95bc860\" data-element_type=\"widget\" data-e-type=\"widget\" data-widget_type=\"image.default\">\n\t\t\t\t<div class=\"elementor-widget-container\">\n\t\t\t\t\t\t\t\t\t\t\t\t\t\t\t<img decoding=\"async\" width=\"768\" height=\"1024\" src=\"https:\/\/sambesx.com\/wp-content\/uploads\/2023\/06\/1-site-19-768x1024.jpeg\" class=\"attachment-large size-large wp-image-471\" alt=\"\" srcset=\"https:\/\/sambesx.com\/wp-content\/uploads\/2023\/06\/1-site-19-768x1023.jpeg 768w, https:\/\/sambesx.com\/wp-content\/uploads\/2023\/06\/1-site-19-225x300.jpeg 225w, https:\/\/sambesx.com\/wp-content\/uploads\/2023\/06\/1-site-19-1153x1536.jpeg 1153w, https:\/\/sambesx.com\/wp-content\/uploads\/2023\/06\/1-site-19.jpeg 1200w\" sizes=\"100vw\" \/>\t\t\t\t\t\t\t\t\t\t\t\t\t\t\t<\/div>\n\t\t\t\t<\/div>\n\t\t\t\t\t<\/div>\n\t\t<\/div>\n\t\t\t\t<div class=\"elementor-column elementor-col-33 elementor-top-column elementor-element elementor-element-0a110af\" data-id=\"0a110af\" data-element_type=\"column\" data-e-type=\"column\">\n\t\t\t<div class=\"elementor-widget-wrap elementor-element-populated\">\n\t\t\t\t\t\t<div class=\"elementor-element elementor-element-8768def elementor-widget elementor-widget-image\" data-id=\"8768def\" data-element_type=\"widget\" data-e-type=\"widget\" data-widget_type=\"image.default\">\n\t\t\t\t<div class=\"elementor-widget-container\">\n\t\t\t\t\t\t\t\t\t\t\t\t\t\t\t<img decoding=\"async\" width=\"768\" height=\"1024\" src=\"https:\/\/sambesx.com\/wp-content\/uploads\/2023\/06\/2-9-768x1024.jpeg\" class=\"attachment-large size-large wp-image-472\" alt=\"\" srcset=\"https:\/\/sambesx.com\/wp-content\/uploads\/2023\/06\/2-9-768x1023.jpeg 768w, https:\/\/sambesx.com\/wp-content\/uploads\/2023\/06\/2-9-225x300.jpeg 225w, https:\/\/sambesx.com\/wp-content\/uploads\/2023\/06\/2-9-1153x1536.jpeg 1153w, https:\/\/sambesx.com\/wp-content\/uploads\/2023\/06\/2-9.jpeg 1200w\" sizes=\"100vw\" \/>\t\t\t\t\t\t\t\t\t\t\t\t\t\t\t<\/div>\n\t\t\t\t<\/div>\n\t\t\t\t\t<\/div>\n\t\t<\/div>\n\t\t\t\t\t<\/div>\n\t\t<\/section>\n\t\t\t\t<section class=\"elementor-section elementor-top-section elementor-element elementor-element-a58d09d elementor-section-boxed elementor-section-height-default elementor-section-height-default\" data-id=\"a58d09d\" data-element_type=\"section\" data-e-type=\"section\">\n\t\t\t\t\t\t<div class=\"elementor-container elementor-column-gap-default\">\n\t\t\t\t\t<div class=\"elementor-column elementor-col-33 elementor-top-column elementor-element elementor-element-4f62d95\" data-id=\"4f62d95\" data-element_type=\"column\" data-e-type=\"column\">\n\t\t\t<div class=\"elementor-widget-wrap elementor-element-populated\">\n\t\t\t\t\t\t<div class=\"elementor-element elementor-element-1b268c9 elementor-widget elementor-widget-image\" data-id=\"1b268c9\" data-element_type=\"widget\" data-e-type=\"widget\" data-widget_type=\"image.default\">\n\t\t\t\t<div class=\"elementor-widget-container\">\n\t\t\t\t\t\t\t\t\t\t\t\t\t\t\t<img loading=\"lazy\" decoding=\"async\" width=\"705\" height=\"1024\" src=\"https:\/\/sambesx.com\/wp-content\/uploads\/2023\/06\/22ca2152-7039-460a-b681-ff67665d184d-1-705x1024.jpg\" class=\"attachment-large size-large wp-image-476\" alt=\"\" srcset=\"https:\/\/sambesx.com\/wp-content\/uploads\/2023\/06\/22ca2152-7039-460a-b681-ff67665d184d-1-705x1024.jpg 705w, https:\/\/sambesx.com\/wp-content\/uploads\/2023\/06\/22ca2152-7039-460a-b681-ff67665d184d-1-207x300.jpg 207w, https:\/\/sambesx.com\/wp-content\/uploads\/2023\/06\/22ca2152-7039-460a-b681-ff67665d184d-1-768x1116.jpg 768w, https:\/\/sambesx.com\/wp-content\/uploads\/2023\/06\/22ca2152-7039-460a-b681-ff67665d184d-1-1058x1536.jpg 1058w, https:\/\/sambesx.com\/wp-content\/uploads\/2023\/06\/22ca2152-7039-460a-b681-ff67665d184d-1.jpg 1410w\" sizes=\"100vw\" \/>\t\t\t\t\t\t\t\t\t\t\t\t\t\t\t<\/div>\n\t\t\t\t<\/div>\n\t\t\t\t\t<\/div>\n\t\t<\/div>\n\t\t\t\t<div class=\"elementor-column elementor-col-33 elementor-top-column elementor-element elementor-element-00ed946\" data-id=\"00ed946\" data-element_type=\"column\" data-e-type=\"column\">\n\t\t\t<div class=\"elementor-widget-wrap\">\n\t\t\t\t\t\t\t<\/div>\n\t\t<\/div>\n\t\t\t\t<div class=\"elementor-column elementor-col-33 elementor-top-column elementor-element elementor-element-e38a35f\" data-id=\"e38a35f\" data-element_type=\"column\" data-e-type=\"column\">\n\t\t\t<div class=\"elementor-widget-wrap\">\n\t\t\t\t\t\t\t<\/div>\n\t\t<\/div>\n\t\t\t\t\t<\/div>\n\t\t<\/section>\n\t\t\t\t<section class=\"elementor-section elementor-top-section elementor-element elementor-element-91f6080 elementor-section-boxed elementor-section-height-default elementor-section-height-default\" data-id=\"91f6080\" data-element_type=\"section\" data-e-type=\"section\">\n\t\t\t\t\t\t<div class=\"elementor-container elementor-column-gap-default\">\n\t\t\t\t\t<div class=\"elementor-column elementor-col-100 elementor-top-column elementor-element elementor-element-913c0a3\" data-id=\"913c0a3\" data-element_type=\"column\" data-e-type=\"column\">\n\t\t\t<div class=\"elementor-widget-wrap elementor-element-populated\">\n\t\t\t\t\t\t<div class=\"elementor-element elementor-element-9f14d7a elementor-widget elementor-widget-heading\" data-id=\"9f14d7a\" data-element_type=\"widget\" data-e-type=\"widget\" data-widget_type=\"heading.default\">\n\t\t\t\t<div class=\"elementor-widget-container\">\n\t\t\t\t\t<h2 class=\"elementor-heading-title elementor-size-default\">A\u00e7\u0131klama<\/h2>\t\t\t\t<\/div>\n\t\t\t\t<\/div>\n\t\t\t\t\t<\/div>\n\t\t<\/div>\n\t\t\t\t\t<\/div>\n\t\t<\/section>\n\t\t\t\t<section class=\"elementor-section elementor-top-section elementor-element elementor-element-9ac82b4 elementor-section-boxed elementor-section-height-default elementor-section-height-default\" data-id=\"9ac82b4\" data-element_type=\"section\" data-e-type=\"section\">\n\t\t\t\t\t\t<div class=\"elementor-container elementor-column-gap-default\">\n\t\t\t\t\t<div class=\"elementor-column elementor-col-100 elementor-top-column elementor-element elementor-element-7134922\" data-id=\"7134922\" data-element_type=\"column\" data-e-type=\"column\">\n\t\t\t<div class=\"elementor-widget-wrap elementor-element-populated\">\n\t\t\t\t\t\t<div class=\"elementor-element elementor-element-c41411f elementor-widget elementor-widget-heading\" data-id=\"c41411f\" data-element_type=\"widget\" data-e-type=\"widget\" data-widget_type=\"heading.default\">\n\t\t\t\t<div class=\"elementor-widget-container\">\n\t\t\t\t\t<h2 class=\"elementor-heading-title elementor-size-medium\">NAK\u0130T F\u0130YAT :30.000 \u20ba\n<br>TAKS\u0130TL\u0130 F\u0130YAT :35.300 \u20ba<\/h2>\t\t\t\t<\/div>\n\t\t\t\t<\/div>\n\t\t\t\t\t<\/div>\n\t\t<\/div>\n\t\t\t\t\t<\/div>\n\t\t<\/section>\n\t\t\t\t<section class=\"elementor-section elementor-top-section elementor-element elementor-element-34b14a1 elementor-section-boxed elementor-section-height-default elementor-section-height-default\" data-id=\"34b14a1\" data-element_type=\"section\" data-e-type=\"section\">\n\t\t\t\t\t\t<div class=\"elementor-container elementor-column-gap-default\">\n\t\t\t\t\t<div class=\"elementor-column elementor-col-100 elementor-top-column elementor-element elementor-element-cde32ac\" data-id=\"cde32ac\" data-element_type=\"column\" data-e-type=\"column\">\n\t\t\t<div class=\"elementor-widget-wrap elementor-element-populated\">\n\t\t\t\t\t\t<div class=\"elementor-element elementor-element-3c8e9dc elementor-widget elementor-widget-text-editor\" data-id=\"3c8e9dc\" data-element_type=\"widget\" data-e-type=\"widget\" data-widget_type=\"text-editor.default\">\n\t\t\t\t<div class=\"elementor-widget-container\">\n\t\t\t\t\t\t\t\t\t<h4><u>\u00dcr\u00fcn \u00d6l\u00e7\u00fcleri<\/u><\/h4><h4>-90&#215;190<br \/>-100&#215;200<br \/>-120&#215;200 \u00f6l\u00e7\u00fclerinde +1000\u20ba fiyat fark\u0131 olu\u015fuyor.<\/h4><h4><u>\u00dcr\u00fcn \u00d6zellikleri<\/u><\/h4><h4>-\u00dcr\u00fcnlerimizde,<u>1.S\u0131n\u0131f Rus \u00c7am\u0131<\/u> kullan\u0131lmaktad\u0131r.<br \/>-Kur\u015fun i\u00e7ermeyen Boya kullan\u0131lmaktad\u0131r.<br \/>-\u0130stenilen renk ve \u00f6zellikte M\u00fc\u015fteriye \u00f6zel \u00fcretilmektedir.<br \/>-\u0130\u00e7 yatak dahil de\u011fildir.<br \/>-\u00c7ekmece dahil fiyatt\u0131r.<\/h4><div><h4 style=\"font-size: 16px;\">-\u00c7ekmecesiz model\u00a0-5<u>000 TL<\/u>\u00a0olarak de\u011fi\u015fkenlik g\u00f6stermektedir.<\/h4><\/div><h4>\u00a0<\/h4>\t\t\t\t\t\t\t\t<\/div>\n\t\t\t\t<\/div>\n\t\t\t\t\t<\/div>\n\t\t<\/div>\n\t\t\t\t\t<\/div>\n\t\t<\/section>\n\t\t\t\t<\/div>\n\t\t","protected":false},"excerpt":{"rendered":"<p>A\u00e7\u0131klama NAK\u0130T F\u0130YAT :30.000 \u20ba TAKS\u0130TL\u0130 F\u0130YAT :35.300 \u20ba \u00dcr\u00fcn \u00d6l\u00e7\u00fcleri -90&#215;190-100&#215;200-120&#215;200 \u00f6l\u00e7\u00fclerinde +1000\u20ba fiyat fark\u0131 olu\u015fuyor. \u00dcr\u00fcn \u00d6zellikleri -\u00dcr\u00fcnlerimizde,1.S\u0131n\u0131f Rus \u00c7am\u0131 kullan\u0131lmaktad\u0131r.-Kur\u015fun i\u00e7ermeyen Boya kullan\u0131lmaktad\u0131r.-\u0130stenilen renk ve \u00f6zellikte M\u00fc\u015fteriye \u00f6zel \u00fcretilmektedir.-\u0130\u00e7 yatak dahil de\u011fildir.-\u00c7ekmece dahil fiyatt\u0131r. -\u00c7ekmecesiz model\u00a0-5000 TL\u00a0olarak de\u011fi\u015fkenlik g\u00f6stermektedir. \u00a0<\/p>\n","protected":false},"author":1,"featured_media":0,"parent":0,"menu_order":0,"comment_status":"closed","ping_status":"closed","template":"","meta":{"inspiro_hide_title":false,"_joinchat":[],"footnotes":""},"class_list":["post-468","page","type-page","status-publish","hentry"],"_links":{"self":[{"href":"https:\/\/sambesx.com\/index.php\/wp-json\/wp\/v2\/pages\/468","targetHints":{"allow":["GET"]}}],"collection":[{"href":"https:\/\/sambesx.com\/index.php\/wp-json\/wp\/v2\/pages"}],"about":[{"href":"https:\/\/sambesx.com\/index.php\/wp-json\/wp\/v2\/types\/page"}],"author":[{"embeddable":true,"href":"https:\/\/sambesx.com\/index.php\/wp-json\/wp\/v2\/users\/1"}],"replies":[{"embeddable":true,"href":"https:\/\/sambesx.com\/index.php\/wp-json\/wp\/v2\/comments?post=468"}],"version-history":[{"count":51,"href":"https:\/\/sambesx.com\/index.php\/wp-json\/wp\/v2\/pages\/468\/revisions"}],"predecessor-version":[{"id":3846,"href":"https:\/\/sambesx.com\/index.php\/wp-json\/wp\/v2\/pages\/468\/revisions\/3846"}],"wp:attachment":[{"href":"https:\/\/sambesx.com\/index.php\/wp-json\/wp\/v2\/media?parent=468"}],"curies":[{"name":"wp","href":"https:\/\/api.w.org\/{rel}","templated":true}]}}