{"id":377,"date":"2023-06-15T23:22:24","date_gmt":"2023-06-15T20:22:24","guid":{"rendered":"https:\/\/sambesx.com\/?page_id=377"},"modified":"2025-11-30T13:09:50","modified_gmt":"2025-11-30T10:09:50","slug":"yatak-model-3","status":"publish","type":"page","link":"https:\/\/sambesx.com\/index.php\/yatak-model-3\/","title":{"rendered":"Yatak Model 3"},"content":{"rendered":"\t\t<div data-elementor-type=\"wp-page\" data-elementor-id=\"377\" class=\"elementor elementor-377\">\n\t\t\t\t\t\t<section class=\"elementor-section elementor-top-section elementor-element elementor-element-ab412a2 elementor-section-boxed elementor-section-height-default elementor-section-height-default\" data-id=\"ab412a2\" data-element_type=\"section\" data-e-type=\"section\">\n\t\t\t\t\t\t<div class=\"elementor-container elementor-column-gap-default\">\n\t\t\t\t\t<div class=\"elementor-column elementor-col-25 elementor-top-column elementor-element elementor-element-9723099\" data-id=\"9723099\" data-element_type=\"column\" data-e-type=\"column\">\n\t\t\t<div class=\"elementor-widget-wrap elementor-element-populated\">\n\t\t\t\t\t\t<div class=\"elementor-element elementor-element-b07fd51 elementor-widget elementor-widget-image\" data-id=\"b07fd51\" data-element_type=\"widget\" data-e-type=\"widget\" data-widget_type=\"image.default\">\n\t\t\t\t<div class=\"elementor-widget-container\">\n\t\t\t\t\t\t\t\t\t\t\t\t\t\t\t<img fetchpriority=\"high\" decoding=\"async\" width=\"640\" height=\"480\" src=\"https:\/\/sambesx.com\/wp-content\/uploads\/2023\/06\/1-site-14.jpeg\" class=\"attachment-large size-large wp-image-381\" alt=\"\" srcset=\"https:\/\/sambesx.com\/wp-content\/uploads\/2023\/06\/1-site-14.jpeg 640w, https:\/\/sambesx.com\/wp-content\/uploads\/2023\/06\/1-site-14-300x225.jpeg 300w\" sizes=\"100vw\" \/>\t\t\t\t\t\t\t\t\t\t\t\t\t\t\t<\/div>\n\t\t\t\t<\/div>\n\t\t\t\t\t<\/div>\n\t\t<\/div>\n\t\t\t\t<div class=\"elementor-column elementor-col-25 elementor-top-column elementor-element elementor-element-5f7d3ca\" data-id=\"5f7d3ca\" data-element_type=\"column\" data-e-type=\"column\">\n\t\t\t<div class=\"elementor-widget-wrap elementor-element-populated\">\n\t\t\t\t\t\t<div class=\"elementor-element elementor-element-2991f9e elementor-widget elementor-widget-image\" data-id=\"2991f9e\" data-element_type=\"widget\" data-e-type=\"widget\" data-widget_type=\"image.default\">\n\t\t\t\t<div class=\"elementor-widget-container\">\n\t\t\t\t\t\t\t\t\t\t\t\t\t\t\t<img decoding=\"async\" width=\"640\" height=\"480\" src=\"https:\/\/sambesx.com\/wp-content\/uploads\/2023\/06\/site-2.jpeg\" class=\"attachment-large size-large wp-image-382\" alt=\"\" srcset=\"https:\/\/sambesx.com\/wp-content\/uploads\/2023\/06\/site-2.jpeg 640w, https:\/\/sambesx.com\/wp-content\/uploads\/2023\/06\/site-2-300x225.jpeg 300w\" sizes=\"100vw\" \/>\t\t\t\t\t\t\t\t\t\t\t\t\t\t\t<\/div>\n\t\t\t\t<\/div>\n\t\t\t\t\t<\/div>\n\t\t<\/div>\n\t\t\t\t<div class=\"elementor-column elementor-col-25 elementor-top-column elementor-element elementor-element-4228bc5\" data-id=\"4228bc5\" data-element_type=\"column\" data-e-type=\"column\">\n\t\t\t<div class=\"elementor-widget-wrap elementor-element-populated\">\n\t\t\t\t\t\t<div class=\"elementor-element elementor-element-3d0e232 elementor-widget elementor-widget-image\" data-id=\"3d0e232\" data-element_type=\"widget\" data-e-type=\"widget\" data-widget_type=\"image.default\">\n\t\t\t\t<div class=\"elementor-widget-container\">\n\t\t\t\t\t\t\t\t\t\t\t\t\t\t\t<img decoding=\"async\" width=\"950\" height=\"713\" src=\"https:\/\/sambesx.com\/wp-content\/uploads\/2023\/06\/site-3-1024x768.jpeg\" class=\"attachment-large size-large wp-image-383\" alt=\"\" srcset=\"https:\/\/sambesx.com\/wp-content\/uploads\/2023\/06\/site-3-1024x768.jpeg 1024w, https:\/\/sambesx.com\/wp-content\/uploads\/2023\/06\/site-3-300x225.jpeg 300w, https:\/\/sambesx.com\/wp-content\/uploads\/2023\/06\/site-3-768x576.jpeg 768w, https:\/\/sambesx.com\/wp-content\/uploads\/2023\/06\/site-3-1536x1152.jpeg 1536w, https:\/\/sambesx.com\/wp-content\/uploads\/2023\/06\/site-3-2000x1500.jpeg 2000w, https:\/\/sambesx.com\/wp-content\/uploads\/2023\/06\/site-3.jpeg 2048w\" sizes=\"100vw\" \/>\t\t\t\t\t\t\t\t\t\t\t\t\t\t\t<\/div>\n\t\t\t\t<\/div>\n\t\t\t\t\t<\/div>\n\t\t<\/div>\n\t\t\t\t<div class=\"elementor-column elementor-col-25 elementor-top-column elementor-element elementor-element-f971f7e\" data-id=\"f971f7e\" data-element_type=\"column\" data-e-type=\"column\">\n\t\t\t<div class=\"elementor-widget-wrap elementor-element-populated\">\n\t\t\t\t\t\t<div class=\"elementor-element elementor-element-fda6dd4 elementor-widget elementor-widget-image\" data-id=\"fda6dd4\" data-element_type=\"widget\" data-e-type=\"widget\" data-widget_type=\"image.default\">\n\t\t\t\t<div class=\"elementor-widget-container\">\n\t\t\t\t\t\t\t\t\t\t\t\t\t\t\t<img loading=\"lazy\" decoding=\"async\" width=\"950\" height=\"769\" src=\"https:\/\/sambesx.com\/wp-content\/uploads\/2023\/06\/site-4-1024x829.jpeg\" class=\"attachment-large size-large wp-image-384\" alt=\"\" srcset=\"https:\/\/sambesx.com\/wp-content\/uploads\/2023\/06\/site-4-1024x829.jpeg 1024w, https:\/\/sambesx.com\/wp-content\/uploads\/2023\/06\/site-4-300x243.jpeg 300w, https:\/\/sambesx.com\/wp-content\/uploads\/2023\/06\/site-4-768x622.jpeg 768w, https:\/\/sambesx.com\/wp-content\/uploads\/2023\/06\/site-4.jpeg 1194w\" sizes=\"100vw\" \/>\t\t\t\t\t\t\t\t\t\t\t\t\t\t\t<\/div>\n\t\t\t\t<\/div>\n\t\t\t\t\t<\/div>\n\t\t<\/div>\n\t\t\t\t\t<\/div>\n\t\t<\/section>\n\t\t\t\t<section class=\"elementor-section elementor-top-section elementor-element elementor-element-968e09c elementor-section-boxed elementor-section-height-default elementor-section-height-default\" data-id=\"968e09c\" data-element_type=\"section\" data-e-type=\"section\">\n\t\t\t\t\t\t<div class=\"elementor-container elementor-column-gap-default\">\n\t\t\t\t\t<div class=\"elementor-column elementor-col-100 elementor-top-column elementor-element elementor-element-d9a842c\" data-id=\"d9a842c\" data-element_type=\"column\" data-e-type=\"column\">\n\t\t\t<div class=\"elementor-widget-wrap elementor-element-populated\">\n\t\t\t\t\t\t<div class=\"elementor-element elementor-element-82c94bd elementor-widget elementor-widget-heading\" data-id=\"82c94bd\" data-element_type=\"widget\" data-e-type=\"widget\" data-widget_type=\"heading.default\">\n\t\t\t\t<div class=\"elementor-widget-container\">\n\t\t\t\t\t<h2 class=\"elementor-heading-title elementor-size-default\">A\u00e7\u0131klama<\/h2>\t\t\t\t<\/div>\n\t\t\t\t<\/div>\n\t\t\t\t\t<\/div>\n\t\t<\/div>\n\t\t\t\t\t<\/div>\n\t\t<\/section>\n\t\t\t\t<section class=\"elementor-section elementor-top-section elementor-element elementor-element-3850c2e elementor-section-boxed elementor-section-height-default elementor-section-height-default\" data-id=\"3850c2e\" data-element_type=\"section\" data-e-type=\"section\">\n\t\t\t\t\t\t<div class=\"elementor-container elementor-column-gap-default\">\n\t\t\t\t\t<div class=\"elementor-column elementor-col-100 elementor-top-column elementor-element elementor-element-a9fefd9\" data-id=\"a9fefd9\" data-element_type=\"column\" data-e-type=\"column\">\n\t\t\t<div class=\"elementor-widget-wrap elementor-element-populated\">\n\t\t\t\t\t\t<div class=\"elementor-element elementor-element-785cbc3 elementor-widget elementor-widget-heading\" data-id=\"785cbc3\" data-element_type=\"widget\" data-e-type=\"widget\" data-widget_type=\"heading.default\">\n\t\t\t\t<div class=\"elementor-widget-container\">\n\t\t\t\t\t<h2 class=\"elementor-heading-title elementor-size-medium\">NAK\u0130T F\u0130YAT :24.000 \u20ba\n<br>TAKS\u0130TL\u0130 F\u0130YAT :28.300 \u20ba<\/h2>\t\t\t\t<\/div>\n\t\t\t\t<\/div>\n\t\t\t\t\t<\/div>\n\t\t<\/div>\n\t\t\t\t\t<\/div>\n\t\t<\/section>\n\t\t\t\t<section class=\"elementor-section elementor-top-section elementor-element elementor-element-12c3a2b elementor-section-boxed elementor-section-height-default elementor-section-height-default\" data-id=\"12c3a2b\" data-element_type=\"section\" data-e-type=\"section\">\n\t\t\t\t\t\t<div class=\"elementor-container elementor-column-gap-default\">\n\t\t\t\t\t<div class=\"elementor-column elementor-col-100 elementor-top-column elementor-element elementor-element-044de92\" data-id=\"044de92\" data-element_type=\"column\" data-e-type=\"column\">\n\t\t\t<div class=\"elementor-widget-wrap elementor-element-populated\">\n\t\t\t\t\t\t<div class=\"elementor-element elementor-element-24480fd elementor-widget elementor-widget-text-editor\" data-id=\"24480fd\" data-element_type=\"widget\" data-e-type=\"widget\" data-widget_type=\"text-editor.default\">\n\t\t\t\t<div class=\"elementor-widget-container\">\n\t\t\t\t\t\t\t\t\t<h4><u>\u00dcr\u00fcn \u00d6l\u00e7\u00fcleri<\/u><\/h4><h4>-90&#215;190<br \/>-100&#215;200<br \/>-120&#215;200 1000\u20ba fiyat fark\u0131 oluyor.<\/h4><h4><u>\u00dcr\u00fcn \u00d6zellikleri<\/u><\/h4><h4>-\u00dcr\u00fcnlerimizde,<u>1.S\u0131n\u0131f Rus \u00c7am\u0131<\/u> kullan\u0131lmaktad\u0131r.<br \/>-Kur\u015fun i\u00e7ermeyen Boya kullan\u0131lmaktad\u0131r.<br \/>-\u0130stenilen renk ve \u00f6zellikte M\u00fc\u015fteriye \u00f6zel \u00fcretilmektedir.<br \/>-\u0130\u00e7 yatak dahil de\u011fildir.<br \/>-\u00c7ekmecesiz fiyatt\u0131r.<br \/>-\u00c7ekmeceli model <u>+5000 TL<\/u> olarak de\u011fi\u015fkenlik g\u00f6stermektedir.<\/h4><h4>-Nakliye fiyata dahildir.<\/h4>\t\t\t\t\t\t\t\t<\/div>\n\t\t\t\t<\/div>\n\t\t\t\t\t<\/div>\n\t\t<\/div>\n\t\t\t\t\t<\/div>\n\t\t<\/section>\n\t\t\t\t<\/div>\n\t\t","protected":false},"excerpt":{"rendered":"<p>A\u00e7\u0131klama NAK\u0130T F\u0130YAT :24.000 \u20ba TAKS\u0130TL\u0130 F\u0130YAT :28.300 \u20ba \u00dcr\u00fcn \u00d6l\u00e7\u00fcleri -90&#215;190-100&#215;200-120&#215;200 1000\u20ba fiyat fark\u0131 oluyor. \u00dcr\u00fcn \u00d6zellikleri -\u00dcr\u00fcnlerimizde,1.S\u0131n\u0131f Rus \u00c7am\u0131 kullan\u0131lmaktad\u0131r.-Kur\u015fun i\u00e7ermeyen Boya kullan\u0131lmaktad\u0131r.-\u0130stenilen renk ve \u00f6zellikte M\u00fc\u015fteriye \u00f6zel \u00fcretilmektedir.-\u0130\u00e7 yatak dahil de\u011fildir.-\u00c7ekmecesiz fiyatt\u0131r.-\u00c7ekmeceli model +5000 TL olarak de\u011fi\u015fkenlik g\u00f6stermektedir. -Nakliye fiyata dahildir.<\/p>\n","protected":false},"author":1,"featured_media":0,"parent":0,"menu_order":0,"comment_status":"closed","ping_status":"closed","template":"","meta":{"inspiro_hide_title":false,"_joinchat":[],"footnotes":""},"class_list":["post-377","page","type-page","status-publish","hentry"],"_links":{"self":[{"href":"https:\/\/sambesx.com\/index.php\/wp-json\/wp\/v2\/pages\/377","targetHints":{"allow":["GET"]}}],"collection":[{"href":"https:\/\/sambesx.com\/index.php\/wp-json\/wp\/v2\/pages"}],"about":[{"href":"https:\/\/sambesx.com\/index.php\/wp-json\/wp\/v2\/types\/page"}],"author":[{"embeddable":true,"href":"https:\/\/sambesx.com\/index.php\/wp-json\/wp\/v2\/users\/1"}],"replies":[{"embeddable":true,"href":"https:\/\/sambesx.com\/index.php\/wp-json\/wp\/v2\/comments?post=377"}],"version-history":[{"count":51,"href":"https:\/\/sambesx.com\/index.php\/wp-json\/wp\/v2\/pages\/377\/revisions"}],"predecessor-version":[{"id":3828,"href":"https:\/\/sambesx.com\/index.php\/wp-json\/wp\/v2\/pages\/377\/revisions\/3828"}],"wp:attachment":[{"href":"https:\/\/sambesx.com\/index.php\/wp-json\/wp\/v2\/media?parent=377"}],"curies":[{"name":"wp","href":"https:\/\/api.w.org\/{rel}","templated":true}]}}