{"id":333,"date":"2023-06-15T23:09:29","date_gmt":"2023-06-15T20:09:29","guid":{"rendered":"https:\/\/sambesx.com\/?page_id=333"},"modified":"2025-11-30T13:08:59","modified_gmt":"2025-11-30T10:08:59","slug":"buyuyen-besik","status":"publish","type":"page","link":"https:\/\/sambesx.com\/index.php\/buyuyen-besik\/","title":{"rendered":"B\u00fcy\u00fcyen Be\u015fik"},"content":{"rendered":"\t\t<div data-elementor-type=\"wp-page\" data-elementor-id=\"333\" class=\"elementor elementor-333\">\n\t\t\t\t\t\t<section class=\"elementor-section elementor-top-section elementor-element elementor-element-24beafc elementor-section-boxed elementor-section-height-default elementor-section-height-default\" data-id=\"24beafc\" data-element_type=\"section\" data-e-type=\"section\">\n\t\t\t\t\t\t<div class=\"elementor-container elementor-column-gap-default\">\n\t\t\t\t\t<div class=\"elementor-column elementor-col-25 elementor-top-column elementor-element elementor-element-7e72294\" data-id=\"7e72294\" data-element_type=\"column\" data-e-type=\"column\">\n\t\t\t<div class=\"elementor-widget-wrap elementor-element-populated\">\n\t\t\t\t\t\t<div class=\"elementor-element elementor-element-b95ff9b elementor-widget elementor-widget-image\" data-id=\"b95ff9b\" data-element_type=\"widget\" data-e-type=\"widget\" data-widget_type=\"image.default\">\n\t\t\t\t<div class=\"elementor-widget-container\">\n\t\t\t\t\t\t\t\t\t\t\t\t\t\t\t<img fetchpriority=\"high\" decoding=\"async\" width=\"768\" height=\"1024\" src=\"https:\/\/sambesx.com\/wp-content\/uploads\/2023\/06\/1-3-768x1024.jpg\" class=\"attachment-large size-large wp-image-336\" alt=\"\" srcset=\"https:\/\/sambesx.com\/wp-content\/uploads\/2023\/06\/1-3-768x1024.jpg 768w, https:\/\/sambesx.com\/wp-content\/uploads\/2023\/06\/1-3-225x300.jpg 225w, https:\/\/sambesx.com\/wp-content\/uploads\/2023\/06\/1-3-1152x1536.jpg 1152w, https:\/\/sambesx.com\/wp-content\/uploads\/2023\/06\/1-3.jpg 1200w\" sizes=\"100vw\" \/>\t\t\t\t\t\t\t\t\t\t\t\t\t\t\t<\/div>\n\t\t\t\t<\/div>\n\t\t\t\t\t<\/div>\n\t\t<\/div>\n\t\t\t\t<div class=\"elementor-column elementor-col-25 elementor-top-column elementor-element elementor-element-717de0f\" data-id=\"717de0f\" data-element_type=\"column\" data-e-type=\"column\">\n\t\t\t<div class=\"elementor-widget-wrap elementor-element-populated\">\n\t\t\t\t\t\t<div class=\"elementor-element elementor-element-6960ec0 elementor-widget elementor-widget-image\" data-id=\"6960ec0\" data-element_type=\"widget\" data-e-type=\"widget\" data-widget_type=\"image.default\">\n\t\t\t\t<div class=\"elementor-widget-container\">\n\t\t\t\t\t\t\t\t\t\t\t\t\t\t\t<img decoding=\"async\" width=\"768\" height=\"1024\" src=\"https:\/\/sambesx.com\/wp-content\/uploads\/2023\/06\/2-4-768x1024.jpg\" class=\"attachment-large size-large wp-image-337\" alt=\"\" srcset=\"https:\/\/sambesx.com\/wp-content\/uploads\/2023\/06\/2-4-768x1024.jpg 768w, https:\/\/sambesx.com\/wp-content\/uploads\/2023\/06\/2-4-225x300.jpg 225w, https:\/\/sambesx.com\/wp-content\/uploads\/2023\/06\/2-4-1152x1536.jpg 1152w, https:\/\/sambesx.com\/wp-content\/uploads\/2023\/06\/2-4.jpg 1200w\" sizes=\"100vw\" \/>\t\t\t\t\t\t\t\t\t\t\t\t\t\t\t<\/div>\n\t\t\t\t<\/div>\n\t\t\t\t\t<\/div>\n\t\t<\/div>\n\t\t\t\t<div class=\"elementor-column elementor-col-25 elementor-top-column elementor-element elementor-element-e122b09\" data-id=\"e122b09\" data-element_type=\"column\" data-e-type=\"column\">\n\t\t\t<div class=\"elementor-widget-wrap elementor-element-populated\">\n\t\t\t\t\t\t<div class=\"elementor-element elementor-element-0638df2 elementor-widget elementor-widget-image\" data-id=\"0638df2\" data-element_type=\"widget\" data-e-type=\"widget\" data-widget_type=\"image.default\">\n\t\t\t\t<div class=\"elementor-widget-container\">\n\t\t\t\t\t\t\t\t\t\t\t\t\t\t\t<img decoding=\"async\" width=\"576\" height=\"1024\" src=\"https:\/\/sambesx.com\/wp-content\/uploads\/2023\/06\/9fc0ad02-6c42-4605-a9c5-f427f5ae57c1-576x1024.jpg\" class=\"attachment-large size-large wp-image-338\" alt=\"\" srcset=\"https:\/\/sambesx.com\/wp-content\/uploads\/2023\/06\/9fc0ad02-6c42-4605-a9c5-f427f5ae57c1-576x1024.jpg 576w, https:\/\/sambesx.com\/wp-content\/uploads\/2023\/06\/9fc0ad02-6c42-4605-a9c5-f427f5ae57c1-169x300.jpg 169w, https:\/\/sambesx.com\/wp-content\/uploads\/2023\/06\/9fc0ad02-6c42-4605-a9c5-f427f5ae57c1-768x1365.jpg 768w, https:\/\/sambesx.com\/wp-content\/uploads\/2023\/06\/9fc0ad02-6c42-4605-a9c5-f427f5ae57c1-864x1536.jpg 864w, https:\/\/sambesx.com\/wp-content\/uploads\/2023\/06\/9fc0ad02-6c42-4605-a9c5-f427f5ae57c1.jpg 1080w\" sizes=\"100vw\" \/>\t\t\t\t\t\t\t\t\t\t\t\t\t\t\t<\/div>\n\t\t\t\t<\/div>\n\t\t\t\t\t<\/div>\n\t\t<\/div>\n\t\t\t\t<div class=\"elementor-column elementor-col-25 elementor-top-column elementor-element elementor-element-2ee4955\" data-id=\"2ee4955\" data-element_type=\"column\" data-e-type=\"column\">\n\t\t\t<div class=\"elementor-widget-wrap elementor-element-populated\">\n\t\t\t\t\t\t<div class=\"elementor-element elementor-element-5e828ac elementor-widget elementor-widget-image\" data-id=\"5e828ac\" data-element_type=\"widget\" data-e-type=\"widget\" data-widget_type=\"image.default\">\n\t\t\t\t<div class=\"elementor-widget-container\">\n\t\t\t\t\t\t\t\t\t\t\t\t\t\t\t<img loading=\"lazy\" decoding=\"async\" width=\"768\" height=\"1024\" src=\"https:\/\/sambesx.com\/wp-content\/uploads\/2023\/06\/13-1-768x1024.jpeg\" class=\"attachment-large size-large wp-image-339\" alt=\"\" srcset=\"https:\/\/sambesx.com\/wp-content\/uploads\/2023\/06\/13-1-768x1024.jpeg 768w, https:\/\/sambesx.com\/wp-content\/uploads\/2023\/06\/13-1-225x300.jpeg 225w, https:\/\/sambesx.com\/wp-content\/uploads\/2023\/06\/13-1-1152x1536.jpeg 1152w, https:\/\/sambesx.com\/wp-content\/uploads\/2023\/06\/13-1.jpeg 1536w\" sizes=\"100vw\" \/>\t\t\t\t\t\t\t\t\t\t\t\t\t\t\t<\/div>\n\t\t\t\t<\/div>\n\t\t\t\t\t<\/div>\n\t\t<\/div>\n\t\t\t\t\t<\/div>\n\t\t<\/section>\n\t\t\t\t<section class=\"elementor-section elementor-top-section elementor-element elementor-element-4599309 elementor-section-boxed elementor-section-height-default elementor-section-height-default\" data-id=\"4599309\" data-element_type=\"section\" data-e-type=\"section\">\n\t\t\t\t\t\t<div class=\"elementor-container elementor-column-gap-default\">\n\t\t\t\t\t<div class=\"elementor-column elementor-col-25 elementor-top-column elementor-element elementor-element-71c6322\" data-id=\"71c6322\" data-element_type=\"column\" data-e-type=\"column\">\n\t\t\t<div class=\"elementor-widget-wrap elementor-element-populated\">\n\t\t\t\t\t\t<div class=\"elementor-element elementor-element-76dbb6f elementor-widget elementor-widget-image\" data-id=\"76dbb6f\" data-element_type=\"widget\" data-e-type=\"widget\" data-widget_type=\"image.default\">\n\t\t\t\t<div class=\"elementor-widget-container\">\n\t\t\t\t\t\t\t\t\t\t\t\t\t\t\t<img loading=\"lazy\" decoding=\"async\" width=\"768\" height=\"1024\" src=\"https:\/\/sambesx.com\/wp-content\/uploads\/2023\/06\/54d9d451-6381-4e26-b03b-69cc9b41e91a-768x1024.jpg\" class=\"attachment-large size-large wp-image-340\" alt=\"\" srcset=\"https:\/\/sambesx.com\/wp-content\/uploads\/2023\/06\/54d9d451-6381-4e26-b03b-69cc9b41e91a-768x1024.jpg 768w, https:\/\/sambesx.com\/wp-content\/uploads\/2023\/06\/54d9d451-6381-4e26-b03b-69cc9b41e91a-225x300.jpg 225w, https:\/\/sambesx.com\/wp-content\/uploads\/2023\/06\/54d9d451-6381-4e26-b03b-69cc9b41e91a-1152x1536.jpg 1152w, https:\/\/sambesx.com\/wp-content\/uploads\/2023\/06\/54d9d451-6381-4e26-b03b-69cc9b41e91a.jpg 1536w\" sizes=\"100vw\" \/>\t\t\t\t\t\t\t\t\t\t\t\t\t\t\t<\/div>\n\t\t\t\t<\/div>\n\t\t\t\t\t<\/div>\n\t\t<\/div>\n\t\t\t\t<div class=\"elementor-column elementor-col-25 elementor-top-column elementor-element elementor-element-fcd1540\" data-id=\"fcd1540\" data-element_type=\"column\" data-e-type=\"column\">\n\t\t\t<div class=\"elementor-widget-wrap elementor-element-populated\">\n\t\t\t\t\t\t<div class=\"elementor-element elementor-element-5426aaf elementor-widget elementor-widget-image\" data-id=\"5426aaf\" data-element_type=\"widget\" data-e-type=\"widget\" data-widget_type=\"image.default\">\n\t\t\t\t<div class=\"elementor-widget-container\">\n\t\t\t\t\t\t\t\t\t\t\t\t\t\t\t<img loading=\"lazy\" decoding=\"async\" width=\"768\" height=\"1024\" src=\"https:\/\/sambesx.com\/wp-content\/uploads\/2023\/06\/390cf6ad-4813-4e3d-a401-65c0c905aa24-768x1024.jpg\" class=\"attachment-large size-large wp-image-341\" alt=\"\" srcset=\"https:\/\/sambesx.com\/wp-content\/uploads\/2023\/06\/390cf6ad-4813-4e3d-a401-65c0c905aa24-768x1024.jpg 768w, https:\/\/sambesx.com\/wp-content\/uploads\/2023\/06\/390cf6ad-4813-4e3d-a401-65c0c905aa24-225x300.jpg 225w, https:\/\/sambesx.com\/wp-content\/uploads\/2023\/06\/390cf6ad-4813-4e3d-a401-65c0c905aa24-1152x1536.jpg 1152w, https:\/\/sambesx.com\/wp-content\/uploads\/2023\/06\/390cf6ad-4813-4e3d-a401-65c0c905aa24.jpg 1536w\" sizes=\"100vw\" \/>\t\t\t\t\t\t\t\t\t\t\t\t\t\t\t<\/div>\n\t\t\t\t<\/div>\n\t\t\t\t\t<\/div>\n\t\t<\/div>\n\t\t\t\t<div class=\"elementor-column elementor-col-25 elementor-top-column elementor-element elementor-element-f7b8cb0\" data-id=\"f7b8cb0\" data-element_type=\"column\" data-e-type=\"column\">\n\t\t\t<div class=\"elementor-widget-wrap elementor-element-populated\">\n\t\t\t\t\t\t<div class=\"elementor-element elementor-element-1673430 elementor-widget elementor-widget-image\" data-id=\"1673430\" data-element_type=\"widget\" data-e-type=\"widget\" data-widget_type=\"image.default\">\n\t\t\t\t<div class=\"elementor-widget-container\">\n\t\t\t\t\t\t\t\t\t\t\t\t\t\t\t<img loading=\"lazy\" decoding=\"async\" width=\"768\" height=\"1024\" src=\"https:\/\/sambesx.com\/wp-content\/uploads\/2023\/06\/684ea88a-6222-475a-8f2f-cac7239762ce-768x1024.jpg\" class=\"attachment-large size-large wp-image-342\" alt=\"\" srcset=\"https:\/\/sambesx.com\/wp-content\/uploads\/2023\/06\/684ea88a-6222-475a-8f2f-cac7239762ce-768x1024.jpg 768w, https:\/\/sambesx.com\/wp-content\/uploads\/2023\/06\/684ea88a-6222-475a-8f2f-cac7239762ce-225x300.jpg 225w, https:\/\/sambesx.com\/wp-content\/uploads\/2023\/06\/684ea88a-6222-475a-8f2f-cac7239762ce-1152x1536.jpg 1152w, https:\/\/sambesx.com\/wp-content\/uploads\/2023\/06\/684ea88a-6222-475a-8f2f-cac7239762ce.jpg 1200w\" sizes=\"100vw\" \/>\t\t\t\t\t\t\t\t\t\t\t\t\t\t\t<\/div>\n\t\t\t\t<\/div>\n\t\t\t\t\t<\/div>\n\t\t<\/div>\n\t\t\t\t<div class=\"elementor-column elementor-col-25 elementor-top-column elementor-element elementor-element-9e50e8a\" data-id=\"9e50e8a\" data-element_type=\"column\" data-e-type=\"column\">\n\t\t\t<div class=\"elementor-widget-wrap elementor-element-populated\">\n\t\t\t\t\t\t<div class=\"elementor-element elementor-element-f727d4a elementor-widget elementor-widget-image\" data-id=\"f727d4a\" data-element_type=\"widget\" data-e-type=\"widget\" data-widget_type=\"image.default\">\n\t\t\t\t<div class=\"elementor-widget-container\">\n\t\t\t\t\t\t\t\t\t\t\t\t\t\t\t<img loading=\"lazy\" decoding=\"async\" width=\"768\" height=\"1024\" src=\"https:\/\/sambesx.com\/wp-content\/uploads\/2023\/06\/2205bb67-a2c3-49e0-a77d-1f8b60144ff3-768x1024.jpg\" class=\"attachment-large size-large wp-image-343\" alt=\"\" srcset=\"https:\/\/sambesx.com\/wp-content\/uploads\/2023\/06\/2205bb67-a2c3-49e0-a77d-1f8b60144ff3-768x1024.jpg 768w, https:\/\/sambesx.com\/wp-content\/uploads\/2023\/06\/2205bb67-a2c3-49e0-a77d-1f8b60144ff3-225x300.jpg 225w, https:\/\/sambesx.com\/wp-content\/uploads\/2023\/06\/2205bb67-a2c3-49e0-a77d-1f8b60144ff3-1152x1536.jpg 1152w, https:\/\/sambesx.com\/wp-content\/uploads\/2023\/06\/2205bb67-a2c3-49e0-a77d-1f8b60144ff3.jpg 1536w\" sizes=\"100vw\" \/>\t\t\t\t\t\t\t\t\t\t\t\t\t\t\t<\/div>\n\t\t\t\t<\/div>\n\t\t\t\t\t<\/div>\n\t\t<\/div>\n\t\t\t\t\t<\/div>\n\t\t<\/section>\n\t\t\t\t<section class=\"elementor-section elementor-top-section elementor-element elementor-element-df2f395 elementor-section-boxed elementor-section-height-default elementor-section-height-default\" data-id=\"df2f395\" data-element_type=\"section\" data-e-type=\"section\">\n\t\t\t\t\t\t<div class=\"elementor-container elementor-column-gap-default\">\n\t\t\t\t\t<div class=\"elementor-column elementor-col-25 elementor-top-column elementor-element elementor-element-f2222f8\" data-id=\"f2222f8\" data-element_type=\"column\" data-e-type=\"column\">\n\t\t\t<div class=\"elementor-widget-wrap elementor-element-populated\">\n\t\t\t\t\t\t<div class=\"elementor-element elementor-element-5646369 elementor-widget elementor-widget-image\" data-id=\"5646369\" data-element_type=\"widget\" data-e-type=\"widget\" data-widget_type=\"image.default\">\n\t\t\t\t<div class=\"elementor-widget-container\">\n\t\t\t\t\t\t\t\t\t\t\t\t\t\t\t<img loading=\"lazy\" decoding=\"async\" width=\"819\" height=\"1024\" src=\"https:\/\/sambesx.com\/wp-content\/uploads\/2023\/06\/BCFB3A5E-D619-4D72-9D7D-796607EFECA8-819x1024.jpg\" class=\"attachment-large size-large wp-image-344\" alt=\"\" srcset=\"https:\/\/sambesx.com\/wp-content\/uploads\/2023\/06\/BCFB3A5E-D619-4D72-9D7D-796607EFECA8-819x1024.jpg 819w, https:\/\/sambesx.com\/wp-content\/uploads\/2023\/06\/BCFB3A5E-D619-4D72-9D7D-796607EFECA8-240x300.jpg 240w, https:\/\/sambesx.com\/wp-content\/uploads\/2023\/06\/BCFB3A5E-D619-4D72-9D7D-796607EFECA8-768x960.jpg 768w, https:\/\/sambesx.com\/wp-content\/uploads\/2023\/06\/BCFB3A5E-D619-4D72-9D7D-796607EFECA8-1229x1536.jpg 1229w, https:\/\/sambesx.com\/wp-content\/uploads\/2023\/06\/BCFB3A5E-D619-4D72-9D7D-796607EFECA8.jpg 1536w\" sizes=\"100vw\" \/>\t\t\t\t\t\t\t\t\t\t\t\t\t\t\t<\/div>\n\t\t\t\t<\/div>\n\t\t\t\t\t<\/div>\n\t\t<\/div>\n\t\t\t\t<div class=\"elementor-column elementor-col-25 elementor-top-column elementor-element elementor-element-40a17f8\" data-id=\"40a17f8\" data-element_type=\"column\" data-e-type=\"column\">\n\t\t\t<div class=\"elementor-widget-wrap elementor-element-populated\">\n\t\t\t\t\t\t<div class=\"elementor-element elementor-element-1d65c94 elementor-widget elementor-widget-image\" data-id=\"1d65c94\" data-element_type=\"widget\" data-e-type=\"widget\" data-widget_type=\"image.default\">\n\t\t\t\t<div class=\"elementor-widget-container\">\n\t\t\t\t\t\t\t\t\t\t\t\t\t\t\t<img loading=\"lazy\" decoding=\"async\" width=\"819\" height=\"1024\" src=\"https:\/\/sambesx.com\/wp-content\/uploads\/2023\/06\/AAAAAAAA-819x1024.jpg\" class=\"attachment-large size-large wp-image-345\" alt=\"\" srcset=\"https:\/\/sambesx.com\/wp-content\/uploads\/2023\/06\/AAAAAAAA-819x1024.jpg 819w, https:\/\/sambesx.com\/wp-content\/uploads\/2023\/06\/AAAAAAAA-240x300.jpg 240w, https:\/\/sambesx.com\/wp-content\/uploads\/2023\/06\/AAAAAAAA-768x961.jpg 768w, https:\/\/sambesx.com\/wp-content\/uploads\/2023\/06\/AAAAAAAA-1228x1536.jpg 1228w, https:\/\/sambesx.com\/wp-content\/uploads\/2023\/06\/AAAAAAAA.jpg 1416w\" sizes=\"100vw\" \/>\t\t\t\t\t\t\t\t\t\t\t\t\t\t\t<\/div>\n\t\t\t\t<\/div>\n\t\t\t\t\t<\/div>\n\t\t<\/div>\n\t\t\t\t<div class=\"elementor-column elementor-col-25 elementor-top-column elementor-element elementor-element-2ae87a2\" data-id=\"2ae87a2\" data-element_type=\"column\" data-e-type=\"column\">\n\t\t\t<div class=\"elementor-widget-wrap elementor-element-populated\">\n\t\t\t\t\t\t<div class=\"elementor-element elementor-element-3554409 elementor-widget elementor-widget-image\" data-id=\"3554409\" data-element_type=\"widget\" data-e-type=\"widget\" data-widget_type=\"image.default\">\n\t\t\t\t<div class=\"elementor-widget-container\">\n\t\t\t\t\t\t\t\t\t\t\t\t\t\t\t<img loading=\"lazy\" decoding=\"async\" width=\"768\" height=\"1024\" src=\"https:\/\/sambesx.com\/wp-content\/uploads\/2023\/06\/a90c9d37-3107-48bc-aa69-5a0432066238-768x1024.jpg\" class=\"attachment-large size-large wp-image-346\" alt=\"\" srcset=\"https:\/\/sambesx.com\/wp-content\/uploads\/2023\/06\/a90c9d37-3107-48bc-aa69-5a0432066238-768x1024.jpg 768w, https:\/\/sambesx.com\/wp-content\/uploads\/2023\/06\/a90c9d37-3107-48bc-aa69-5a0432066238-225x300.jpg 225w, https:\/\/sambesx.com\/wp-content\/uploads\/2023\/06\/a90c9d37-3107-48bc-aa69-5a0432066238-1152x1536.jpg 1152w, https:\/\/sambesx.com\/wp-content\/uploads\/2023\/06\/a90c9d37-3107-48bc-aa69-5a0432066238.jpg 1536w\" sizes=\"100vw\" \/>\t\t\t\t\t\t\t\t\t\t\t\t\t\t\t<\/div>\n\t\t\t\t<\/div>\n\t\t\t\t\t<\/div>\n\t\t<\/div>\n\t\t\t\t<div class=\"elementor-column elementor-col-25 elementor-top-column elementor-element elementor-element-225b7b1\" data-id=\"225b7b1\" data-element_type=\"column\" data-e-type=\"column\">\n\t\t\t<div class=\"elementor-widget-wrap elementor-element-populated\">\n\t\t\t\t\t\t<div class=\"elementor-element elementor-element-2e1009a elementor-widget elementor-widget-image\" data-id=\"2e1009a\" data-element_type=\"widget\" data-e-type=\"widget\" data-widget_type=\"image.default\">\n\t\t\t\t<div class=\"elementor-widget-container\">\n\t\t\t\t\t\t\t\t\t\t\t\t\t\t\t<img loading=\"lazy\" decoding=\"async\" width=\"819\" height=\"1024\" src=\"https:\/\/sambesx.com\/wp-content\/uploads\/2023\/06\/AA-819x1024.jpg\" class=\"attachment-large size-large wp-image-347\" alt=\"\" srcset=\"https:\/\/sambesx.com\/wp-content\/uploads\/2023\/06\/AA-819x1024.jpg 819w, https:\/\/sambesx.com\/wp-content\/uploads\/2023\/06\/AA-240x300.jpg 240w, https:\/\/sambesx.com\/wp-content\/uploads\/2023\/06\/AA-768x960.jpg 768w, https:\/\/sambesx.com\/wp-content\/uploads\/2023\/06\/AA-1229x1536.jpg 1229w, https:\/\/sambesx.com\/wp-content\/uploads\/2023\/06\/AA.jpg 1280w\" sizes=\"100vw\" \/>\t\t\t\t\t\t\t\t\t\t\t\t\t\t\t<\/div>\n\t\t\t\t<\/div>\n\t\t\t\t\t<\/div>\n\t\t<\/div>\n\t\t\t\t\t<\/div>\n\t\t<\/section>\n\t\t\t\t<section class=\"elementor-section elementor-top-section elementor-element elementor-element-b7a8254 elementor-section-boxed elementor-section-height-default elementor-section-height-default\" data-id=\"b7a8254\" data-element_type=\"section\" data-e-type=\"section\">\n\t\t\t\t\t\t<div class=\"elementor-container elementor-column-gap-default\">\n\t\t\t\t\t<div class=\"elementor-column elementor-col-100 elementor-top-column elementor-element elementor-element-2f3ebb1\" data-id=\"2f3ebb1\" data-element_type=\"column\" data-e-type=\"column\">\n\t\t\t<div class=\"elementor-widget-wrap elementor-element-populated\">\n\t\t\t\t\t\t<div class=\"elementor-element elementor-element-cdaf5fd elementor-widget elementor-widget-spacer\" data-id=\"cdaf5fd\" data-element_type=\"widget\" data-e-type=\"widget\" data-widget_type=\"spacer.default\">\n\t\t\t\t<div class=\"elementor-widget-container\">\n\t\t\t\t\t\t\t<div class=\"elementor-spacer\">\n\t\t\t<div class=\"elementor-spacer-inner\"><\/div>\n\t\t<\/div>\n\t\t\t\t\t\t<\/div>\n\t\t\t\t<\/div>\n\t\t\t\t\t<\/div>\n\t\t<\/div>\n\t\t\t\t\t<\/div>\n\t\t<\/section>\n\t\t\t\t<section class=\"elementor-section elementor-top-section elementor-element elementor-element-0a82bc7 elementor-section-boxed elementor-section-height-default elementor-section-height-default\" data-id=\"0a82bc7\" data-element_type=\"section\" data-e-type=\"section\">\n\t\t\t\t\t\t<div class=\"elementor-container elementor-column-gap-default\">\n\t\t\t\t\t<div class=\"elementor-column elementor-col-100 elementor-top-column elementor-element elementor-element-2eef920\" data-id=\"2eef920\" data-element_type=\"column\" data-e-type=\"column\">\n\t\t\t<div class=\"elementor-widget-wrap elementor-element-populated\">\n\t\t\t\t\t\t<div class=\"elementor-element elementor-element-636fa63 elementor-widget elementor-widget-heading\" data-id=\"636fa63\" data-element_type=\"widget\" data-e-type=\"widget\" data-widget_type=\"heading.default\">\n\t\t\t\t<div class=\"elementor-widget-container\">\n\t\t\t\t\t<h2 class=\"elementor-heading-title elementor-size-default\">A\u00e7\u0131klama<\/h2>\t\t\t\t<\/div>\n\t\t\t\t<\/div>\n\t\t\t\t\t<\/div>\n\t\t<\/div>\n\t\t\t\t\t<\/div>\n\t\t<\/section>\n\t\t\t\t<section class=\"elementor-section elementor-top-section elementor-element elementor-element-2cfc5f7 elementor-section-boxed elementor-section-height-default elementor-section-height-default\" data-id=\"2cfc5f7\" data-element_type=\"section\" data-e-type=\"section\">\n\t\t\t\t\t\t<div class=\"elementor-container elementor-column-gap-default\">\n\t\t\t\t\t<div class=\"elementor-column elementor-col-100 elementor-top-column elementor-element elementor-element-db86168\" data-id=\"db86168\" data-element_type=\"column\" data-e-type=\"column\">\n\t\t\t<div class=\"elementor-widget-wrap elementor-element-populated\">\n\t\t\t\t\t\t<div class=\"elementor-element elementor-element-65d6828 elementor-widget elementor-widget-heading\" data-id=\"65d6828\" data-element_type=\"widget\" data-e-type=\"widget\" data-widget_type=\"heading.default\">\n\t\t\t\t<div class=\"elementor-widget-container\">\n\t\t\t\t\t<h2 class=\"elementor-heading-title elementor-size-medium\">NAK\u0130T F\u0130YAT :20.400 \u20ba\n<br>TAKS\u0130TL\u0130 F\u0130YAT :24.000 \u20ba<\/h2>\t\t\t\t<\/div>\n\t\t\t\t<\/div>\n\t\t\t\t\t<\/div>\n\t\t<\/div>\n\t\t\t\t\t<\/div>\n\t\t<\/section>\n\t\t\t\t<section class=\"elementor-section elementor-top-section elementor-element elementor-element-9591f5d elementor-section-boxed elementor-section-height-default elementor-section-height-default\" data-id=\"9591f5d\" data-element_type=\"section\" data-e-type=\"section\">\n\t\t\t\t\t\t<div class=\"elementor-container elementor-column-gap-default\">\n\t\t\t\t\t<div class=\"elementor-column elementor-col-100 elementor-top-column elementor-element elementor-element-9b4790d\" data-id=\"9b4790d\" data-element_type=\"column\" data-e-type=\"column\">\n\t\t\t<div class=\"elementor-widget-wrap elementor-element-populated\">\n\t\t\t\t\t\t<div class=\"elementor-element elementor-element-2350b28 elementor-widget elementor-widget-text-editor\" data-id=\"2350b28\" data-element_type=\"widget\" data-e-type=\"widget\" data-widget_type=\"text-editor.default\">\n\t\t\t\t<div class=\"elementor-widget-container\">\n\t\t\t\t\t\t\t\t\t<h4><u>\u00dcr\u00fcn \u00d6l\u00e7\u00fclerimiz<\/u><\/h4><h4>\u00a0<\/h4><h4>90&#215;115<\/h4><h4>90&#215;190<\/h4><h4>\u00a0<\/h4><h4><u>B\u00fcy\u00fcyen Be\u015fik \u00dcr\u00fcn \u00d6zellikleri<\/u><\/h4><h4>\u00a0<\/h4><h4>-K\u00fc\u00e7\u00fck Hali: 90&#215;115 cm<\/h4><h4>-B\u00fcy\u00fck Hali: 90&#215;190 cm<\/h4><h4>-Ayak Y\u00fcksekli\u011fi: 23 cm<\/h4><h4>-Yataktan Sonra Koruma Y\u00fcksekli\u011fi: 45 cm<\/h4><h4>-\u0130\u00e7 Yatak Kal\u0131nl\u0131\u011f\u0131: 23 cm<\/h4><h4>-Toplam Y\u00fckseklik: 93 cm<\/h4><h4>\u00a0<\/h4><h4><u>\u00dcr\u00fcn \u00d6zellikleri<\/u><\/h4><h4>\u00a0<\/h4><h4>-\u00dcr\u00fcnlerimizde, 1.S\u0131n\u0131f Rus \u00c7am\u0131 ve 1.S\u0131n\u0131f Mdf kullan\u0131lm\u0131\u015f olup kur\u015funsuz boya kullan\u0131lm\u0131\u015ft\u0131r.<\/h4><h4>Bebek ile B\u00fcy\u00fcyen Be\u015fik tasar\u0131m\u0131<\/h4><h4>-Do\u011fumdan 190 cm&#8217;e kadar (yakla\u015f\u0131k 15 ya\u015f) uzun kullan\u0131m \u00f6mr\u00fc.Bebe\u011fin G\u00fcvenli\u011fi \u00f6n planda tutan tasar\u0131m ve ayr\u0131nt\u0131lar,Yuvarlat\u0131lm\u0131\u015f hatlar g\u00fcvenli\u011fe destek<\/h4><h4>\u00a0-Ek Par\u00e7aya Gerek Duymadan 115 den 190 cm&#8217;e kadar b\u00fcy\u00fcr<\/h4><h4>\u00a0-Do\u011fumdan 15 ya\u015fa (190 cm max)<\/h4><h4>-Be\u015fik \u00f6l\u00e7\u00fcleri 90&#215;115 cm<\/h4><h4>-Uzat\u0131ld\u0131\u011f\u0131nda 90&#215;190 cm<\/h4>\t\t\t\t\t\t\t\t<\/div>\n\t\t\t\t<\/div>\n\t\t\t\t\t<\/div>\n\t\t<\/div>\n\t\t\t\t\t<\/div>\n\t\t<\/section>\n\t\t\t\t<\/div>\n\t\t","protected":false},"excerpt":{"rendered":"<p>A\u00e7\u0131klama NAK\u0130T F\u0130YAT :20.400 \u20ba TAKS\u0130TL\u0130 F\u0130YAT :24.000 \u20ba \u00dcr\u00fcn \u00d6l\u00e7\u00fclerimiz \u00a0 90&#215;115 90&#215;190 \u00a0 B\u00fcy\u00fcyen Be\u015fik \u00dcr\u00fcn \u00d6zellikleri \u00a0 -K\u00fc\u00e7\u00fck Hali: 90&#215;115 cm -B\u00fcy\u00fck Hali: 90&#215;190 cm -Ayak Y\u00fcksekli\u011fi: 23 cm -Yataktan Sonra Koruma Y\u00fcksekli\u011fi: 45 cm -\u0130\u00e7 Yatak Kal\u0131nl\u0131\u011f\u0131: 23 cm -Toplam Y\u00fckseklik: 93 cm \u00a0 \u00dcr\u00fcn \u00d6zellikleri \u00a0 -\u00dcr\u00fcnlerimizde, 1.S\u0131n\u0131f Rus \u00c7am\u0131 &hellip; <\/p>\n<p class=\"link-more\"><a href=\"https:\/\/sambesx.com\/index.php\/buyuyen-besik\/\" class=\"more-link\">Read more<span class=\"screen-reader-text\"> &#8220;B\u00fcy\u00fcyen Be\u015fik&#8221;<\/span><\/a><\/p>\n","protected":false},"author":1,"featured_media":0,"parent":0,"menu_order":0,"comment_status":"closed","ping_status":"closed","template":"","meta":{"inspiro_hide_title":false,"_joinchat":[],"footnotes":""},"class_list":["post-333","page","type-page","status-publish","hentry"],"_links":{"self":[{"href":"https:\/\/sambesx.com\/index.php\/wp-json\/wp\/v2\/pages\/333","targetHints":{"allow":["GET"]}}],"collection":[{"href":"https:\/\/sambesx.com\/index.php\/wp-json\/wp\/v2\/pages"}],"about":[{"href":"https:\/\/sambesx.com\/index.php\/wp-json\/wp\/v2\/types\/page"}],"author":[{"embeddable":true,"href":"https:\/\/sambesx.com\/index.php\/wp-json\/wp\/v2\/users\/1"}],"replies":[{"embeddable":true,"href":"https:\/\/sambesx.com\/index.php\/wp-json\/wp\/v2\/comments?post=333"}],"version-history":[{"count":48,"href":"https:\/\/sambesx.com\/index.php\/wp-json\/wp\/v2\/pages\/333\/revisions"}],"predecessor-version":[{"id":3822,"href":"https:\/\/sambesx.com\/index.php\/wp-json\/wp\/v2\/pages\/333\/revisions\/3822"}],"wp:attachment":[{"href":"https:\/\/sambesx.com\/index.php\/wp-json\/wp\/v2\/media?parent=333"}],"curies":[{"name":"wp","href":"https:\/\/api.w.org\/{rel}","templated":true}]}}