{"id":255,"date":"2023-06-15T22:32:04","date_gmt":"2023-06-15T19:32:04","guid":{"rendered":"https:\/\/sambesx.com\/?page_id=255"},"modified":"2025-11-30T10:48:59","modified_gmt":"2025-11-30T07:48:59","slug":"model-8","status":"publish","type":"page","link":"https:\/\/sambesx.com\/index.php\/model-8\/","title":{"rendered":"Model-8"},"content":{"rendered":"\t\t<div data-elementor-type=\"wp-page\" data-elementor-id=\"255\" class=\"elementor elementor-255\">\n\t\t\t\t\t\t<section class=\"elementor-section elementor-top-section elementor-element elementor-element-2db21af elementor-section-boxed elementor-section-height-default elementor-section-height-default\" data-id=\"2db21af\" data-element_type=\"section\" data-e-type=\"section\">\n\t\t\t\t\t\t<div class=\"elementor-container elementor-column-gap-default\">\n\t\t\t\t\t<div class=\"elementor-column elementor-col-33 elementor-top-column elementor-element elementor-element-f170ed5\" data-id=\"f170ed5\" data-element_type=\"column\" data-e-type=\"column\">\n\t\t\t<div class=\"elementor-widget-wrap elementor-element-populated\">\n\t\t\t\t\t\t<div class=\"elementor-element elementor-element-d386818 elementor-widget elementor-widget-image\" data-id=\"d386818\" data-element_type=\"widget\" data-e-type=\"widget\" data-widget_type=\"image.default\">\n\t\t\t\t<div class=\"elementor-widget-container\">\n\t\t\t\t\t\t\t\t\t\t\t\t\t\t\t<img fetchpriority=\"high\" decoding=\"async\" width=\"768\" height=\"1024\" src=\"https:\/\/sambesx.com\/wp-content\/uploads\/2023\/06\/1-1-768x1024.jpg\" class=\"attachment-large size-large wp-image-257\" alt=\"\" srcset=\"https:\/\/sambesx.com\/wp-content\/uploads\/2023\/06\/1-1-768x1024.jpg 768w, https:\/\/sambesx.com\/wp-content\/uploads\/2023\/06\/1-1-225x300.jpg 225w, https:\/\/sambesx.com\/wp-content\/uploads\/2023\/06\/1-1-1152x1536.jpg 1152w, https:\/\/sambesx.com\/wp-content\/uploads\/2023\/06\/1-1.jpg 1536w\" sizes=\"100vw\" \/>\t\t\t\t\t\t\t\t\t\t\t\t\t\t\t<\/div>\n\t\t\t\t<\/div>\n\t\t\t\t\t<\/div>\n\t\t<\/div>\n\t\t\t\t<div class=\"elementor-column elementor-col-33 elementor-top-column elementor-element elementor-element-d30d6e3\" data-id=\"d30d6e3\" data-element_type=\"column\" data-e-type=\"column\">\n\t\t\t<div class=\"elementor-widget-wrap elementor-element-populated\">\n\t\t\t\t\t\t<div class=\"elementor-element elementor-element-983492f elementor-widget elementor-widget-image\" data-id=\"983492f\" data-element_type=\"widget\" data-e-type=\"widget\" data-widget_type=\"image.default\">\n\t\t\t\t<div class=\"elementor-widget-container\">\n\t\t\t\t\t\t\t\t\t\t\t\t\t\t\t<img decoding=\"async\" width=\"768\" height=\"1024\" src=\"https:\/\/sambesx.com\/wp-content\/uploads\/2023\/06\/2-768x1024.jpg\" class=\"attachment-large size-large wp-image-258\" alt=\"\" srcset=\"https:\/\/sambesx.com\/wp-content\/uploads\/2023\/06\/2-768x1024.jpg 768w, https:\/\/sambesx.com\/wp-content\/uploads\/2023\/06\/2-225x300.jpg 225w, https:\/\/sambesx.com\/wp-content\/uploads\/2023\/06\/2-1152x1536.jpg 1152w, https:\/\/sambesx.com\/wp-content\/uploads\/2023\/06\/2.jpg 1536w\" sizes=\"100vw\" \/>\t\t\t\t\t\t\t\t\t\t\t\t\t\t\t<\/div>\n\t\t\t\t<\/div>\n\t\t\t\t\t<\/div>\n\t\t<\/div>\n\t\t\t\t<div class=\"elementor-column elementor-col-33 elementor-top-column elementor-element elementor-element-2929f54\" data-id=\"2929f54\" data-element_type=\"column\" data-e-type=\"column\">\n\t\t\t<div class=\"elementor-widget-wrap elementor-element-populated\">\n\t\t\t\t\t\t<div class=\"elementor-element elementor-element-6ad23ac elementor-widget elementor-widget-image\" data-id=\"6ad23ac\" data-element_type=\"widget\" data-e-type=\"widget\" data-widget_type=\"image.default\">\n\t\t\t\t<div class=\"elementor-widget-container\">\n\t\t\t\t\t\t\t\t\t\t\t\t\t\t\t<img decoding=\"async\" width=\"768\" height=\"1024\" src=\"https:\/\/sambesx.com\/wp-content\/uploads\/2023\/06\/3-768x1024.jpg\" class=\"attachment-large size-large wp-image-260\" alt=\"\" srcset=\"https:\/\/sambesx.com\/wp-content\/uploads\/2023\/06\/3-768x1024.jpg 768w, https:\/\/sambesx.com\/wp-content\/uploads\/2023\/06\/3-225x300.jpg 225w, https:\/\/sambesx.com\/wp-content\/uploads\/2023\/06\/3-1152x1536.jpg 1152w, https:\/\/sambesx.com\/wp-content\/uploads\/2023\/06\/3.jpg 1536w\" sizes=\"100vw\" \/>\t\t\t\t\t\t\t\t\t\t\t\t\t\t\t<\/div>\n\t\t\t\t<\/div>\n\t\t\t\t\t<\/div>\n\t\t<\/div>\n\t\t\t\t\t<\/div>\n\t\t<\/section>\n\t\t\t\t<section class=\"elementor-section elementor-top-section elementor-element elementor-element-7980fab elementor-section-boxed elementor-section-height-default elementor-section-height-default\" data-id=\"7980fab\" data-element_type=\"section\" data-e-type=\"section\">\n\t\t\t\t\t\t<div class=\"elementor-container elementor-column-gap-default\">\n\t\t\t\t\t<div class=\"elementor-column elementor-col-33 elementor-top-column elementor-element elementor-element-965a5dc\" data-id=\"965a5dc\" data-element_type=\"column\" data-e-type=\"column\">\n\t\t\t<div class=\"elementor-widget-wrap elementor-element-populated\">\n\t\t\t\t\t\t<div class=\"elementor-element elementor-element-a59e44b elementor-widget elementor-widget-image\" data-id=\"a59e44b\" data-element_type=\"widget\" data-e-type=\"widget\" data-widget_type=\"image.default\">\n\t\t\t\t<div class=\"elementor-widget-container\">\n\t\t\t\t\t\t\t\t\t\t\t\t\t\t\t<img loading=\"lazy\" decoding=\"async\" width=\"768\" height=\"1024\" src=\"https:\/\/sambesx.com\/wp-content\/uploads\/2023\/06\/4-2-768x1024.jpg\" class=\"attachment-large size-large wp-image-261\" alt=\"\" srcset=\"https:\/\/sambesx.com\/wp-content\/uploads\/2023\/06\/4-2-768x1024.jpg 768w, https:\/\/sambesx.com\/wp-content\/uploads\/2023\/06\/4-2-225x300.jpg 225w, https:\/\/sambesx.com\/wp-content\/uploads\/2023\/06\/4-2-1152x1536.jpg 1152w, https:\/\/sambesx.com\/wp-content\/uploads\/2023\/06\/4-2.jpg 1200w\" sizes=\"100vw\" \/>\t\t\t\t\t\t\t\t\t\t\t\t\t\t\t<\/div>\n\t\t\t\t<\/div>\n\t\t\t\t\t<\/div>\n\t\t<\/div>\n\t\t\t\t<div class=\"elementor-column elementor-col-33 elementor-top-column elementor-element elementor-element-bef703c\" data-id=\"bef703c\" data-element_type=\"column\" data-e-type=\"column\">\n\t\t\t<div class=\"elementor-widget-wrap\">\n\t\t\t\t\t\t\t<\/div>\n\t\t<\/div>\n\t\t\t\t<div class=\"elementor-column elementor-col-33 elementor-top-column elementor-element elementor-element-da15ba1\" data-id=\"da15ba1\" data-element_type=\"column\" data-e-type=\"column\">\n\t\t\t<div class=\"elementor-widget-wrap\">\n\t\t\t\t\t\t\t<\/div>\n\t\t<\/div>\n\t\t\t\t\t<\/div>\n\t\t<\/section>\n\t\t\t\t<section class=\"elementor-section elementor-top-section elementor-element elementor-element-3219172 elementor-section-boxed elementor-section-height-default elementor-section-height-default\" data-id=\"3219172\" data-element_type=\"section\" data-e-type=\"section\">\n\t\t\t\t\t\t<div class=\"elementor-container elementor-column-gap-default\">\n\t\t\t\t\t<div class=\"elementor-column elementor-col-100 elementor-top-column elementor-element elementor-element-75ff29f\" data-id=\"75ff29f\" data-element_type=\"column\" data-e-type=\"column\">\n\t\t\t<div class=\"elementor-widget-wrap elementor-element-populated\">\n\t\t\t\t\t\t<div class=\"elementor-element elementor-element-144c748 elementor-widget elementor-widget-heading\" data-id=\"144c748\" data-element_type=\"widget\" data-e-type=\"widget\" data-widget_type=\"heading.default\">\n\t\t\t\t<div class=\"elementor-widget-container\">\n\t\t\t\t\t<h2 class=\"elementor-heading-title elementor-size-default\">TAKS\u0130TL\u0130 F\u0130YATI : 52.900\u20ba\n\n<br>NAK\u0130T F\u0130YATI : 45.000\u20ba<\/h2>\t\t\t\t<\/div>\n\t\t\t\t<\/div>\n\t\t\t\t\t<\/div>\n\t\t<\/div>\n\t\t\t\t\t<\/div>\n\t\t<\/section>\n\t\t\t\t<section class=\"elementor-section elementor-top-section elementor-element elementor-element-1f98471 elementor-section-boxed elementor-section-height-default elementor-section-height-default\" data-id=\"1f98471\" data-element_type=\"section\" data-e-type=\"section\">\n\t\t\t\t\t\t<div class=\"elementor-container elementor-column-gap-default\">\n\t\t\t\t\t<div class=\"elementor-column elementor-col-100 elementor-top-column elementor-element elementor-element-08f229a\" data-id=\"08f229a\" data-element_type=\"column\" data-e-type=\"column\">\n\t\t\t<div class=\"elementor-widget-wrap elementor-element-populated\">\n\t\t\t\t\t\t<div class=\"elementor-element elementor-element-c7d53d8 elementor-widget elementor-widget-text-editor\" data-id=\"c7d53d8\" data-element_type=\"widget\" data-e-type=\"widget\" data-widget_type=\"text-editor.default\">\n\t\t\t\t<div class=\"elementor-widget-container\">\n\t\t\t\t\t\t\t\t\t<h3 style=\"padding-top: 0.625em;\"><u>\u00dcr\u00fcn \u00d6l\u00e7\u00fcleri;<\/u><\/h3>\n<h5>Y\u00fckseklik :210 cm<\/h5>\n<h4 style=\"font-size: 16px;\">Geni\u015flik&nbsp; &nbsp;:120-130-140-150&nbsp; cm<\/h4>\n<h4 style=\"font-size: 16px;\">Derinlik&nbsp; &nbsp;:50 cm<\/h4>\n<h3><u>\u00dcr\u00fcn \u00d6zellikleri<\/u><\/h3>\n<h4 style=\"font-size: 16px;\">-\u00dcr\u00fcnlerimizde 18mm&nbsp;<u>1.S\u0131n\u0131f Mdf&nbsp;v<\/u>e kur\u015fun i\u00e7ermeyen Lake boya kullan\u0131lm\u0131\u015ft\u0131r.<p><\/p>\n<p>-i\u00e7 ve d\u0131\u015f olmak \u00fczere tamam\u0131 boyal\u0131d\u0131r.<\/p>\n<p>-Kullan\u0131lan Boya \u00e7ocuk sa\u011fl\u0131\u011f\u0131 \u00f6n planda tutularak se\u00e7ilmi\u015f 1.s\u0131n\u0131f Poli\u00fcretan Lake Boyad\u0131r.<\/p>\n<p>-Kapak ve \u00c7ekmecelerinde 1.s\u0131n\u0131f frenli ray, mente\u015fe sistemi mevcuttur.<\/p>\n<\/h4>\n<h4 style=\"font-size: 16px;\">-Kapak say\u0131s\u0131 <u>4<\/u>&nbsp;adet<\/h4>\n<h4 style=\"font-size: 16px;\">-\u00c7ekmece say\u0131s\u0131 2 adet<\/h4>\n<h4 style=\"font-size: 16px;\">-Nakliye Fiyata Dahildir.<br><br>-T\u00fcrkiye&#8217;nin her iline nakliye hizmetimiz vard\u0131r.<\/h4>\n<div><br><\/div>\t\t\t\t\t\t\t\t<\/div>\n\t\t\t\t<\/div>\n\t\t\t\t\t<\/div>\n\t\t<\/div>\n\t\t\t\t\t<\/div>\n\t\t<\/section>\n\t\t\t\t<\/div>\n\t\t","protected":false},"excerpt":{"rendered":"<p>TAKS\u0130TL\u0130 F\u0130YATI : 52.900\u20ba NAK\u0130T F\u0130YATI : 45.000\u20ba \u00dcr\u00fcn \u00d6l\u00e7\u00fcleri; Y\u00fckseklik :210 cm Geni\u015flik&nbsp; &nbsp;:120-130-140-150&nbsp; cm Derinlik&nbsp; &nbsp;:50 cm \u00dcr\u00fcn \u00d6zellikleri -\u00dcr\u00fcnlerimizde 18mm&nbsp;1.S\u0131n\u0131f Mdf&nbsp;ve kur\u015fun i\u00e7ermeyen Lake boya kullan\u0131lm\u0131\u015ft\u0131r. -i\u00e7 ve d\u0131\u015f olmak \u00fczere tamam\u0131 boyal\u0131d\u0131r. -Kullan\u0131lan Boya \u00e7ocuk sa\u011fl\u0131\u011f\u0131 \u00f6n planda tutularak se\u00e7ilmi\u015f 1.s\u0131n\u0131f Poli\u00fcretan Lake Boyad\u0131r. -Kapak ve \u00c7ekmecelerinde 1.s\u0131n\u0131f frenli ray, mente\u015fe &hellip; <\/p>\n<p class=\"link-more\"><a href=\"https:\/\/sambesx.com\/index.php\/model-8\/\" class=\"more-link\">Read more<span class=\"screen-reader-text\"> &#8220;Model-8&#8221;<\/span><\/a><\/p>\n","protected":false},"author":1,"featured_media":0,"parent":0,"menu_order":0,"comment_status":"closed","ping_status":"closed","template":"","meta":{"inspiro_hide_title":false,"_joinchat":[],"footnotes":""},"class_list":["post-255","page","type-page","status-publish","hentry"],"_links":{"self":[{"href":"https:\/\/sambesx.com\/index.php\/wp-json\/wp\/v2\/pages\/255","targetHints":{"allow":["GET"]}}],"collection":[{"href":"https:\/\/sambesx.com\/index.php\/wp-json\/wp\/v2\/pages"}],"about":[{"href":"https:\/\/sambesx.com\/index.php\/wp-json\/wp\/v2\/types\/page"}],"author":[{"embeddable":true,"href":"https:\/\/sambesx.com\/index.php\/wp-json\/wp\/v2\/users\/1"}],"replies":[{"embeddable":true,"href":"https:\/\/sambesx.com\/index.php\/wp-json\/wp\/v2\/comments?post=255"}],"version-history":[{"count":54,"href":"https:\/\/sambesx.com\/index.php\/wp-json\/wp\/v2\/pages\/255\/revisions"}],"predecessor-version":[{"id":3755,"href":"https:\/\/sambesx.com\/index.php\/wp-json\/wp\/v2\/pages\/255\/revisions\/3755"}],"wp:attachment":[{"href":"https:\/\/sambesx.com\/index.php\/wp-json\/wp\/v2\/media?parent=255"}],"curies":[{"name":"wp","href":"https:\/\/api.w.org\/{rel}","templated":true}]}}