{"id":241,"date":"2023-06-15T22:29:53","date_gmt":"2023-06-15T19:29:53","guid":{"rendered":"https:\/\/sambesx.com\/?page_id=241"},"modified":"2025-11-30T10:46:27","modified_gmt":"2025-11-30T07:46:27","slug":"model-7","status":"publish","type":"page","link":"https:\/\/sambesx.com\/index.php\/model-7\/","title":{"rendered":"Model-7"},"content":{"rendered":"\t\t<div data-elementor-type=\"wp-page\" data-elementor-id=\"241\" class=\"elementor elementor-241\">\n\t\t\t\t\t\t<section class=\"elementor-section elementor-top-section elementor-element elementor-element-ad2d8b2 elementor-section-boxed elementor-section-height-default elementor-section-height-default\" data-id=\"ad2d8b2\" data-element_type=\"section\" data-e-type=\"section\">\n\t\t\t\t\t\t<div class=\"elementor-container elementor-column-gap-default\">\n\t\t\t\t\t<div class=\"elementor-column elementor-col-50 elementor-top-column elementor-element elementor-element-014d570\" data-id=\"014d570\" data-element_type=\"column\" data-e-type=\"column\">\n\t\t\t<div class=\"elementor-widget-wrap elementor-element-populated\">\n\t\t\t\t\t\t<div class=\"elementor-element elementor-element-3a392c7 elementor-widget elementor-widget-image\" data-id=\"3a392c7\" data-element_type=\"widget\" data-e-type=\"widget\" data-widget_type=\"image.default\">\n\t\t\t\t<div class=\"elementor-widget-container\">\n\t\t\t\t\t\t\t\t\t\t\t\t\t\t\t<img fetchpriority=\"high\" decoding=\"async\" width=\"768\" height=\"1024\" src=\"https:\/\/sambesx.com\/wp-content\/uploads\/2023\/06\/1-1-768x1024.jpeg\" class=\"attachment-large size-large wp-image-243\" alt=\"\" srcset=\"https:\/\/sambesx.com\/wp-content\/uploads\/2023\/06\/1-1-768x1024.jpeg 768w, https:\/\/sambesx.com\/wp-content\/uploads\/2023\/06\/1-1-225x300.jpeg 225w, https:\/\/sambesx.com\/wp-content\/uploads\/2023\/06\/1-1-1152x1536.jpeg 1152w, https:\/\/sambesx.com\/wp-content\/uploads\/2023\/06\/1-1.jpeg 1536w\" sizes=\"100vw\" \/>\t\t\t\t\t\t\t\t\t\t\t\t\t\t\t<\/div>\n\t\t\t\t<\/div>\n\t\t\t\t\t<\/div>\n\t\t<\/div>\n\t\t\t\t<div class=\"elementor-column elementor-col-50 elementor-top-column elementor-element elementor-element-194c4fd\" data-id=\"194c4fd\" data-element_type=\"column\" data-e-type=\"column\">\n\t\t\t<div class=\"elementor-widget-wrap elementor-element-populated\">\n\t\t\t\t\t\t<div class=\"elementor-element elementor-element-a2365d5 elementor-widget elementor-widget-image\" data-id=\"a2365d5\" data-element_type=\"widget\" data-e-type=\"widget\" data-widget_type=\"image.default\">\n\t\t\t\t<div class=\"elementor-widget-container\">\n\t\t\t\t\t\t\t\t\t\t\t\t\t\t\t<img decoding=\"async\" width=\"768\" height=\"1024\" src=\"https:\/\/sambesx.com\/wp-content\/uploads\/2023\/06\/2-4-768x1024.jpeg\" class=\"attachment-large size-large wp-image-244\" alt=\"\" srcset=\"https:\/\/sambesx.com\/wp-content\/uploads\/2023\/06\/2-4-768x1024.jpeg 768w, https:\/\/sambesx.com\/wp-content\/uploads\/2023\/06\/2-4-225x300.jpeg 225w, https:\/\/sambesx.com\/wp-content\/uploads\/2023\/06\/2-4-1152x1536.jpeg 1152w, https:\/\/sambesx.com\/wp-content\/uploads\/2023\/06\/2-4.jpeg 1536w\" sizes=\"100vw\" \/>\t\t\t\t\t\t\t\t\t\t\t\t\t\t\t<\/div>\n\t\t\t\t<\/div>\n\t\t\t\t\t<\/div>\n\t\t<\/div>\n\t\t\t\t\t<\/div>\n\t\t<\/section>\n\t\t\t\t<section class=\"elementor-section elementor-top-section elementor-element elementor-element-d923d56 elementor-section-boxed elementor-section-height-default elementor-section-height-default\" data-id=\"d923d56\" data-element_type=\"section\" data-e-type=\"section\">\n\t\t\t\t\t\t<div class=\"elementor-container elementor-column-gap-default\">\n\t\t\t\t\t<div class=\"elementor-column elementor-col-50 elementor-top-column elementor-element elementor-element-9ed2d66\" data-id=\"9ed2d66\" data-element_type=\"column\" data-e-type=\"column\">\n\t\t\t<div class=\"elementor-widget-wrap elementor-element-populated\">\n\t\t\t\t\t\t<div class=\"elementor-element elementor-element-6d76a6f elementor-widget elementor-widget-image\" data-id=\"6d76a6f\" data-element_type=\"widget\" data-e-type=\"widget\" data-widget_type=\"image.default\">\n\t\t\t\t<div class=\"elementor-widget-container\">\n\t\t\t\t\t\t\t\t\t\t\t\t\t\t\t<img decoding=\"async\" width=\"768\" height=\"1024\" src=\"https:\/\/sambesx.com\/wp-content\/uploads\/2023\/06\/3-768x1024.jpeg\" class=\"attachment-large size-large wp-image-245\" alt=\"\" srcset=\"https:\/\/sambesx.com\/wp-content\/uploads\/2023\/06\/3-768x1024.jpeg 768w, https:\/\/sambesx.com\/wp-content\/uploads\/2023\/06\/3-225x300.jpeg 225w, https:\/\/sambesx.com\/wp-content\/uploads\/2023\/06\/3-1152x1536.jpeg 1152w, https:\/\/sambesx.com\/wp-content\/uploads\/2023\/06\/3.jpeg 1536w\" sizes=\"100vw\" \/>\t\t\t\t\t\t\t\t\t\t\t\t\t\t\t<\/div>\n\t\t\t\t<\/div>\n\t\t\t\t\t<\/div>\n\t\t<\/div>\n\t\t\t\t<div class=\"elementor-column elementor-col-50 elementor-top-column elementor-element elementor-element-01e4d20\" data-id=\"01e4d20\" data-element_type=\"column\" data-e-type=\"column\">\n\t\t\t<div class=\"elementor-widget-wrap elementor-element-populated\">\n\t\t\t\t\t\t<div class=\"elementor-element elementor-element-b5cff2a elementor-widget elementor-widget-image\" data-id=\"b5cff2a\" data-element_type=\"widget\" data-e-type=\"widget\" data-widget_type=\"image.default\">\n\t\t\t\t<div class=\"elementor-widget-container\">\n\t\t\t\t\t\t\t\t\t\t\t\t\t\t\t<img loading=\"lazy\" decoding=\"async\" width=\"768\" height=\"1024\" src=\"https:\/\/sambesx.com\/wp-content\/uploads\/2023\/06\/4-1-768x1024.jpeg\" class=\"attachment-large size-large wp-image-246\" alt=\"\" srcset=\"https:\/\/sambesx.com\/wp-content\/uploads\/2023\/06\/4-1-768x1024.jpeg 768w, https:\/\/sambesx.com\/wp-content\/uploads\/2023\/06\/4-1-225x300.jpeg 225w, https:\/\/sambesx.com\/wp-content\/uploads\/2023\/06\/4-1-1152x1536.jpeg 1152w, https:\/\/sambesx.com\/wp-content\/uploads\/2023\/06\/4-1.jpeg 1536w\" sizes=\"100vw\" \/>\t\t\t\t\t\t\t\t\t\t\t\t\t\t\t<\/div>\n\t\t\t\t<\/div>\n\t\t\t\t\t<\/div>\n\t\t<\/div>\n\t\t\t\t\t<\/div>\n\t\t<\/section>\n\t\t\t\t<section class=\"elementor-section elementor-top-section elementor-element elementor-element-1f35c03 elementor-section-boxed elementor-section-height-default elementor-section-height-default\" data-id=\"1f35c03\" data-element_type=\"section\" data-e-type=\"section\">\n\t\t\t\t\t\t<div class=\"elementor-container elementor-column-gap-default\">\n\t\t\t\t\t<div class=\"elementor-column elementor-col-100 elementor-top-column elementor-element elementor-element-cb664ec\" data-id=\"cb664ec\" data-element_type=\"column\" data-e-type=\"column\">\n\t\t\t<div class=\"elementor-widget-wrap elementor-element-populated\">\n\t\t\t\t\t\t<div class=\"elementor-element elementor-element-78cf9a8 elementor-widget elementor-widget-heading\" data-id=\"78cf9a8\" data-element_type=\"widget\" data-e-type=\"widget\" data-widget_type=\"heading.default\">\n\t\t\t\t<div class=\"elementor-widget-container\">\n\t\t\t\t\t<h2 class=\"elementor-heading-title elementor-size-default\">A\u00e7\u0131klama<\/h2>\t\t\t\t<\/div>\n\t\t\t\t<\/div>\n\t\t\t\t\t<\/div>\n\t\t<\/div>\n\t\t\t\t\t<\/div>\n\t\t<\/section>\n\t\t\t\t<section class=\"elementor-section elementor-top-section elementor-element elementor-element-dec1cf7 elementor-section-boxed elementor-section-height-default elementor-section-height-default\" data-id=\"dec1cf7\" data-element_type=\"section\" data-e-type=\"section\">\n\t\t\t\t\t\t<div class=\"elementor-container elementor-column-gap-default\">\n\t\t\t\t\t<div class=\"elementor-column elementor-col-100 elementor-top-column elementor-element elementor-element-d7f48bd\" data-id=\"d7f48bd\" data-element_type=\"column\" data-e-type=\"column\">\n\t\t\t<div class=\"elementor-widget-wrap elementor-element-populated\">\n\t\t\t\t\t\t<div class=\"elementor-element elementor-element-9bf6d24 elementor-widget elementor-widget-heading\" data-id=\"9bf6d24\" data-element_type=\"widget\" data-e-type=\"widget\" data-widget_type=\"heading.default\">\n\t\t\t\t<div class=\"elementor-widget-container\">\n\t\t\t\t\t<h2 class=\"elementor-heading-title elementor-size-medium\">TAKS\u0130TL\u0130 F\u0130YATI : 37.000\u20ba\n\n<br>NAK\u0130T F\u0130YATI : 31.500\u20ba<\/h2>\t\t\t\t<\/div>\n\t\t\t\t<\/div>\n\t\t\t\t\t<\/div>\n\t\t<\/div>\n\t\t\t\t\t<\/div>\n\t\t<\/section>\n\t\t\t\t<section class=\"elementor-section elementor-top-section elementor-element elementor-element-ca71555 elementor-section-boxed elementor-section-height-default elementor-section-height-default\" data-id=\"ca71555\" data-element_type=\"section\" data-e-type=\"section\">\n\t\t\t\t\t\t<div class=\"elementor-container elementor-column-gap-default\">\n\t\t\t\t\t<div class=\"elementor-column elementor-col-100 elementor-top-column elementor-element elementor-element-644ae9a\" data-id=\"644ae9a\" data-element_type=\"column\" data-e-type=\"column\">\n\t\t\t<div class=\"elementor-widget-wrap elementor-element-populated\">\n\t\t\t\t\t\t<div class=\"elementor-element elementor-element-47e7a4f elementor-widget elementor-widget-text-editor\" data-id=\"47e7a4f\" data-element_type=\"widget\" data-e-type=\"widget\" data-widget_type=\"text-editor.default\">\n\t\t\t\t<div class=\"elementor-widget-container\">\n\t\t\t\t\t\t\t\t\t<h3 style=\"padding-top: 0.625em;\"><u>\u00dcr\u00fcn \u00d6l\u00e7\u00fcleri;<\/u><\/h3><h5>Y\u00fckseklik :210 cm<\/h5><h4 style=\"font-size: 16px;\">Geni\u015flik&nbsp; &nbsp;:120-130-140-150&nbsp; cm<\/h4><h4 style=\"font-size: 16px;\">Derinlik&nbsp; &nbsp;:50 cm<\/h4><h3><u>\u00dcr\u00fcn \u00d6zellikleri<\/u><\/h3><h4 style=\"font-size: 16px;\">-\u00dcr\u00fcnlerimizde 18mm&nbsp;<u>1.S\u0131n\u0131f Mdf&nbsp;v<\/u>e kur\u015fun i\u00e7ermeyen Lake boya kullan\u0131lm\u0131\u015ft\u0131r.<p><\/p><p>-i\u00e7 ve d\u0131\u015f olmak \u00fczere tamam\u0131 boyal\u0131d\u0131r.<\/p><p>-Kullan\u0131lan Boya \u00e7ocuk sa\u011fl\u0131\u011f\u0131 \u00f6n planda tutularak se\u00e7ilmi\u015f 1.s\u0131n\u0131f Poli\u00fcretan Lake Boyad\u0131r.<\/p><p>-Kapak ve \u00c7ekmecelerinde 1.s\u0131n\u0131f frenli ray, mente\u015fe sistemi mevcuttur.<\/p><\/h4><h4 style=\"font-size: 16px;\">-Kapak say\u0131s\u0131&nbsp;<u>3<\/u>&nbsp;adet<\/h4><h4 style=\"font-size: 16px;\">-\u00c7ekmece say\u0131s\u0131 2 adet<\/h4><h4 style=\"font-size: 16px;\">-Nakliye Fiyata Dahildir.<\/h4>\t\t\t\t\t\t\t\t<\/div>\n\t\t\t\t<\/div>\n\t\t\t\t\t<\/div>\n\t\t<\/div>\n\t\t\t\t\t<\/div>\n\t\t<\/section>\n\t\t\t\t<\/div>\n\t\t","protected":false},"excerpt":{"rendered":"<p>A\u00e7\u0131klama TAKS\u0130TL\u0130 F\u0130YATI : 37.000\u20ba NAK\u0130T F\u0130YATI : 31.500\u20ba \u00dcr\u00fcn \u00d6l\u00e7\u00fcleri; Y\u00fckseklik :210 cm Geni\u015flik&nbsp; &nbsp;:120-130-140-150&nbsp; cm Derinlik&nbsp; &nbsp;:50 cm \u00dcr\u00fcn \u00d6zellikleri -\u00dcr\u00fcnlerimizde 18mm&nbsp;1.S\u0131n\u0131f Mdf&nbsp;ve kur\u015fun i\u00e7ermeyen Lake boya kullan\u0131lm\u0131\u015ft\u0131r. -i\u00e7 ve d\u0131\u015f olmak \u00fczere tamam\u0131 boyal\u0131d\u0131r. -Kullan\u0131lan Boya \u00e7ocuk sa\u011fl\u0131\u011f\u0131 \u00f6n planda tutularak se\u00e7ilmi\u015f 1.s\u0131n\u0131f Poli\u00fcretan Lake Boyad\u0131r. -Kapak ve \u00c7ekmecelerinde 1.s\u0131n\u0131f frenli ray, &hellip; <\/p>\n<p class=\"link-more\"><a href=\"https:\/\/sambesx.com\/index.php\/model-7\/\" class=\"more-link\">Read more<span class=\"screen-reader-text\"> &#8220;Model-7&#8221;<\/span><\/a><\/p>\n","protected":false},"author":1,"featured_media":0,"parent":0,"menu_order":0,"comment_status":"closed","ping_status":"closed","template":"","meta":{"inspiro_hide_title":false,"_joinchat":[],"footnotes":""},"class_list":["post-241","page","type-page","status-publish","hentry"],"_links":{"self":[{"href":"https:\/\/sambesx.com\/index.php\/wp-json\/wp\/v2\/pages\/241","targetHints":{"allow":["GET"]}}],"collection":[{"href":"https:\/\/sambesx.com\/index.php\/wp-json\/wp\/v2\/pages"}],"about":[{"href":"https:\/\/sambesx.com\/index.php\/wp-json\/wp\/v2\/types\/page"}],"author":[{"embeddable":true,"href":"https:\/\/sambesx.com\/index.php\/wp-json\/wp\/v2\/users\/1"}],"replies":[{"embeddable":true,"href":"https:\/\/sambesx.com\/index.php\/wp-json\/wp\/v2\/comments?post=241"}],"version-history":[{"count":54,"href":"https:\/\/sambesx.com\/index.php\/wp-json\/wp\/v2\/pages\/241\/revisions"}],"predecessor-version":[{"id":3749,"href":"https:\/\/sambesx.com\/index.php\/wp-json\/wp\/v2\/pages\/241\/revisions\/3749"}],"wp:attachment":[{"href":"https:\/\/sambesx.com\/index.php\/wp-json\/wp\/v2\/media?parent=241"}],"curies":[{"name":"wp","href":"https:\/\/api.w.org\/{rel}","templated":true}]}}