{"id":2392,"date":"2024-03-17T01:48:05","date_gmt":"2024-03-16T22:48:05","guid":{"rendered":"https:\/\/sambesx.com\/?page_id=2392"},"modified":"2025-11-30T13:19:22","modified_gmt":"2025-11-30T10:19:22","slug":"sifonyer-model-10","status":"publish","type":"page","link":"https:\/\/sambesx.com\/index.php\/sifonyer-model-10\/","title":{"rendered":"\u015fifonyer model 10"},"content":{"rendered":"\t\t<div data-elementor-type=\"wp-page\" data-elementor-id=\"2392\" class=\"elementor elementor-2392\">\n\t\t\t\t\t\t<section class=\"elementor-section elementor-top-section elementor-element elementor-element-2d6fc8e elementor-section-boxed elementor-section-height-default elementor-section-height-default\" data-id=\"2d6fc8e\" data-element_type=\"section\" data-e-type=\"section\">\n\t\t\t\t\t\t<div class=\"elementor-container elementor-column-gap-default\">\n\t\t\t\t\t<div class=\"elementor-column elementor-col-50 elementor-top-column elementor-element elementor-element-05b7519\" data-id=\"05b7519\" data-element_type=\"column\" data-e-type=\"column\">\n\t\t\t<div class=\"elementor-widget-wrap elementor-element-populated\">\n\t\t\t\t\t\t<div class=\"elementor-element elementor-element-12fdc0a elementor-widget elementor-widget-image\" data-id=\"12fdc0a\" data-element_type=\"widget\" data-e-type=\"widget\" data-widget_type=\"image.default\">\n\t\t\t\t<div class=\"elementor-widget-container\">\n\t\t\t\t\t\t\t\t\t\t\t\t\t\t\t<img fetchpriority=\"high\" decoding=\"async\" width=\"768\" height=\"1024\" src=\"https:\/\/sambesx.com\/wp-content\/uploads\/2024\/02\/d4763d27-8673-4adc-aee3-685fb59e98e4-1-768x1024.jpg\" class=\"attachment-large size-large wp-image-2294\" alt=\"\" srcset=\"https:\/\/sambesx.com\/wp-content\/uploads\/2024\/02\/d4763d27-8673-4adc-aee3-685fb59e98e4-1-768x1024.jpg 768w, https:\/\/sambesx.com\/wp-content\/uploads\/2024\/02\/d4763d27-8673-4adc-aee3-685fb59e98e4-1-225x300.jpg 225w, https:\/\/sambesx.com\/wp-content\/uploads\/2024\/02\/d4763d27-8673-4adc-aee3-685fb59e98e4-1-1152x1536.jpg 1152w, https:\/\/sambesx.com\/wp-content\/uploads\/2024\/02\/d4763d27-8673-4adc-aee3-685fb59e98e4-1.jpg 1536w\" sizes=\"100vw\" \/>\t\t\t\t\t\t\t\t\t\t\t\t\t\t\t<\/div>\n\t\t\t\t<\/div>\n\t\t\t\t\t<\/div>\n\t\t<\/div>\n\t\t\t\t<div class=\"elementor-column elementor-col-50 elementor-top-column elementor-element elementor-element-35b2ba5\" data-id=\"35b2ba5\" data-element_type=\"column\" data-e-type=\"column\">\n\t\t\t<div class=\"elementor-widget-wrap\">\n\t\t\t\t\t\t\t<\/div>\n\t\t<\/div>\n\t\t\t\t\t<\/div>\n\t\t<\/section>\n\t\t\t\t<section class=\"elementor-section elementor-top-section elementor-element elementor-element-c78e453 elementor-section-boxed elementor-section-height-default elementor-section-height-default\" data-id=\"c78e453\" data-element_type=\"section\" data-e-type=\"section\">\n\t\t\t\t\t\t<div class=\"elementor-container elementor-column-gap-default\">\n\t\t\t\t\t<div class=\"elementor-column elementor-col-100 elementor-top-column elementor-element elementor-element-2998bb6\" data-id=\"2998bb6\" data-element_type=\"column\" data-e-type=\"column\">\n\t\t\t<div class=\"elementor-widget-wrap elementor-element-populated\">\n\t\t\t\t\t\t<div class=\"elementor-element elementor-element-ae4b103 elementor-widget elementor-widget-heading\" data-id=\"ae4b103\" data-element_type=\"widget\" data-e-type=\"widget\" data-widget_type=\"heading.default\">\n\t\t\t\t<div class=\"elementor-widget-container\">\n\t\t\t\t\t<h2 class=\"elementor-heading-title elementor-size-default\">TAKS\u0130TL\u0130 F\u0130YATI : 28.200\u20ba\n<br>NAK\u0130T F\u0130YATI : 24.000\u20ba<\/h2>\t\t\t\t<\/div>\n\t\t\t\t<\/div>\n\t\t\t\t\t<\/div>\n\t\t<\/div>\n\t\t\t\t\t<\/div>\n\t\t<\/section>\n\t\t\t\t<section class=\"elementor-section elementor-top-section elementor-element elementor-element-3948626 elementor-section-boxed elementor-section-height-default elementor-section-height-default\" data-id=\"3948626\" data-element_type=\"section\" data-e-type=\"section\">\n\t\t\t\t\t\t<div class=\"elementor-container elementor-column-gap-default\">\n\t\t\t\t\t<div class=\"elementor-column elementor-col-100 elementor-top-column elementor-element elementor-element-35751a5\" data-id=\"35751a5\" data-element_type=\"column\" data-e-type=\"column\">\n\t\t\t<div class=\"elementor-widget-wrap elementor-element-populated\">\n\t\t\t\t\t\t<div class=\"elementor-element elementor-element-d8666b9 elementor-widget elementor-widget-text-editor\" data-id=\"d8666b9\" data-element_type=\"widget\" data-e-type=\"widget\" data-widget_type=\"text-editor.default\">\n\t\t\t\t<div class=\"elementor-widget-container\">\n\t\t\t\t\t\t\t\t\t<h4 style=\"font-size: 16px;\"><u>\u00dcr\u00fcn \u00d6l\u00e7\u00fcleri<\/u><\/h4><h4 style=\"font-size: 16px;\">-130\u00d795<\/h4><h4 style=\"font-size: 16px;\"><u>\u00dcr\u00fcn \u00d6zellikleri<\/u><\/h4><h4 style=\"font-size: 16px;\">Y\u00fckseklik: 95 cm<br \/>Geni\u015flik: 130 cm<br \/>Derinlik: 50 cm<br \/>\u00c7ekmece Say\u0131s\u0131: 7 Adet<\/h4><h4 style=\"font-size: 16px;\">-\u00dcr\u00fcnlerimizde\u00a0<u style=\"font-family: var( --e-global-typography-text-font-family ), Sans-serif;\">1.S\u0131n\u0131f Mdf\u00a0v<\/u><span style=\"font-family: var( --e-global-typography-text-font-family ), Sans-serif;\">e kur\u015fun i\u00e7ermeyen Lake boya kullan\u0131lm\u0131\u015ft\u0131r.<\/span><\/h4><p>\u00a0<\/p><p>-Kullan\u0131lan Boya \u00c7ocuk Sa\u011fl\u0131\u011f\u0131 \u00d6n Planda Tutularak Se\u00e7ilmi\u015f 1.s\u0131n\u0131f Poli\u00fcretan Lake Boyad\u0131r.<br \/><br \/>-\u0130\u00e7 ve d\u0131\u015f olmak \u00fczere tamam\u0131 boyal\u0131d\u0131r.<\/p><h4 style=\"font-size: 16px;\">-T\u00fcm \u00e7ekmece raylar\u0131\u00a0<u>1.Kalite stoplu\u00a0<\/u>raylard\u0131r.<br \/><br \/>-Nakliye Fiyata Dahildir. \u00dcr\u00fcn b\u00fct\u00fcn olarak nakliye oluyor. Demonte olarak gelmiyor.<\/h4>\t\t\t\t\t\t\t\t<\/div>\n\t\t\t\t<\/div>\n\t\t\t\t\t<\/div>\n\t\t<\/div>\n\t\t\t\t\t<\/div>\n\t\t<\/section>\n\t\t\t\t<\/div>\n\t\t","protected":false},"excerpt":{"rendered":"<p>TAKS\u0130TL\u0130 F\u0130YATI : 28.200\u20ba NAK\u0130T F\u0130YATI : 24.000\u20ba \u00dcr\u00fcn \u00d6l\u00e7\u00fcleri -130\u00d795 \u00dcr\u00fcn \u00d6zellikleri Y\u00fckseklik: 95 cmGeni\u015flik: 130 cmDerinlik: 50 cm\u00c7ekmece Say\u0131s\u0131: 7 Adet -\u00dcr\u00fcnlerimizde\u00a01.S\u0131n\u0131f Mdf\u00a0ve kur\u015fun i\u00e7ermeyen Lake boya kullan\u0131lm\u0131\u015ft\u0131r. \u00a0 -Kullan\u0131lan Boya \u00c7ocuk Sa\u011fl\u0131\u011f\u0131 \u00d6n Planda Tutularak Se\u00e7ilmi\u015f 1.s\u0131n\u0131f Poli\u00fcretan Lake Boyad\u0131r. -\u0130\u00e7 ve d\u0131\u015f olmak \u00fczere tamam\u0131 boyal\u0131d\u0131r. -T\u00fcm \u00e7ekmece raylar\u0131\u00a01.Kalite stoplu\u00a0raylard\u0131r. -Nakliye &hellip; <\/p>\n<p class=\"link-more\"><a href=\"https:\/\/sambesx.com\/index.php\/sifonyer-model-10\/\" class=\"more-link\">Read more<span class=\"screen-reader-text\"> &#8220;\u015fifonyer model 10&#8221;<\/span><\/a><\/p>\n","protected":false},"author":1,"featured_media":0,"parent":0,"menu_order":0,"comment_status":"closed","ping_status":"closed","template":"","meta":{"inspiro_hide_title":false,"_joinchat":[],"footnotes":""},"class_list":["post-2392","page","type-page","status-publish","hentry"],"_links":{"self":[{"href":"https:\/\/sambesx.com\/index.php\/wp-json\/wp\/v2\/pages\/2392","targetHints":{"allow":["GET"]}}],"collection":[{"href":"https:\/\/sambesx.com\/index.php\/wp-json\/wp\/v2\/pages"}],"about":[{"href":"https:\/\/sambesx.com\/index.php\/wp-json\/wp\/v2\/types\/page"}],"author":[{"embeddable":true,"href":"https:\/\/sambesx.com\/index.php\/wp-json\/wp\/v2\/users\/1"}],"replies":[{"embeddable":true,"href":"https:\/\/sambesx.com\/index.php\/wp-json\/wp\/v2\/comments?post=2392"}],"version-history":[{"count":19,"href":"https:\/\/sambesx.com\/index.php\/wp-json\/wp\/v2\/pages\/2392\/revisions"}],"predecessor-version":[{"id":3888,"href":"https:\/\/sambesx.com\/index.php\/wp-json\/wp\/v2\/pages\/2392\/revisions\/3888"}],"wp:attachment":[{"href":"https:\/\/sambesx.com\/index.php\/wp-json\/wp\/v2\/media?parent=2392"}],"curies":[{"name":"wp","href":"https:\/\/api.w.org\/{rel}","templated":true}]}}