{"id":2384,"date":"2024-03-17T01:44:50","date_gmt":"2024-03-16T22:44:50","guid":{"rendered":"https:\/\/sambesx.com\/?page_id=2384"},"modified":"2025-11-30T13:19:12","modified_gmt":"2025-11-30T10:19:12","slug":"sifonyer-model-9","status":"publish","type":"page","link":"https:\/\/sambesx.com\/index.php\/sifonyer-model-9\/","title":{"rendered":"\u015fifonyer model 9"},"content":{"rendered":"\t\t<div data-elementor-type=\"wp-page\" data-elementor-id=\"2384\" class=\"elementor elementor-2384\">\n\t\t\t\t\t\t<section class=\"elementor-section elementor-top-section elementor-element elementor-element-c547997 elementor-section-boxed elementor-section-height-default elementor-section-height-default\" data-id=\"c547997\" data-element_type=\"section\" data-e-type=\"section\">\n\t\t\t\t\t\t<div class=\"elementor-container elementor-column-gap-default\">\n\t\t\t\t\t<div class=\"elementor-column elementor-col-50 elementor-top-column elementor-element elementor-element-c3e81ed\" data-id=\"c3e81ed\" data-element_type=\"column\" data-e-type=\"column\">\n\t\t\t<div class=\"elementor-widget-wrap elementor-element-populated\">\n\t\t\t\t\t\t<div class=\"elementor-element elementor-element-23c51b9 elementor-widget elementor-widget-image\" data-id=\"23c51b9\" data-element_type=\"widget\" data-e-type=\"widget\" data-widget_type=\"image.default\">\n\t\t\t\t<div class=\"elementor-widget-container\">\n\t\t\t\t\t\t\t\t\t\t\t\t\t\t\t<img fetchpriority=\"high\" decoding=\"async\" width=\"768\" height=\"1024\" src=\"https:\/\/sambesx.com\/wp-content\/uploads\/2024\/03\/IMG_6749-768x1024.jpeg\" class=\"attachment-large size-large wp-image-2318\" alt=\"\" srcset=\"https:\/\/sambesx.com\/wp-content\/uploads\/2024\/03\/IMG_6749-768x1024.jpeg 768w, https:\/\/sambesx.com\/wp-content\/uploads\/2024\/03\/IMG_6749-225x300.jpeg 225w, https:\/\/sambesx.com\/wp-content\/uploads\/2024\/03\/IMG_6749-1152x1536.jpeg 1152w, https:\/\/sambesx.com\/wp-content\/uploads\/2024\/03\/IMG_6749.jpeg 1536w\" sizes=\"100vw\" \/>\t\t\t\t\t\t\t\t\t\t\t\t\t\t\t<\/div>\n\t\t\t\t<\/div>\n\t\t\t\t\t<\/div>\n\t\t<\/div>\n\t\t\t\t<div class=\"elementor-column elementor-col-50 elementor-top-column elementor-element elementor-element-9d2681c\" data-id=\"9d2681c\" data-element_type=\"column\" data-e-type=\"column\">\n\t\t\t<div class=\"elementor-widget-wrap\">\n\t\t\t\t\t\t\t<\/div>\n\t\t<\/div>\n\t\t\t\t\t<\/div>\n\t\t<\/section>\n\t\t\t\t<section class=\"elementor-section elementor-top-section elementor-element elementor-element-213da75 elementor-section-boxed elementor-section-height-default elementor-section-height-default\" data-id=\"213da75\" data-element_type=\"section\" data-e-type=\"section\">\n\t\t\t\t\t\t<div class=\"elementor-container elementor-column-gap-default\">\n\t\t\t\t\t<div class=\"elementor-column elementor-col-100 elementor-top-column elementor-element elementor-element-e1cb63d\" data-id=\"e1cb63d\" data-element_type=\"column\" data-e-type=\"column\">\n\t\t\t<div class=\"elementor-widget-wrap elementor-element-populated\">\n\t\t\t\t\t\t<div class=\"elementor-element elementor-element-41c3b44 elementor-widget elementor-widget-heading\" data-id=\"41c3b44\" data-element_type=\"widget\" data-e-type=\"widget\" data-widget_type=\"heading.default\">\n\t\t\t\t<div class=\"elementor-widget-container\">\n\t\t\t\t\t<h2 class=\"elementor-heading-title elementor-size-default\">TAKS\u0130TL\u0130 F\u0130YATI : 23.500\u20ba\n<br>NAK\u0130T F\u0130YATI : 20.000\u20ba<\/h2>\t\t\t\t<\/div>\n\t\t\t\t<\/div>\n\t\t\t\t\t<\/div>\n\t\t<\/div>\n\t\t\t\t\t<\/div>\n\t\t<\/section>\n\t\t\t\t<section class=\"elementor-section elementor-top-section elementor-element elementor-element-3bfbe4c elementor-section-boxed elementor-section-height-default elementor-section-height-default\" data-id=\"3bfbe4c\" data-element_type=\"section\" data-e-type=\"section\">\n\t\t\t\t\t\t<div class=\"elementor-container elementor-column-gap-default\">\n\t\t\t\t\t<div class=\"elementor-column elementor-col-100 elementor-top-column elementor-element elementor-element-82f7280\" data-id=\"82f7280\" data-element_type=\"column\" data-e-type=\"column\">\n\t\t\t<div class=\"elementor-widget-wrap elementor-element-populated\">\n\t\t\t\t\t\t<div class=\"elementor-element elementor-element-d44645b elementor-widget elementor-widget-text-editor\" data-id=\"d44645b\" data-element_type=\"widget\" data-e-type=\"widget\" data-widget_type=\"text-editor.default\">\n\t\t\t\t<div class=\"elementor-widget-container\">\n\t\t\t\t\t\t\t\t\t<h4 style=\"font-size: 16px;\"><u>\u00dcr\u00fcn \u00d6l\u00e7\u00fcleri<\/u><\/h4>\n<h4 style=\"font-size: 16px;\">-120\u00d795<\/h4>\n<h4 style=\"font-size: 16px;\"><u>\u00dcr\u00fcn \u00d6zellikleri<\/u><\/h4>\n<h4 style=\"font-size: 16px;\">Y\u00fckseklik: 95 cm<br>Geni\u015flik: 120 cm<br>Derinlik: 50 cm<br>\u00c7ekmece Say\u0131s\u0131: 6 Adet<\/h4>\n<h4 style=\"font-size: 16px;\">-\u00dcr\u00fcnlerimizde&nbsp;<u style=\"font-family: var( --e-global-typography-text-font-family ), Sans-serif;\">1.S\u0131n\u0131f Mdf&nbsp;v<\/u><span style=\"font-family: var( --e-global-typography-text-font-family ), Sans-serif;\">e kur\u015fun i\u00e7ermeyen Lake boya kullan\u0131lm\u0131\u015ft\u0131r.<\/span><\/h4>\n<h4 style=\"font-size: 16px;\">\n<p>-Kullan\u0131lan Boya \u00c7ocuk Sa\u011fl\u0131\u011f\u0131 \u00d6n Planda Tutularak Se\u00e7ilmi\u015f 1.s\u0131n\u0131f Poli\u00fcretan Lake Boyad\u0131r.<br><br>-\u0130\u00e7 ve d\u0131\u015f olmak \u00fczere tamam\u0131 boyal\u0131d\u0131r.<\/p>\n<\/h4>\n<h4 style=\"font-size: 16px;\">-T\u00fcm \u00e7ekmece raylar\u0131&nbsp;<u>1.Kalite stoplu&nbsp;<\/u>raylard\u0131r.<\/h4>\t\t\t\t\t\t\t\t<\/div>\n\t\t\t\t<\/div>\n\t\t\t\t\t<\/div>\n\t\t<\/div>\n\t\t\t\t\t<\/div>\n\t\t<\/section>\n\t\t\t\t<\/div>\n\t\t","protected":false},"excerpt":{"rendered":"<p>TAKS\u0130TL\u0130 F\u0130YATI : 23.500\u20ba NAK\u0130T F\u0130YATI : 20.000\u20ba \u00dcr\u00fcn \u00d6l\u00e7\u00fcleri -120\u00d795 \u00dcr\u00fcn \u00d6zellikleri Y\u00fckseklik: 95 cmGeni\u015flik: 120 cmDerinlik: 50 cm\u00c7ekmece Say\u0131s\u0131: 6 Adet -\u00dcr\u00fcnlerimizde&nbsp;1.S\u0131n\u0131f Mdf&nbsp;ve kur\u015fun i\u00e7ermeyen Lake boya kullan\u0131lm\u0131\u015ft\u0131r. -Kullan\u0131lan Boya \u00c7ocuk Sa\u011fl\u0131\u011f\u0131 \u00d6n Planda Tutularak Se\u00e7ilmi\u015f 1.s\u0131n\u0131f Poli\u00fcretan Lake Boyad\u0131r. -\u0130\u00e7 ve d\u0131\u015f olmak \u00fczere tamam\u0131 boyal\u0131d\u0131r. -T\u00fcm \u00e7ekmece raylar\u0131&nbsp;1.Kalite stoplu&nbsp;raylard\u0131r.<\/p>\n","protected":false},"author":1,"featured_media":0,"parent":0,"menu_order":0,"comment_status":"closed","ping_status":"closed","template":"","meta":{"inspiro_hide_title":false,"_joinchat":[],"footnotes":""},"class_list":["post-2384","page","type-page","status-publish","hentry"],"_links":{"self":[{"href":"https:\/\/sambesx.com\/index.php\/wp-json\/wp\/v2\/pages\/2384","targetHints":{"allow":["GET"]}}],"collection":[{"href":"https:\/\/sambesx.com\/index.php\/wp-json\/wp\/v2\/pages"}],"about":[{"href":"https:\/\/sambesx.com\/index.php\/wp-json\/wp\/v2\/types\/page"}],"author":[{"embeddable":true,"href":"https:\/\/sambesx.com\/index.php\/wp-json\/wp\/v2\/users\/1"}],"replies":[{"embeddable":true,"href":"https:\/\/sambesx.com\/index.php\/wp-json\/wp\/v2\/comments?post=2384"}],"version-history":[{"count":21,"href":"https:\/\/sambesx.com\/index.php\/wp-json\/wp\/v2\/pages\/2384\/revisions"}],"predecessor-version":[{"id":3885,"href":"https:\/\/sambesx.com\/index.php\/wp-json\/wp\/v2\/pages\/2384\/revisions\/3885"}],"wp:attachment":[{"href":"https:\/\/sambesx.com\/index.php\/wp-json\/wp\/v2\/media?parent=2384"}],"curies":[{"name":"wp","href":"https:\/\/api.w.org\/{rel}","templated":true}]}}