{"id":2370,"date":"2024-03-17T01:39:49","date_gmt":"2024-03-16T22:39:49","guid":{"rendered":"https:\/\/sambesx.com\/?page_id=2370"},"modified":"2025-11-30T13:37:05","modified_gmt":"2025-11-30T10:37:05","slug":"tam-oda-mod-18","status":"publish","type":"page","link":"https:\/\/sambesx.com\/index.php\/tam-oda-mod-18\/","title":{"rendered":"tam oda mod 18"},"content":{"rendered":"\t\t<div data-elementor-type=\"wp-page\" data-elementor-id=\"2370\" class=\"elementor elementor-2370\">\n\t\t\t\t\t\t<section class=\"elementor-section elementor-top-section elementor-element elementor-element-e25f570 elementor-section-boxed elementor-section-height-default elementor-section-height-default\" data-id=\"e25f570\" data-element_type=\"section\" data-e-type=\"section\">\n\t\t\t\t\t\t<div class=\"elementor-container elementor-column-gap-default\">\n\t\t\t\t\t<div class=\"elementor-column elementor-col-50 elementor-top-column elementor-element elementor-element-3cd19e4\" data-id=\"3cd19e4\" data-element_type=\"column\" data-e-type=\"column\">\n\t\t\t<div class=\"elementor-widget-wrap elementor-element-populated\">\n\t\t\t\t\t\t<div class=\"elementor-element elementor-element-9fb8d3f elementor-widget elementor-widget-image\" data-id=\"9fb8d3f\" data-element_type=\"widget\" data-e-type=\"widget\" data-widget_type=\"image.default\">\n\t\t\t\t<div class=\"elementor-widget-container\">\n\t\t\t\t\t\t\t\t\t\t\t\t\t\t\t<img fetchpriority=\"high\" decoding=\"async\" width=\"768\" height=\"1024\" src=\"https:\/\/sambesx.com\/wp-content\/uploads\/2024\/03\/3224e9b5-bbad-4cb5-9c06-c924e348bf61-768x1024.jpg\" class=\"attachment-large size-large wp-image-2362\" alt=\"\" srcset=\"https:\/\/sambesx.com\/wp-content\/uploads\/2024\/03\/3224e9b5-bbad-4cb5-9c06-c924e348bf61-768x1024.jpg 768w, https:\/\/sambesx.com\/wp-content\/uploads\/2024\/03\/3224e9b5-bbad-4cb5-9c06-c924e348bf61-225x300.jpg 225w, https:\/\/sambesx.com\/wp-content\/uploads\/2024\/03\/3224e9b5-bbad-4cb5-9c06-c924e348bf61-1152x1536.jpg 1152w, https:\/\/sambesx.com\/wp-content\/uploads\/2024\/03\/3224e9b5-bbad-4cb5-9c06-c924e348bf61.jpg 1536w\" sizes=\"100vw\" \/>\t\t\t\t\t\t\t\t\t\t\t\t\t\t\t<\/div>\n\t\t\t\t<\/div>\n\t\t\t\t\t<\/div>\n\t\t<\/div>\n\t\t\t\t<div class=\"elementor-column elementor-col-50 elementor-top-column elementor-element elementor-element-37109d6\" data-id=\"37109d6\" data-element_type=\"column\" data-e-type=\"column\">\n\t\t\t<div class=\"elementor-widget-wrap elementor-element-populated\">\n\t\t\t\t\t\t<div class=\"elementor-element elementor-element-3355a74 elementor-widget elementor-widget-image\" data-id=\"3355a74\" data-element_type=\"widget\" data-e-type=\"widget\" data-widget_type=\"image.default\">\n\t\t\t\t<div class=\"elementor-widget-container\">\n\t\t\t\t\t\t\t\t\t\t\t\t\t\t\t<img decoding=\"async\" width=\"768\" height=\"1024\" src=\"https:\/\/sambesx.com\/wp-content\/uploads\/2024\/03\/92bb4a5e-f964-4084-b6b4-435ae94c5238-768x1024.jpg\" class=\"attachment-large size-large wp-image-2359\" alt=\"\" srcset=\"https:\/\/sambesx.com\/wp-content\/uploads\/2024\/03\/92bb4a5e-f964-4084-b6b4-435ae94c5238-768x1024.jpg 768w, https:\/\/sambesx.com\/wp-content\/uploads\/2024\/03\/92bb4a5e-f964-4084-b6b4-435ae94c5238-225x300.jpg 225w, https:\/\/sambesx.com\/wp-content\/uploads\/2024\/03\/92bb4a5e-f964-4084-b6b4-435ae94c5238-1152x1536.jpg 1152w, https:\/\/sambesx.com\/wp-content\/uploads\/2024\/03\/92bb4a5e-f964-4084-b6b4-435ae94c5238.jpg 1536w\" sizes=\"100vw\" \/>\t\t\t\t\t\t\t\t\t\t\t\t\t\t\t<\/div>\n\t\t\t\t<\/div>\n\t\t\t\t\t<\/div>\n\t\t<\/div>\n\t\t\t\t\t<\/div>\n\t\t<\/section>\n\t\t\t\t<section class=\"elementor-section elementor-top-section elementor-element elementor-element-583e2af elementor-section-boxed elementor-section-height-default elementor-section-height-default\" data-id=\"583e2af\" data-element_type=\"section\" data-e-type=\"section\">\n\t\t\t\t\t\t<div class=\"elementor-container elementor-column-gap-default\">\n\t\t\t\t\t<div class=\"elementor-column elementor-col-50 elementor-top-column elementor-element elementor-element-e91a654\" data-id=\"e91a654\" data-element_type=\"column\" data-e-type=\"column\">\n\t\t\t<div class=\"elementor-widget-wrap elementor-element-populated\">\n\t\t\t\t\t\t<div class=\"elementor-element elementor-element-be7881c elementor-widget elementor-widget-image\" data-id=\"be7881c\" data-element_type=\"widget\" data-e-type=\"widget\" data-widget_type=\"image.default\">\n\t\t\t\t<div class=\"elementor-widget-container\">\n\t\t\t\t\t\t\t\t\t\t\t\t\t\t\t<img decoding=\"async\" width=\"768\" height=\"1024\" src=\"https:\/\/sambesx.com\/wp-content\/uploads\/2024\/03\/148cdf83-7631-4a32-9819-6bf766486e37-768x1024.jpg\" class=\"attachment-large size-large wp-image-2360\" alt=\"\" srcset=\"https:\/\/sambesx.com\/wp-content\/uploads\/2024\/03\/148cdf83-7631-4a32-9819-6bf766486e37-768x1024.jpg 768w, https:\/\/sambesx.com\/wp-content\/uploads\/2024\/03\/148cdf83-7631-4a32-9819-6bf766486e37-225x300.jpg 225w, https:\/\/sambesx.com\/wp-content\/uploads\/2024\/03\/148cdf83-7631-4a32-9819-6bf766486e37-1152x1536.jpg 1152w, https:\/\/sambesx.com\/wp-content\/uploads\/2024\/03\/148cdf83-7631-4a32-9819-6bf766486e37.jpg 1536w\" sizes=\"100vw\" \/>\t\t\t\t\t\t\t\t\t\t\t\t\t\t\t<\/div>\n\t\t\t\t<\/div>\n\t\t\t\t\t<\/div>\n\t\t<\/div>\n\t\t\t\t<div class=\"elementor-column elementor-col-50 elementor-top-column elementor-element elementor-element-ef1f4c6\" data-id=\"ef1f4c6\" data-element_type=\"column\" data-e-type=\"column\">\n\t\t\t<div class=\"elementor-widget-wrap elementor-element-populated\">\n\t\t\t\t\t\t<div class=\"elementor-element elementor-element-d6cfece elementor-widget elementor-widget-image\" data-id=\"d6cfece\" data-element_type=\"widget\" data-e-type=\"widget\" data-widget_type=\"image.default\">\n\t\t\t\t<div class=\"elementor-widget-container\">\n\t\t\t\t\t\t\t\t\t\t\t\t\t\t\t<img loading=\"lazy\" decoding=\"async\" width=\"768\" height=\"1024\" src=\"https:\/\/sambesx.com\/wp-content\/uploads\/2024\/03\/49be4f91-0f87-406c-8e4f-69d261de6359-768x1024.jpg\" class=\"attachment-large size-large wp-image-2357\" alt=\"\" srcset=\"https:\/\/sambesx.com\/wp-content\/uploads\/2024\/03\/49be4f91-0f87-406c-8e4f-69d261de6359-768x1024.jpg 768w, https:\/\/sambesx.com\/wp-content\/uploads\/2024\/03\/49be4f91-0f87-406c-8e4f-69d261de6359-225x300.jpg 225w, https:\/\/sambesx.com\/wp-content\/uploads\/2024\/03\/49be4f91-0f87-406c-8e4f-69d261de6359-1152x1536.jpg 1152w, https:\/\/sambesx.com\/wp-content\/uploads\/2024\/03\/49be4f91-0f87-406c-8e4f-69d261de6359.jpg 1536w\" sizes=\"100vw\" \/>\t\t\t\t\t\t\t\t\t\t\t\t\t\t\t<\/div>\n\t\t\t\t<\/div>\n\t\t\t\t\t<\/div>\n\t\t<\/div>\n\t\t\t\t\t<\/div>\n\t\t<\/section>\n\t\t\t\t<section class=\"elementor-section elementor-top-section elementor-element elementor-element-e4e76a9 elementor-section-boxed elementor-section-height-default elementor-section-height-default\" data-id=\"e4e76a9\" data-element_type=\"section\" data-e-type=\"section\">\n\t\t\t\t\t\t<div class=\"elementor-container elementor-column-gap-default\">\n\t\t\t\t\t<div class=\"elementor-column elementor-col-50 elementor-top-column elementor-element elementor-element-2d25fb1\" data-id=\"2d25fb1\" data-element_type=\"column\" data-e-type=\"column\">\n\t\t\t<div class=\"elementor-widget-wrap elementor-element-populated\">\n\t\t\t\t\t\t<div class=\"elementor-element elementor-element-bacf5dc elementor-widget elementor-widget-image\" data-id=\"bacf5dc\" data-element_type=\"widget\" data-e-type=\"widget\" data-widget_type=\"image.default\">\n\t\t\t\t<div class=\"elementor-widget-container\">\n\t\t\t\t\t\t\t\t\t\t\t\t\t\t\t<img loading=\"lazy\" decoding=\"async\" width=\"768\" height=\"1024\" src=\"https:\/\/sambesx.com\/wp-content\/uploads\/2024\/03\/ea316ff2-bbcb-4be1-83a6-fc585f820e2f-768x1024.jpg\" class=\"attachment-large size-large wp-image-2363\" alt=\"\" srcset=\"https:\/\/sambesx.com\/wp-content\/uploads\/2024\/03\/ea316ff2-bbcb-4be1-83a6-fc585f820e2f-768x1024.jpg 768w, https:\/\/sambesx.com\/wp-content\/uploads\/2024\/03\/ea316ff2-bbcb-4be1-83a6-fc585f820e2f-225x300.jpg 225w, https:\/\/sambesx.com\/wp-content\/uploads\/2024\/03\/ea316ff2-bbcb-4be1-83a6-fc585f820e2f-1152x1536.jpg 1152w, https:\/\/sambesx.com\/wp-content\/uploads\/2024\/03\/ea316ff2-bbcb-4be1-83a6-fc585f820e2f.jpg 1536w\" sizes=\"100vw\" \/>\t\t\t\t\t\t\t\t\t\t\t\t\t\t\t<\/div>\n\t\t\t\t<\/div>\n\t\t\t\t\t<\/div>\n\t\t<\/div>\n\t\t\t\t<div class=\"elementor-column elementor-col-50 elementor-top-column elementor-element elementor-element-1ab5e8c\" data-id=\"1ab5e8c\" data-element_type=\"column\" data-e-type=\"column\">\n\t\t\t<div class=\"elementor-widget-wrap elementor-element-populated\">\n\t\t\t\t\t\t<div class=\"elementor-element elementor-element-9fb3424 elementor-widget elementor-widget-image\" data-id=\"9fb3424\" data-element_type=\"widget\" data-e-type=\"widget\" data-widget_type=\"image.default\">\n\t\t\t\t<div class=\"elementor-widget-container\">\n\t\t\t\t\t\t\t\t\t\t\t\t\t\t\t<img loading=\"lazy\" decoding=\"async\" width=\"768\" height=\"1024\" src=\"https:\/\/sambesx.com\/wp-content\/uploads\/2024\/03\/1d590224-1bae-4bfc-9802-06f80e396e21-768x1024.jpg\" class=\"attachment-large size-large wp-image-2356\" alt=\"\" srcset=\"https:\/\/sambesx.com\/wp-content\/uploads\/2024\/03\/1d590224-1bae-4bfc-9802-06f80e396e21-768x1024.jpg 768w, https:\/\/sambesx.com\/wp-content\/uploads\/2024\/03\/1d590224-1bae-4bfc-9802-06f80e396e21-225x300.jpg 225w, https:\/\/sambesx.com\/wp-content\/uploads\/2024\/03\/1d590224-1bae-4bfc-9802-06f80e396e21-1152x1536.jpg 1152w, https:\/\/sambesx.com\/wp-content\/uploads\/2024\/03\/1d590224-1bae-4bfc-9802-06f80e396e21.jpg 1536w\" sizes=\"100vw\" \/>\t\t\t\t\t\t\t\t\t\t\t\t\t\t\t<\/div>\n\t\t\t\t<\/div>\n\t\t\t\t\t<\/div>\n\t\t<\/div>\n\t\t\t\t\t<\/div>\n\t\t<\/section>\n\t\t\t\t<section class=\"elementor-section elementor-top-section elementor-element elementor-element-d3b943f elementor-section-boxed elementor-section-height-default elementor-section-height-default\" data-id=\"d3b943f\" data-element_type=\"section\" data-e-type=\"section\">\n\t\t\t\t\t\t<div class=\"elementor-container elementor-column-gap-default\">\n\t\t\t\t\t<div class=\"elementor-column elementor-col-100 elementor-top-column elementor-element elementor-element-f2ae492\" data-id=\"f2ae492\" data-element_type=\"column\" data-e-type=\"column\">\n\t\t\t<div class=\"elementor-widget-wrap elementor-element-populated\">\n\t\t\t\t\t\t<div class=\"elementor-element elementor-element-93cc02b elementor-widget elementor-widget-heading\" data-id=\"93cc02b\" data-element_type=\"widget\" data-e-type=\"widget\" data-widget_type=\"heading.default\">\n\t\t\t\t<div class=\"elementor-widget-container\">\n\t\t\t\t\t<h2 class=\"elementor-heading-title elementor-size-default\">NAK\u0130T F\u0130YAT :88.800 \u20ba \n<br>TAKS\u0130TL\u0130 F\u0130YAT :104.500 \u20ba<\/h2>\t\t\t\t<\/div>\n\t\t\t\t<\/div>\n\t\t\t\t\t<\/div>\n\t\t<\/div>\n\t\t\t\t\t<\/div>\n\t\t<\/section>\n\t\t\t\t<section class=\"elementor-section elementor-top-section elementor-element elementor-element-2ef1a7a elementor-section-boxed elementor-section-height-default elementor-section-height-default\" data-id=\"2ef1a7a\" data-element_type=\"section\" data-e-type=\"section\">\n\t\t\t\t\t\t<div class=\"elementor-container elementor-column-gap-default\">\n\t\t\t\t\t<div class=\"elementor-column elementor-col-100 elementor-top-column elementor-element elementor-element-c6e9cbc\" data-id=\"c6e9cbc\" data-element_type=\"column\" data-e-type=\"column\">\n\t\t\t<div class=\"elementor-widget-wrap elementor-element-populated\">\n\t\t\t\t\t\t<div class=\"elementor-element elementor-element-5fd4473 elementor-widget elementor-widget-text-editor\" data-id=\"5fd4473\" data-element_type=\"widget\" data-e-type=\"widget\" data-widget_type=\"text-editor.default\">\n\t\t\t\t<div class=\"elementor-widget-container\">\n\t\t\t\t\t\t\t\t\t<h3 style=\"padding-top: 0.625em;\"><u>DOLAP \u00d6ZELL\u0130KLER\u0130<\/u><\/h3><h3>Y\u00fckseklik : 210 cm\u00a0<\/h3><h4 style=\"font-size: 16px;\">Geni\u015flik\u00a0 \u00a0:160 &amp; 200 cm<\/h4><h4 style=\"font-size: 16px;\">Derinlik\u00a0 \u00a0:50 cm<\/h4><h4 style=\"font-size: 16px;\">\u00a0<u>\u00dcr\u00fcn \u00d6zellikleri<\/u><\/h4><h4 style=\"font-size: 16px;\">\u00a0-\u00dcr\u00fcnlerimizde\u00a0<u>1.S\u0131n\u0131f Mdf\u00a0<\/u>Ve kur\u015fun i\u00e7ermeyen boya kullan\u0131lm\u0131\u015ft\u0131r.<\/h4><h4 style=\"font-size: 16px;\">-T\u00fcm \u00e7ekmece raylar\u0131\u00a0<u>1.Kalite stoplu\u00a0<\/u>raylard\u0131r.<\/h4><h4 style=\"font-size: 16px;\">-T\u00fcm kapak Mente\u015feleri\u00a0<u>1.S\u0131n\u0131f firenli<\/u>\u00a0mente\u015fedir.<\/h4><h4 style=\"font-size: 16px;\">-Led I\u015f\u0131k istek halinde\u00a0<u>400 \u20ba<\/u>\u00a0Fiyat fark\u0131 eklenmektedir.<\/h4><h4 style=\"font-size: 16px;\">-Kapak say\u0131s\u0131\u00a0<u>4<\/u>\u00a0adet<\/h4><h4 style=\"font-size: 16px;\">-\u00c7ekmece say\u0131s\u0131\u00a0<u>3<\/u>\u00a0adet<\/h4><h4 style=\"font-size: 16px;\">-Cam raf cam \u00e7ekmece mevcuttur.\u00a0<\/h4><h4 style=\"font-size: 16px;\"><u>\u00a0<\/u><\/h4><h4 style=\"font-size: 16px;\"><u>\u015e\u0130FONYER \u00d6ZELL\u0130KLER\u0130\u00a0<\/u><\/h4><h4 style=\"font-size: 16px;\"><u>\u00dcr\u00fcn \u00d6l\u00e7\u00fcleri<\/u><\/h4><h4 style=\"font-size: 16px;\">-130\u00d795<\/h4><h4 style=\"font-size: 16px;\"><u>\u00dcr\u00fcn \u00d6zellikleri<\/u><\/h4><h4 style=\"font-size: 16px;\">Y\u00fckseklik:95 cm<br \/>Geni\u015flik:130 cm<br \/>Derinlik:50 cm<br \/>\u00c7ekmece Say\u0131s\u0131: 7 Adet<\/h4><h4 style=\"font-size: 16px;\">-\u00dcr\u00fcnlerimizde,<u>18mm\u00a0<\/u>Kal\u0131nl\u0131\u011f\u0131nda 1.s\u0131n\u0131f\u00a0<u>Mdf\u00a0<\/u>ve Kur\u015funsuz boya kullan\u0131lm\u0131\u015ft\u0131r.<br \/>-\u00c7ekmece raylar\u0131 1.Kalite stoplu raylard\u0131r.\u00a0<\/h4><h4 style=\"font-size: 16px;\"><u>\u00a0<\/u><\/h4><h4 style=\"font-size: 16px;\"><u>YATAK \u00d6ZELL\u0130KLER\u0130\u00a0<\/u><\/h4><h4 style=\"font-size: 16px;\"><u>\u00dcr\u00fcn \u00d6l\u00e7\u00fcleri<\/u><\/h4><h4 style=\"font-size: 16px;\">-90\u00d7190<br \/>-100\u00d7200<\/h4><h4 style=\"font-size: 16px;\"><u>\u00dcr\u00fcn \u00d6zellikleri<\/u>\u00a0<\/h4><h4 style=\"font-size: 16px;\">-\u00dcr\u00fcnlerimizde,<u>1.S\u0131n\u0131f Mdf ve 1.S\u0131n\u0131f Rus \u00c7am\u0131<\/u>\u00a0kullan\u0131lmaktad\u0131r.<br \/>-Kur\u015fun i\u00e7ermeyen Boya kullan\u0131lmaktad\u0131r. Kullan\u0131lan Boya \u00e7ocuk sa\u011fl\u0131\u011f\u0131 \u00f6n planda tutularak se\u00e7ilmi\u015f 1.s\u0131n\u0131f antibakteriyel poli\u00fcretan lake boyad\u0131r.<br \/>-\u0130stenilen renk ve \u00f6zellikte M\u00fc\u015fteriye \u00f6zel \u00fcretilmektedir.<br \/>-\u0130\u00e7 yatak Fiyata dahil de\u011fildir.<\/h4><div><h4>-Nakliye Fiyata Dahildir.<\/h4><\/div>\t\t\t\t\t\t\t\t<\/div>\n\t\t\t\t<\/div>\n\t\t\t\t\t<\/div>\n\t\t<\/div>\n\t\t\t\t\t<\/div>\n\t\t<\/section>\n\t\t\t\t<\/div>\n\t\t","protected":false},"excerpt":{"rendered":"<p>NAK\u0130T F\u0130YAT :88.800 \u20ba TAKS\u0130TL\u0130 F\u0130YAT :104.500 \u20ba DOLAP \u00d6ZELL\u0130KLER\u0130 Y\u00fckseklik : 210 cm\u00a0 Geni\u015flik\u00a0 \u00a0:160 &amp; 200 cm Derinlik\u00a0 \u00a0:50 cm \u00a0\u00dcr\u00fcn \u00d6zellikleri \u00a0-\u00dcr\u00fcnlerimizde\u00a01.S\u0131n\u0131f Mdf\u00a0Ve kur\u015fun i\u00e7ermeyen boya kullan\u0131lm\u0131\u015ft\u0131r. -T\u00fcm \u00e7ekmece raylar\u0131\u00a01.Kalite stoplu\u00a0raylard\u0131r. -T\u00fcm kapak Mente\u015feleri\u00a01.S\u0131n\u0131f firenli\u00a0mente\u015fedir. -Led I\u015f\u0131k istek halinde\u00a0400 \u20ba\u00a0Fiyat fark\u0131 eklenmektedir. -Kapak say\u0131s\u0131\u00a04\u00a0adet -\u00c7ekmece say\u0131s\u0131\u00a03\u00a0adet -Cam raf cam \u00e7ekmece mevcuttur.\u00a0 \u00a0 &hellip; <\/p>\n<p class=\"link-more\"><a href=\"https:\/\/sambesx.com\/index.php\/tam-oda-mod-18\/\" class=\"more-link\">Read more<span class=\"screen-reader-text\"> &#8220;tam oda mod 18&#8221;<\/span><\/a><\/p>\n","protected":false},"author":1,"featured_media":0,"parent":0,"menu_order":0,"comment_status":"closed","ping_status":"closed","template":"","meta":{"inspiro_hide_title":false,"_joinchat":[],"footnotes":""},"class_list":["post-2370","page","type-page","status-publish","hentry"],"_links":{"self":[{"href":"https:\/\/sambesx.com\/index.php\/wp-json\/wp\/v2\/pages\/2370","targetHints":{"allow":["GET"]}}],"collection":[{"href":"https:\/\/sambesx.com\/index.php\/wp-json\/wp\/v2\/pages"}],"about":[{"href":"https:\/\/sambesx.com\/index.php\/wp-json\/wp\/v2\/types\/page"}],"author":[{"embeddable":true,"href":"https:\/\/sambesx.com\/index.php\/wp-json\/wp\/v2\/users\/1"}],"replies":[{"embeddable":true,"href":"https:\/\/sambesx.com\/index.php\/wp-json\/wp\/v2\/comments?post=2370"}],"version-history":[{"count":18,"href":"https:\/\/sambesx.com\/index.php\/wp-json\/wp\/v2\/pages\/2370\/revisions"}],"predecessor-version":[{"id":3918,"href":"https:\/\/sambesx.com\/index.php\/wp-json\/wp\/v2\/pages\/2370\/revisions\/3918"}],"wp:attachment":[{"href":"https:\/\/sambesx.com\/index.php\/wp-json\/wp\/v2\/media?parent=2370"}],"curies":[{"name":"wp","href":"https:\/\/api.w.org\/{rel}","templated":true}]}}