{"id":2355,"date":"2024-03-17T01:35:35","date_gmt":"2024-03-16T22:35:35","guid":{"rendered":"https:\/\/sambesx.com\/?page_id=2355"},"modified":"2025-11-30T11:03:25","modified_gmt":"2025-11-30T08:03:25","slug":"model-18","status":"publish","type":"page","link":"https:\/\/sambesx.com\/index.php\/model-18\/","title":{"rendered":"model-18"},"content":{"rendered":"\t\t<div data-elementor-type=\"wp-page\" data-elementor-id=\"2355\" class=\"elementor elementor-2355\">\n\t\t\t\t\t\t<section class=\"elementor-section elementor-top-section elementor-element elementor-element-076de54 elementor-section-boxed elementor-section-height-default elementor-section-height-default\" data-id=\"076de54\" data-element_type=\"section\" data-e-type=\"section\">\n\t\t\t\t\t\t<div class=\"elementor-container elementor-column-gap-default\">\n\t\t\t\t\t<div class=\"elementor-column elementor-col-50 elementor-top-column elementor-element elementor-element-0945b46\" data-id=\"0945b46\" data-element_type=\"column\" data-e-type=\"column\">\n\t\t\t<div class=\"elementor-widget-wrap elementor-element-populated\">\n\t\t\t\t\t\t<div class=\"elementor-element elementor-element-e879f06 elementor-widget elementor-widget-image\" data-id=\"e879f06\" data-element_type=\"widget\" data-e-type=\"widget\" data-widget_type=\"image.default\">\n\t\t\t\t<div class=\"elementor-widget-container\">\n\t\t\t\t\t\t\t\t\t\t\t\t\t\t\t<img fetchpriority=\"high\" decoding=\"async\" width=\"768\" height=\"1024\" src=\"https:\/\/sambesx.com\/wp-content\/uploads\/2024\/03\/92bb4a5e-f964-4084-b6b4-435ae94c5238-768x1024.jpg\" class=\"attachment-large size-large wp-image-2359\" alt=\"\" srcset=\"https:\/\/sambesx.com\/wp-content\/uploads\/2024\/03\/92bb4a5e-f964-4084-b6b4-435ae94c5238-768x1024.jpg 768w, https:\/\/sambesx.com\/wp-content\/uploads\/2024\/03\/92bb4a5e-f964-4084-b6b4-435ae94c5238-225x300.jpg 225w, https:\/\/sambesx.com\/wp-content\/uploads\/2024\/03\/92bb4a5e-f964-4084-b6b4-435ae94c5238-1152x1536.jpg 1152w, https:\/\/sambesx.com\/wp-content\/uploads\/2024\/03\/92bb4a5e-f964-4084-b6b4-435ae94c5238.jpg 1536w\" sizes=\"100vw\" \/>\t\t\t\t\t\t\t\t\t\t\t\t\t\t\t<\/div>\n\t\t\t\t<\/div>\n\t\t\t\t\t<\/div>\n\t\t<\/div>\n\t\t\t\t<div class=\"elementor-column elementor-col-50 elementor-top-column elementor-element elementor-element-58f0598\" data-id=\"58f0598\" data-element_type=\"column\" data-e-type=\"column\">\n\t\t\t<div class=\"elementor-widget-wrap elementor-element-populated\">\n\t\t\t\t\t\t<div class=\"elementor-element elementor-element-f77ff18 elementor-widget elementor-widget-image\" data-id=\"f77ff18\" data-element_type=\"widget\" data-e-type=\"widget\" data-widget_type=\"image.default\">\n\t\t\t\t<div class=\"elementor-widget-container\">\n\t\t\t\t\t\t\t\t\t\t\t\t\t\t\t<img decoding=\"async\" width=\"768\" height=\"1024\" src=\"https:\/\/sambesx.com\/wp-content\/uploads\/2024\/03\/148cdf83-7631-4a32-9819-6bf766486e37-768x1024.jpg\" class=\"attachment-large size-large wp-image-2360\" alt=\"\" srcset=\"https:\/\/sambesx.com\/wp-content\/uploads\/2024\/03\/148cdf83-7631-4a32-9819-6bf766486e37-768x1024.jpg 768w, https:\/\/sambesx.com\/wp-content\/uploads\/2024\/03\/148cdf83-7631-4a32-9819-6bf766486e37-225x300.jpg 225w, https:\/\/sambesx.com\/wp-content\/uploads\/2024\/03\/148cdf83-7631-4a32-9819-6bf766486e37-1152x1536.jpg 1152w, https:\/\/sambesx.com\/wp-content\/uploads\/2024\/03\/148cdf83-7631-4a32-9819-6bf766486e37.jpg 1536w\" sizes=\"100vw\" \/>\t\t\t\t\t\t\t\t\t\t\t\t\t\t\t<\/div>\n\t\t\t\t<\/div>\n\t\t\t\t\t<\/div>\n\t\t<\/div>\n\t\t\t\t\t<\/div>\n\t\t<\/section>\n\t\t\t\t<section class=\"elementor-section elementor-top-section elementor-element elementor-element-c049caf elementor-section-boxed elementor-section-height-default elementor-section-height-default\" data-id=\"c049caf\" data-element_type=\"section\" data-e-type=\"section\">\n\t\t\t\t\t\t<div class=\"elementor-container elementor-column-gap-default\">\n\t\t\t\t\t<div class=\"elementor-column elementor-col-50 elementor-top-column elementor-element elementor-element-c99d3dd\" data-id=\"c99d3dd\" data-element_type=\"column\" data-e-type=\"column\">\n\t\t\t<div class=\"elementor-widget-wrap elementor-element-populated\">\n\t\t\t\t\t\t<div class=\"elementor-element elementor-element-e0985b6 elementor-widget elementor-widget-image\" data-id=\"e0985b6\" data-element_type=\"widget\" data-e-type=\"widget\" data-widget_type=\"image.default\">\n\t\t\t\t<div class=\"elementor-widget-container\">\n\t\t\t\t\t\t\t\t\t\t\t\t\t\t\t<img decoding=\"async\" width=\"768\" height=\"1024\" src=\"https:\/\/sambesx.com\/wp-content\/uploads\/2024\/03\/49be4f91-0f87-406c-8e4f-69d261de6359-768x1024.jpg\" class=\"attachment-large size-large wp-image-2357\" alt=\"\" srcset=\"https:\/\/sambesx.com\/wp-content\/uploads\/2024\/03\/49be4f91-0f87-406c-8e4f-69d261de6359-768x1024.jpg 768w, https:\/\/sambesx.com\/wp-content\/uploads\/2024\/03\/49be4f91-0f87-406c-8e4f-69d261de6359-225x300.jpg 225w, https:\/\/sambesx.com\/wp-content\/uploads\/2024\/03\/49be4f91-0f87-406c-8e4f-69d261de6359-1152x1536.jpg 1152w, https:\/\/sambesx.com\/wp-content\/uploads\/2024\/03\/49be4f91-0f87-406c-8e4f-69d261de6359.jpg 1536w\" sizes=\"100vw\" \/>\t\t\t\t\t\t\t\t\t\t\t\t\t\t\t<\/div>\n\t\t\t\t<\/div>\n\t\t\t\t\t<\/div>\n\t\t<\/div>\n\t\t\t\t<div class=\"elementor-column elementor-col-50 elementor-top-column elementor-element elementor-element-d55b0ad\" data-id=\"d55b0ad\" data-element_type=\"column\" data-e-type=\"column\">\n\t\t\t<div class=\"elementor-widget-wrap elementor-element-populated\">\n\t\t\t\t\t\t<div class=\"elementor-element elementor-element-d550d5d elementor-widget elementor-widget-image\" data-id=\"d550d5d\" data-element_type=\"widget\" data-e-type=\"widget\" data-widget_type=\"image.default\">\n\t\t\t\t<div class=\"elementor-widget-container\">\n\t\t\t\t\t\t\t\t\t\t\t\t\t\t\t<img loading=\"lazy\" decoding=\"async\" width=\"768\" height=\"1024\" src=\"https:\/\/sambesx.com\/wp-content\/uploads\/2024\/03\/2130ee75-ccf4-4d72-899e-bae70d332408-768x1024.jpg\" class=\"attachment-large size-large wp-image-2361\" alt=\"\" srcset=\"https:\/\/sambesx.com\/wp-content\/uploads\/2024\/03\/2130ee75-ccf4-4d72-899e-bae70d332408-768x1024.jpg 768w, https:\/\/sambesx.com\/wp-content\/uploads\/2024\/03\/2130ee75-ccf4-4d72-899e-bae70d332408-225x300.jpg 225w, https:\/\/sambesx.com\/wp-content\/uploads\/2024\/03\/2130ee75-ccf4-4d72-899e-bae70d332408-1152x1536.jpg 1152w, https:\/\/sambesx.com\/wp-content\/uploads\/2024\/03\/2130ee75-ccf4-4d72-899e-bae70d332408.jpg 1536w\" sizes=\"100vw\" \/>\t\t\t\t\t\t\t\t\t\t\t\t\t\t\t<\/div>\n\t\t\t\t<\/div>\n\t\t\t\t\t<\/div>\n\t\t<\/div>\n\t\t\t\t\t<\/div>\n\t\t<\/section>\n\t\t\t\t<section class=\"elementor-section elementor-top-section elementor-element elementor-element-1687744 elementor-section-boxed elementor-section-height-default elementor-section-height-default\" data-id=\"1687744\" data-element_type=\"section\" data-e-type=\"section\">\n\t\t\t\t\t\t<div class=\"elementor-container elementor-column-gap-default\">\n\t\t\t\t\t<div class=\"elementor-column elementor-col-100 elementor-top-column elementor-element elementor-element-3ba9aa0\" data-id=\"3ba9aa0\" data-element_type=\"column\" data-e-type=\"column\">\n\t\t\t<div class=\"elementor-widget-wrap elementor-element-populated\">\n\t\t\t\t\t\t<div class=\"elementor-element elementor-element-e344dfa elementor-widget__width-initial elementor-widget elementor-widget-heading\" data-id=\"e344dfa\" data-element_type=\"widget\" data-e-type=\"widget\" data-widget_type=\"heading.default\">\n\t\t\t\t<div class=\"elementor-widget-container\">\n\t\t\t\t\t<h2 class=\"elementor-heading-title elementor-size-medium\">TAKS\u0130TL\u0130 F\u0130YATI : 48.000\u20ba\n\n<br>NAK\u0130T F\u0130YATI : 41.000\u20ba<\/h2>\t\t\t\t<\/div>\n\t\t\t\t<\/div>\n\t\t\t\t\t<\/div>\n\t\t<\/div>\n\t\t\t\t\t<\/div>\n\t\t<\/section>\n\t\t\t\t<section class=\"elementor-section elementor-top-section elementor-element elementor-element-13c04ab elementor-section-boxed elementor-section-height-default elementor-section-height-default\" data-id=\"13c04ab\" data-element_type=\"section\" data-e-type=\"section\">\n\t\t\t\t\t\t<div class=\"elementor-container elementor-column-gap-default\">\n\t\t\t\t\t<div class=\"elementor-column elementor-col-100 elementor-top-column elementor-element elementor-element-0e46fad\" data-id=\"0e46fad\" data-element_type=\"column\" data-e-type=\"column\">\n\t\t\t<div class=\"elementor-widget-wrap elementor-element-populated\">\n\t\t\t\t\t\t<div class=\"elementor-element elementor-element-ac9fbb5 elementor-widget elementor-widget-text-editor\" data-id=\"ac9fbb5\" data-element_type=\"widget\" data-e-type=\"widget\" data-widget_type=\"text-editor.default\">\n\t\t\t\t<div class=\"elementor-widget-container\">\n\t\t\t\t\t\t\t\t\t<h3 style=\"padding-top: 0.625em;\"><u>\u00dcr\u00fcn \u00d6l\u00e7\u00fcleri;<\/u><\/h3><h5>Y\u00fckseklik :210 cm<\/h5><h4 style=\"font-size: 16px;\">Geni\u015flik&nbsp; &nbsp;:160-170-180-190&nbsp; cm<\/h4><h4 style=\"font-size: 16px;\">Derinlik&nbsp; &nbsp;:50 cm<\/h4><h3><u>\u00dcr\u00fcn \u00d6zellikleri<\/u><\/h3><h4 style=\"font-size: 16px;\">-\u00dcr\u00fcnlerimizde 18mm&nbsp;<u>1.S\u0131n\u0131f Mdf&nbsp;v<\/u>e kur\u015fun i\u00e7ermeyen Lake boya kullan\u0131lm\u0131\u015ft\u0131r.<p><\/p><p>-i\u00e7 ve d\u0131\u015f olmak \u00fczere tamam\u0131 boyal\u0131d\u0131r.<\/p><p>-Kullan\u0131lan Boya \u00e7ocuk sa\u011fl\u0131\u011f\u0131 \u00f6n planda tutularak se\u00e7ilmi\u015f 1.s\u0131n\u0131f Poli\u00fcretan Lake Boyad\u0131r.<\/p><p>-Kapak ve \u00c7ekmecelerinde 1.s\u0131n\u0131f frenli ray, mente\u015fe sistemi mevcuttur.<\/p><\/h4><h4 style=\"font-size: 16px;\">-Kapak say\u0131s\u0131&nbsp;<u>4<\/u>&nbsp;adet<\/h4><h4 style=\"font-size: 16px;\">-\u00c7ekmece say\u0131s\u0131 4 adet<\/h4><h4 style=\"font-size: 16px;\">-Nakliye Fiyata Dahildir.<br><br>-T\u00fcrkiye&#8217;nin her iline nakliye hizmetimiz vard\u0131r.<\/h4>\t\t\t\t\t\t\t\t<\/div>\n\t\t\t\t<\/div>\n\t\t\t\t\t<\/div>\n\t\t<\/div>\n\t\t\t\t\t<\/div>\n\t\t<\/section>\n\t\t\t\t<\/div>\n\t\t","protected":false},"excerpt":{"rendered":"<p>TAKS\u0130TL\u0130 F\u0130YATI : 48.000\u20ba NAK\u0130T F\u0130YATI : 41.000\u20ba \u00dcr\u00fcn \u00d6l\u00e7\u00fcleri; Y\u00fckseklik :210 cm Geni\u015flik&nbsp; &nbsp;:160-170-180-190&nbsp; cm Derinlik&nbsp; &nbsp;:50 cm \u00dcr\u00fcn \u00d6zellikleri -\u00dcr\u00fcnlerimizde 18mm&nbsp;1.S\u0131n\u0131f Mdf&nbsp;ve kur\u015fun i\u00e7ermeyen Lake boya kullan\u0131lm\u0131\u015ft\u0131r. -i\u00e7 ve d\u0131\u015f olmak \u00fczere tamam\u0131 boyal\u0131d\u0131r. -Kullan\u0131lan Boya \u00e7ocuk sa\u011fl\u0131\u011f\u0131 \u00f6n planda tutularak se\u00e7ilmi\u015f 1.s\u0131n\u0131f Poli\u00fcretan Lake Boyad\u0131r. -Kapak ve \u00c7ekmecelerinde 1.s\u0131n\u0131f frenli ray, mente\u015fe &hellip; <\/p>\n<p class=\"link-more\"><a href=\"https:\/\/sambesx.com\/index.php\/model-18\/\" class=\"more-link\">Read more<span class=\"screen-reader-text\"> &#8220;model-18&#8221;<\/span><\/a><\/p>\n","protected":false},"author":1,"featured_media":0,"parent":0,"menu_order":0,"comment_status":"closed","ping_status":"closed","template":"","meta":{"inspiro_hide_title":false,"_joinchat":[],"footnotes":""},"class_list":["post-2355","page","type-page","status-publish","hentry"],"_links":{"self":[{"href":"https:\/\/sambesx.com\/index.php\/wp-json\/wp\/v2\/pages\/2355","targetHints":{"allow":["GET"]}}],"collection":[{"href":"https:\/\/sambesx.com\/index.php\/wp-json\/wp\/v2\/pages"}],"about":[{"href":"https:\/\/sambesx.com\/index.php\/wp-json\/wp\/v2\/types\/page"}],"author":[{"embeddable":true,"href":"https:\/\/sambesx.com\/index.php\/wp-json\/wp\/v2\/users\/1"}],"replies":[{"embeddable":true,"href":"https:\/\/sambesx.com\/index.php\/wp-json\/wp\/v2\/comments?post=2355"}],"version-history":[{"count":36,"href":"https:\/\/sambesx.com\/index.php\/wp-json\/wp\/v2\/pages\/2355\/revisions"}],"predecessor-version":[{"id":3792,"href":"https:\/\/sambesx.com\/index.php\/wp-json\/wp\/v2\/pages\/2355\/revisions\/3792"}],"wp:attachment":[{"href":"https:\/\/sambesx.com\/index.php\/wp-json\/wp\/v2\/media?parent=2355"}],"curies":[{"name":"wp","href":"https:\/\/api.w.org\/{rel}","templated":true}]}}