{"id":2334,"date":"2024-03-15T13:14:03","date_gmt":"2024-03-15T10:14:03","guid":{"rendered":"https:\/\/sambesx.com\/?page_id=2334"},"modified":"2025-11-30T11:03:01","modified_gmt":"2025-11-30T08:03:01","slug":"model-17","status":"publish","type":"page","link":"https:\/\/sambesx.com\/index.php\/model-17\/","title":{"rendered":"model-17"},"content":{"rendered":"\t\t<div data-elementor-type=\"wp-page\" data-elementor-id=\"2334\" class=\"elementor elementor-2334\">\n\t\t\t\t\t\t<section class=\"elementor-section elementor-top-section elementor-element elementor-element-33483dd elementor-section-boxed elementor-section-height-default elementor-section-height-default\" data-id=\"33483dd\" data-element_type=\"section\" data-e-type=\"section\">\n\t\t\t\t\t\t<div class=\"elementor-container elementor-column-gap-default\">\n\t\t\t\t\t<div class=\"elementor-column elementor-col-50 elementor-top-column elementor-element elementor-element-317e03f\" data-id=\"317e03f\" data-element_type=\"column\" data-e-type=\"column\">\n\t\t\t<div class=\"elementor-widget-wrap elementor-element-populated\">\n\t\t\t\t\t\t<div class=\"elementor-element elementor-element-0a5e704 elementor-widget elementor-widget-image\" data-id=\"0a5e704\" data-element_type=\"widget\" data-e-type=\"widget\" data-widget_type=\"image.default\">\n\t\t\t\t<div class=\"elementor-widget-container\">\n\t\t\t\t\t\t\t\t\t\t\t\t\t\t\t<img fetchpriority=\"high\" decoding=\"async\" width=\"768\" height=\"1024\" src=\"https:\/\/sambesx.com\/wp-content\/uploads\/2024\/03\/IMG_6750-768x1024.jpeg\" class=\"attachment-large size-large wp-image-2319\" alt=\"\" srcset=\"https:\/\/sambesx.com\/wp-content\/uploads\/2024\/03\/IMG_6750-768x1024.jpeg 768w, https:\/\/sambesx.com\/wp-content\/uploads\/2024\/03\/IMG_6750-225x300.jpeg 225w, https:\/\/sambesx.com\/wp-content\/uploads\/2024\/03\/IMG_6750-1152x1536.jpeg 1152w, https:\/\/sambesx.com\/wp-content\/uploads\/2024\/03\/IMG_6750.jpeg 1536w\" sizes=\"100vw\" \/>\t\t\t\t\t\t\t\t\t\t\t\t\t\t\t<\/div>\n\t\t\t\t<\/div>\n\t\t\t\t\t<\/div>\n\t\t<\/div>\n\t\t\t\t<div class=\"elementor-column elementor-col-50 elementor-top-column elementor-element elementor-element-924854f\" data-id=\"924854f\" data-element_type=\"column\" data-e-type=\"column\">\n\t\t\t<div class=\"elementor-widget-wrap elementor-element-populated\">\n\t\t\t\t\t\t<div class=\"elementor-element elementor-element-53f5850 elementor-widget elementor-widget-image\" data-id=\"53f5850\" data-element_type=\"widget\" data-e-type=\"widget\" data-widget_type=\"image.default\">\n\t\t\t\t<div class=\"elementor-widget-container\">\n\t\t\t\t\t\t\t\t\t\t\t\t\t\t\t<img decoding=\"async\" width=\"768\" height=\"1024\" src=\"https:\/\/sambesx.com\/wp-content\/uploads\/2024\/03\/IMG_6751-768x1024.jpeg\" class=\"attachment-large size-large wp-image-2320\" alt=\"\" srcset=\"https:\/\/sambesx.com\/wp-content\/uploads\/2024\/03\/IMG_6751-768x1024.jpeg 768w, https:\/\/sambesx.com\/wp-content\/uploads\/2024\/03\/IMG_6751-225x300.jpeg 225w, https:\/\/sambesx.com\/wp-content\/uploads\/2024\/03\/IMG_6751-1152x1536.jpeg 1152w, https:\/\/sambesx.com\/wp-content\/uploads\/2024\/03\/IMG_6751.jpeg 1536w\" sizes=\"100vw\" \/>\t\t\t\t\t\t\t\t\t\t\t\t\t\t\t<\/div>\n\t\t\t\t<\/div>\n\t\t\t\t\t<\/div>\n\t\t<\/div>\n\t\t\t\t\t<\/div>\n\t\t<\/section>\n\t\t\t\t<section class=\"elementor-section elementor-top-section elementor-element elementor-element-1742da0 elementor-section-boxed elementor-section-height-default elementor-section-height-default\" data-id=\"1742da0\" data-element_type=\"section\" data-e-type=\"section\">\n\t\t\t\t\t\t<div class=\"elementor-container elementor-column-gap-default\">\n\t\t\t\t\t<div class=\"elementor-column elementor-col-50 elementor-top-column elementor-element elementor-element-f07af6c\" data-id=\"f07af6c\" data-element_type=\"column\" data-e-type=\"column\">\n\t\t\t<div class=\"elementor-widget-wrap elementor-element-populated\">\n\t\t\t\t\t\t<div class=\"elementor-element elementor-element-8dcd1dc elementor-widget elementor-widget-image\" data-id=\"8dcd1dc\" data-element_type=\"widget\" data-e-type=\"widget\" data-widget_type=\"image.default\">\n\t\t\t\t<div class=\"elementor-widget-container\">\n\t\t\t\t\t\t\t\t\t\t\t\t\t\t\t<img decoding=\"async\" width=\"768\" height=\"1024\" src=\"https:\/\/sambesx.com\/wp-content\/uploads\/2024\/03\/IMG_6753-768x1024.jpeg\" class=\"attachment-large size-large wp-image-2322\" alt=\"\" srcset=\"https:\/\/sambesx.com\/wp-content\/uploads\/2024\/03\/IMG_6753-768x1024.jpeg 768w, https:\/\/sambesx.com\/wp-content\/uploads\/2024\/03\/IMG_6753-225x300.jpeg 225w, https:\/\/sambesx.com\/wp-content\/uploads\/2024\/03\/IMG_6753-1152x1536.jpeg 1152w, https:\/\/sambesx.com\/wp-content\/uploads\/2024\/03\/IMG_6753.jpeg 1536w\" sizes=\"100vw\" \/>\t\t\t\t\t\t\t\t\t\t\t\t\t\t\t<\/div>\n\t\t\t\t<\/div>\n\t\t\t\t\t<\/div>\n\t\t<\/div>\n\t\t\t\t<div class=\"elementor-column elementor-col-50 elementor-top-column elementor-element elementor-element-2f95024\" data-id=\"2f95024\" data-element_type=\"column\" data-e-type=\"column\">\n\t\t\t<div class=\"elementor-widget-wrap elementor-element-populated\">\n\t\t\t\t\t\t<div class=\"elementor-element elementor-element-a222733 elementor-widget elementor-widget-image\" data-id=\"a222733\" data-element_type=\"widget\" data-e-type=\"widget\" data-widget_type=\"image.default\">\n\t\t\t\t<div class=\"elementor-widget-container\">\n\t\t\t\t\t\t\t\t\t\t\t\t\t\t\t<img loading=\"lazy\" decoding=\"async\" width=\"768\" height=\"1024\" src=\"https:\/\/sambesx.com\/wp-content\/uploads\/2024\/03\/IMG_6755-768x1024.jpeg\" class=\"attachment-large size-large wp-image-2324\" alt=\"\" srcset=\"https:\/\/sambesx.com\/wp-content\/uploads\/2024\/03\/IMG_6755-768x1024.jpeg 768w, https:\/\/sambesx.com\/wp-content\/uploads\/2024\/03\/IMG_6755-225x300.jpeg 225w, https:\/\/sambesx.com\/wp-content\/uploads\/2024\/03\/IMG_6755-1152x1536.jpeg 1152w, https:\/\/sambesx.com\/wp-content\/uploads\/2024\/03\/IMG_6755.jpeg 1536w\" sizes=\"100vw\" \/>\t\t\t\t\t\t\t\t\t\t\t\t\t\t\t<\/div>\n\t\t\t\t<\/div>\n\t\t\t\t\t<\/div>\n\t\t<\/div>\n\t\t\t\t\t<\/div>\n\t\t<\/section>\n\t\t\t\t<section class=\"elementor-section elementor-top-section elementor-element elementor-element-39c8e53 elementor-section-boxed elementor-section-height-default elementor-section-height-default\" data-id=\"39c8e53\" data-element_type=\"section\" data-e-type=\"section\">\n\t\t\t\t\t\t<div class=\"elementor-container elementor-column-gap-default\">\n\t\t\t\t\t<div class=\"elementor-column elementor-col-50 elementor-top-column elementor-element elementor-element-99e970e\" data-id=\"99e970e\" data-element_type=\"column\" data-e-type=\"column\">\n\t\t\t<div class=\"elementor-widget-wrap elementor-element-populated\">\n\t\t\t\t\t\t<div class=\"elementor-element elementor-element-f073fd8 elementor-widget elementor-widget-image\" data-id=\"f073fd8\" data-element_type=\"widget\" data-e-type=\"widget\" data-widget_type=\"image.default\">\n\t\t\t\t<div class=\"elementor-widget-container\">\n\t\t\t\t\t\t\t\t\t\t\t\t\t\t\t<img loading=\"lazy\" decoding=\"async\" width=\"768\" height=\"1024\" src=\"https:\/\/sambesx.com\/wp-content\/uploads\/2024\/03\/IMG_6752-768x1024.jpeg\" class=\"attachment-large size-large wp-image-2321\" alt=\"\" srcset=\"https:\/\/sambesx.com\/wp-content\/uploads\/2024\/03\/IMG_6752-768x1024.jpeg 768w, https:\/\/sambesx.com\/wp-content\/uploads\/2024\/03\/IMG_6752-225x300.jpeg 225w, https:\/\/sambesx.com\/wp-content\/uploads\/2024\/03\/IMG_6752-1152x1536.jpeg 1152w, https:\/\/sambesx.com\/wp-content\/uploads\/2024\/03\/IMG_6752.jpeg 1536w\" sizes=\"100vw\" \/>\t\t\t\t\t\t\t\t\t\t\t\t\t\t\t<\/div>\n\t\t\t\t<\/div>\n\t\t\t\t\t<\/div>\n\t\t<\/div>\n\t\t\t\t<div class=\"elementor-column elementor-col-50 elementor-top-column elementor-element elementor-element-eb4b452\" data-id=\"eb4b452\" data-element_type=\"column\" data-e-type=\"column\">\n\t\t\t<div class=\"elementor-widget-wrap\">\n\t\t\t\t\t\t\t<\/div>\n\t\t<\/div>\n\t\t\t\t\t<\/div>\n\t\t<\/section>\n\t\t\t\t<section class=\"elementor-section elementor-top-section elementor-element elementor-element-23a67ab elementor-section-boxed elementor-section-height-default elementor-section-height-default\" data-id=\"23a67ab\" data-element_type=\"section\" data-e-type=\"section\">\n\t\t\t\t\t\t<div class=\"elementor-container elementor-column-gap-default\">\n\t\t\t\t\t<div class=\"elementor-column elementor-col-100 elementor-top-column elementor-element elementor-element-0ef345e\" data-id=\"0ef345e\" data-element_type=\"column\" data-e-type=\"column\">\n\t\t\t<div class=\"elementor-widget-wrap elementor-element-populated\">\n\t\t\t\t\t\t<div class=\"elementor-element elementor-element-f0a3c95 elementor-widget elementor-widget-heading\" data-id=\"f0a3c95\" data-element_type=\"widget\" data-e-type=\"widget\" data-widget_type=\"heading.default\">\n\t\t\t\t<div class=\"elementor-widget-container\">\n\t\t\t\t\t<h2 class=\"elementor-heading-title elementor-size-medium\">TAKS\u0130TL\u0130 F\u0130YATI : 41.000\u20ba\n\n<br>NAK\u0130T F\u0130YATI : 48.000\u20ba<\/h2>\t\t\t\t<\/div>\n\t\t\t\t<\/div>\n\t\t\t\t\t<\/div>\n\t\t<\/div>\n\t\t\t\t\t<\/div>\n\t\t<\/section>\n\t\t\t\t<section class=\"elementor-section elementor-top-section elementor-element elementor-element-b1778f9 elementor-section-boxed elementor-section-height-default elementor-section-height-default\" data-id=\"b1778f9\" data-element_type=\"section\" data-e-type=\"section\">\n\t\t\t\t\t\t<div class=\"elementor-container elementor-column-gap-default\">\n\t\t\t\t\t<div class=\"elementor-column elementor-col-100 elementor-top-column elementor-element elementor-element-f95087c\" data-id=\"f95087c\" data-element_type=\"column\" data-e-type=\"column\">\n\t\t\t<div class=\"elementor-widget-wrap elementor-element-populated\">\n\t\t\t\t\t\t<div class=\"elementor-element elementor-element-8c72045 elementor-widget elementor-widget-text-editor\" data-id=\"8c72045\" data-element_type=\"widget\" data-e-type=\"widget\" data-widget_type=\"text-editor.default\">\n\t\t\t\t<div class=\"elementor-widget-container\">\n\t\t\t\t\t\t\t\t\t<h3 style=\"padding-top: 0.625em;\"><u>\u00dcr\u00fcn \u00d6l\u00e7\u00fcleri;<\/u><\/h3><h5>Y\u00fckseklik :210 cm<\/h5><h4 style=\"font-size: 16px;\">Geni\u015flik&nbsp; &nbsp;:160-170-180-190&nbsp; cm<\/h4><h4 style=\"font-size: 16px;\">Derinlik&nbsp; &nbsp;:50 cm<\/h4><h3><u>\u00dcr\u00fcn \u00d6zellikleri<\/u><\/h3><h4 style=\"font-size: 16px;\">-\u00dcr\u00fcnlerimizde 18mm&nbsp;<u>1.S\u0131n\u0131f Mdf&nbsp;v<\/u>e kur\u015fun i\u00e7ermeyen Lake boya kullan\u0131lm\u0131\u015ft\u0131r.<p><\/p><p>-i\u00e7 ve d\u0131\u015f olmak \u00fczere tamam\u0131 boyal\u0131d\u0131r.<\/p><p>-Kullan\u0131lan Boya \u00e7ocuk sa\u011fl\u0131\u011f\u0131 \u00f6n planda tutularak se\u00e7ilmi\u015f 1.s\u0131n\u0131f Poli\u00fcretan Lake Boyad\u0131r.<\/p><p>-Kapak ve \u00c7ekmecelerinde 1.s\u0131n\u0131f frenli ray, mente\u015fe sistemi mevcuttur.<\/p><\/h4><h4 style=\"font-size: 16px;\">-Kapak say\u0131s\u0131&nbsp;<u>4<\/u>&nbsp;adet<\/h4><h4 style=\"font-size: 16px;\">-\u00c7ekmece say\u0131s\u0131 4 adet<\/h4><h4 style=\"font-size: 16px;\">-Nakliye Fiyata Dahildir.<br><br>-T\u00fcrkiye&#8217;nin her iline nakliye hizmetimiz vard\u0131r.<\/h4>\t\t\t\t\t\t\t\t<\/div>\n\t\t\t\t<\/div>\n\t\t\t\t\t<\/div>\n\t\t<\/div>\n\t\t\t\t\t<\/div>\n\t\t<\/section>\n\t\t\t\t<\/div>\n\t\t","protected":false},"excerpt":{"rendered":"<p>TAKS\u0130TL\u0130 F\u0130YATI : 41.000\u20ba NAK\u0130T F\u0130YATI : 48.000\u20ba \u00dcr\u00fcn \u00d6l\u00e7\u00fcleri; Y\u00fckseklik :210 cm Geni\u015flik&nbsp; &nbsp;:160-170-180-190&nbsp; cm Derinlik&nbsp; &nbsp;:50 cm \u00dcr\u00fcn \u00d6zellikleri -\u00dcr\u00fcnlerimizde 18mm&nbsp;1.S\u0131n\u0131f Mdf&nbsp;ve kur\u015fun i\u00e7ermeyen Lake boya kullan\u0131lm\u0131\u015ft\u0131r. -i\u00e7 ve d\u0131\u015f olmak \u00fczere tamam\u0131 boyal\u0131d\u0131r. -Kullan\u0131lan Boya \u00e7ocuk sa\u011fl\u0131\u011f\u0131 \u00f6n planda tutularak se\u00e7ilmi\u015f 1.s\u0131n\u0131f Poli\u00fcretan Lake Boyad\u0131r. -Kapak ve \u00c7ekmecelerinde 1.s\u0131n\u0131f frenli ray, mente\u015fe &hellip; <\/p>\n<p class=\"link-more\"><a href=\"https:\/\/sambesx.com\/index.php\/model-17\/\" class=\"more-link\">Read more<span class=\"screen-reader-text\"> &#8220;model-17&#8221;<\/span><\/a><\/p>\n","protected":false},"author":1,"featured_media":0,"parent":0,"menu_order":0,"comment_status":"closed","ping_status":"closed","template":"","meta":{"inspiro_hide_title":false,"_joinchat":[],"footnotes":""},"class_list":["post-2334","page","type-page","status-publish","hentry"],"_links":{"self":[{"href":"https:\/\/sambesx.com\/index.php\/wp-json\/wp\/v2\/pages\/2334","targetHints":{"allow":["GET"]}}],"collection":[{"href":"https:\/\/sambesx.com\/index.php\/wp-json\/wp\/v2\/pages"}],"about":[{"href":"https:\/\/sambesx.com\/index.php\/wp-json\/wp\/v2\/types\/page"}],"author":[{"embeddable":true,"href":"https:\/\/sambesx.com\/index.php\/wp-json\/wp\/v2\/users\/1"}],"replies":[{"embeddable":true,"href":"https:\/\/sambesx.com\/index.php\/wp-json\/wp\/v2\/comments?post=2334"}],"version-history":[{"count":27,"href":"https:\/\/sambesx.com\/index.php\/wp-json\/wp\/v2\/pages\/2334\/revisions"}],"predecessor-version":[{"id":3789,"href":"https:\/\/sambesx.com\/index.php\/wp-json\/wp\/v2\/pages\/2334\/revisions\/3789"}],"wp:attachment":[{"href":"https:\/\/sambesx.com\/index.php\/wp-json\/wp\/v2\/media?parent=2334"}],"curies":[{"name":"wp","href":"https:\/\/api.w.org\/{rel}","templated":true}]}}