{"id":218,"date":"2023-06-15T22:26:25","date_gmt":"2023-06-15T19:26:25","guid":{"rendered":"https:\/\/sambesx.com\/?page_id=218"},"modified":"2025-11-30T10:43:34","modified_gmt":"2025-11-30T07:43:34","slug":"model-5","status":"publish","type":"page","link":"https:\/\/sambesx.com\/index.php\/model-5\/","title":{"rendered":"Model-5"},"content":{"rendered":"\t\t<div data-elementor-type=\"wp-page\" data-elementor-id=\"218\" class=\"elementor elementor-218\">\n\t\t\t\t\t\t<section class=\"elementor-section elementor-top-section elementor-element elementor-element-1882d1f elementor-section-boxed elementor-section-height-default elementor-section-height-default\" data-id=\"1882d1f\" data-element_type=\"section\" data-e-type=\"section\">\n\t\t\t\t\t\t<div class=\"elementor-container elementor-column-gap-default\">\n\t\t\t\t\t<div class=\"elementor-column elementor-col-50 elementor-top-column elementor-element elementor-element-17a3c2a\" data-id=\"17a3c2a\" data-element_type=\"column\" data-e-type=\"column\">\n\t\t\t<div class=\"elementor-widget-wrap elementor-element-populated\">\n\t\t\t\t\t\t<div class=\"elementor-element elementor-element-0158c45 elementor-widget elementor-widget-image\" data-id=\"0158c45\" data-element_type=\"widget\" data-e-type=\"widget\" data-widget_type=\"image.default\">\n\t\t\t\t<div class=\"elementor-widget-container\">\n\t\t\t\t\t\t\t\t\t\t\t\t\t\t\t<img fetchpriority=\"high\" decoding=\"async\" width=\"480\" height=\"640\" src=\"https:\/\/sambesx.com\/wp-content\/uploads\/2023\/06\/1-SITE-6-rotated.jpeg\" class=\"attachment-large size-large wp-image-220\" alt=\"\" srcset=\"https:\/\/sambesx.com\/wp-content\/uploads\/2023\/06\/1-SITE-6-rotated.jpeg 480w, https:\/\/sambesx.com\/wp-content\/uploads\/2023\/06\/1-SITE-6-225x300.jpeg 225w\" sizes=\"100vw\" \/>\t\t\t\t\t\t\t\t\t\t\t\t\t\t\t<\/div>\n\t\t\t\t<\/div>\n\t\t\t\t\t<\/div>\n\t\t<\/div>\n\t\t\t\t<div class=\"elementor-column elementor-col-50 elementor-top-column elementor-element elementor-element-8794bc6\" data-id=\"8794bc6\" data-element_type=\"column\" data-e-type=\"column\">\n\t\t\t<div class=\"elementor-widget-wrap elementor-element-populated\">\n\t\t\t\t\t\t<div class=\"elementor-element elementor-element-552d3ce elementor-widget elementor-widget-image\" data-id=\"552d3ce\" data-element_type=\"widget\" data-e-type=\"widget\" data-widget_type=\"image.default\">\n\t\t\t\t<div class=\"elementor-widget-container\">\n\t\t\t\t\t\t\t\t\t\t\t\t\t\t\t<img decoding=\"async\" width=\"480\" height=\"640\" src=\"https:\/\/sambesx.com\/wp-content\/uploads\/2023\/06\/3-KAPAK-DUZ-MODEL-5-2-rotated.jpeg\" class=\"attachment-large size-large wp-image-221\" alt=\"\" srcset=\"https:\/\/sambesx.com\/wp-content\/uploads\/2023\/06\/3-KAPAK-DUZ-MODEL-5-2-rotated.jpeg 480w, https:\/\/sambesx.com\/wp-content\/uploads\/2023\/06\/3-KAPAK-DUZ-MODEL-5-2-225x300.jpeg 225w\" sizes=\"100vw\" \/>\t\t\t\t\t\t\t\t\t\t\t\t\t\t\t<\/div>\n\t\t\t\t<\/div>\n\t\t\t\t\t<\/div>\n\t\t<\/div>\n\t\t\t\t\t<\/div>\n\t\t<\/section>\n\t\t\t\t<section class=\"elementor-section elementor-top-section elementor-element elementor-element-6416cb6 elementor-section-boxed elementor-section-height-default elementor-section-height-default\" data-id=\"6416cb6\" data-element_type=\"section\" data-e-type=\"section\">\n\t\t\t\t\t\t<div class=\"elementor-container elementor-column-gap-default\">\n\t\t\t\t\t<div class=\"elementor-column elementor-col-100 elementor-top-column elementor-element elementor-element-74fd06f\" data-id=\"74fd06f\" data-element_type=\"column\" data-e-type=\"column\">\n\t\t\t<div class=\"elementor-widget-wrap elementor-element-populated\">\n\t\t\t\t\t\t<div class=\"elementor-element elementor-element-3e39142 elementor-widget elementor-widget-heading\" data-id=\"3e39142\" data-element_type=\"widget\" data-e-type=\"widget\" data-widget_type=\"heading.default\">\n\t\t\t\t<div class=\"elementor-widget-container\">\n\t\t\t\t\t<h2 class=\"elementor-heading-title elementor-size-default\">A\u00e7\u0131klama<\/h2>\t\t\t\t<\/div>\n\t\t\t\t<\/div>\n\t\t\t\t\t<\/div>\n\t\t<\/div>\n\t\t\t\t\t<\/div>\n\t\t<\/section>\n\t\t\t\t<section class=\"elementor-section elementor-top-section elementor-element elementor-element-6d13c92 elementor-section-boxed elementor-section-height-default elementor-section-height-default\" data-id=\"6d13c92\" data-element_type=\"section\" data-e-type=\"section\">\n\t\t\t\t\t\t<div class=\"elementor-container elementor-column-gap-default\">\n\t\t\t\t\t<div class=\"elementor-column elementor-col-100 elementor-top-column elementor-element elementor-element-673045e\" data-id=\"673045e\" data-element_type=\"column\" data-e-type=\"column\">\n\t\t\t<div class=\"elementor-widget-wrap elementor-element-populated\">\n\t\t\t\t\t\t<div class=\"elementor-element elementor-element-b209baf elementor-widget elementor-widget-heading\" data-id=\"b209baf\" data-element_type=\"widget\" data-e-type=\"widget\" data-widget_type=\"heading.default\">\n\t\t\t\t<div class=\"elementor-widget-container\">\n\t\t\t\t\t<h2 class=\"elementor-heading-title elementor-size-medium\">TAKS\u0130TL\u0130 F\u0130YATI : 35.300\u20ba<br>NAK\u0130T F\u0130YATI : 30.000\u20ba<\/h2>\t\t\t\t<\/div>\n\t\t\t\t<\/div>\n\t\t\t\t\t<\/div>\n\t\t<\/div>\n\t\t\t\t\t<\/div>\n\t\t<\/section>\n\t\t\t\t<section class=\"elementor-section elementor-top-section elementor-element elementor-element-888862a elementor-section-boxed elementor-section-height-default elementor-section-height-default\" data-id=\"888862a\" data-element_type=\"section\" data-e-type=\"section\">\n\t\t\t\t\t\t<div class=\"elementor-container elementor-column-gap-default\">\n\t\t\t\t\t<div class=\"elementor-column elementor-col-100 elementor-top-column elementor-element elementor-element-24131de\" data-id=\"24131de\" data-element_type=\"column\" data-e-type=\"column\">\n\t\t\t<div class=\"elementor-widget-wrap elementor-element-populated\">\n\t\t\t\t\t\t<div class=\"elementor-element elementor-element-79b0651 elementor-widget elementor-widget-text-editor\" data-id=\"79b0651\" data-element_type=\"widget\" data-e-type=\"widget\" data-widget_type=\"text-editor.default\">\n\t\t\t\t<div class=\"elementor-widget-container\">\n\t\t\t\t\t\t\t\t\t<h3 style=\"padding-top: 0.625em;\"><u>\u00dcr\u00fcn \u00d6l\u00e7\u00fcleri;<\/u><\/h3>\n<h5>Y\u00fckseklik :210 cm<\/h5>\n<h4 style=\"font-size: 16px;\">Geni\u015flik&nbsp; &nbsp;:120-130-140-150&nbsp; cm<\/h4>\n<h4 style=\"font-size: 16px;\">Derinlik&nbsp; &nbsp;:50 cm<\/h4>\n<h3><u>\u00dcr\u00fcn \u00d6zellikleri<\/u><\/h3>\n<h4 style=\"font-size: 16px;\">-\u00dcr\u00fcnlerimizde 18mm&nbsp;<u>1.S\u0131n\u0131f Mdf&nbsp;v<\/u>e kur\u015fun i\u00e7ermeyen Lake boya kullan\u0131lm\u0131\u015ft\u0131r.<p><\/p>\n<p>-i\u00e7 ve d\u0131\u015f olmak \u00fczere tamam\u0131 boyal\u0131d\u0131r.<\/p>\n<p>-Kullan\u0131lan Boya \u00e7ocuk sa\u011fl\u0131\u011f\u0131 \u00f6n planda tutularak se\u00e7ilmi\u015f 1.s\u0131n\u0131f Poli\u00fcretan Lake Boyad\u0131r.<\/p>\n<p>-Kapak ve \u00c7ekmecelerinde 1.s\u0131n\u0131f frenli ray, mente\u015fe sistemi mevcuttur.<\/p>\n<\/h4>\n<h4 style=\"font-size: 16px;\">-Kapak say\u0131s\u0131&nbsp;<u>3<\/u>&nbsp;adet<\/h4>\n<h4 style=\"font-size: 16px;\">-\u00c7ekmece say\u0131s\u0131 2 adet<\/h4>\n<h4 style=\"font-size: 16px;\">-Nakliye Fiyata Dahildir.<\/h4>\t\t\t\t\t\t\t\t<\/div>\n\t\t\t\t<\/div>\n\t\t\t\t\t<\/div>\n\t\t<\/div>\n\t\t\t\t\t<\/div>\n\t\t<\/section>\n\t\t\t\t<\/div>\n\t\t","protected":false},"excerpt":{"rendered":"<p>A\u00e7\u0131klama TAKS\u0130TL\u0130 F\u0130YATI : 35.300\u20baNAK\u0130T F\u0130YATI : 30.000\u20ba \u00dcr\u00fcn \u00d6l\u00e7\u00fcleri; Y\u00fckseklik :210 cm Geni\u015flik&nbsp; &nbsp;:120-130-140-150&nbsp; cm Derinlik&nbsp; &nbsp;:50 cm \u00dcr\u00fcn \u00d6zellikleri -\u00dcr\u00fcnlerimizde 18mm&nbsp;1.S\u0131n\u0131f Mdf&nbsp;ve kur\u015fun i\u00e7ermeyen Lake boya kullan\u0131lm\u0131\u015ft\u0131r. -i\u00e7 ve d\u0131\u015f olmak \u00fczere tamam\u0131 boyal\u0131d\u0131r. -Kullan\u0131lan Boya \u00e7ocuk sa\u011fl\u0131\u011f\u0131 \u00f6n planda tutularak se\u00e7ilmi\u015f 1.s\u0131n\u0131f Poli\u00fcretan Lake Boyad\u0131r. -Kapak ve \u00c7ekmecelerinde 1.s\u0131n\u0131f frenli ray, mente\u015fe &hellip; <\/p>\n<p class=\"link-more\"><a href=\"https:\/\/sambesx.com\/index.php\/model-5\/\" class=\"more-link\">Read more<span class=\"screen-reader-text\"> &#8220;Model-5&#8221;<\/span><\/a><\/p>\n","protected":false},"author":1,"featured_media":0,"parent":0,"menu_order":0,"comment_status":"closed","ping_status":"closed","template":"","meta":{"inspiro_hide_title":false,"_joinchat":[],"footnotes":""},"class_list":["post-218","page","type-page","status-publish","hentry"],"_links":{"self":[{"href":"https:\/\/sambesx.com\/index.php\/wp-json\/wp\/v2\/pages\/218","targetHints":{"allow":["GET"]}}],"collection":[{"href":"https:\/\/sambesx.com\/index.php\/wp-json\/wp\/v2\/pages"}],"about":[{"href":"https:\/\/sambesx.com\/index.php\/wp-json\/wp\/v2\/types\/page"}],"author":[{"embeddable":true,"href":"https:\/\/sambesx.com\/index.php\/wp-json\/wp\/v2\/users\/1"}],"replies":[{"embeddable":true,"href":"https:\/\/sambesx.com\/index.php\/wp-json\/wp\/v2\/comments?post=218"}],"version-history":[{"count":51,"href":"https:\/\/sambesx.com\/index.php\/wp-json\/wp\/v2\/pages\/218\/revisions"}],"predecessor-version":[{"id":3743,"href":"https:\/\/sambesx.com\/index.php\/wp-json\/wp\/v2\/pages\/218\/revisions\/3743"}],"wp:attachment":[{"href":"https:\/\/sambesx.com\/index.php\/wp-json\/wp\/v2\/media?parent=218"}],"curies":[{"name":"wp","href":"https:\/\/api.w.org\/{rel}","templated":true}]}}