{"id":2010,"date":"2024-02-04T17:11:26","date_gmt":"2024-02-04T14:11:26","guid":{"rendered":"https:\/\/sambesx.com\/?page_id=2010"},"modified":"2025-11-30T11:15:23","modified_gmt":"2025-11-30T08:15:23","slug":"model-11","status":"publish","type":"page","link":"https:\/\/sambesx.com\/index.php\/model-11\/","title":{"rendered":"model-11"},"content":{"rendered":"\t\t<div data-elementor-type=\"wp-page\" data-elementor-id=\"2010\" class=\"elementor elementor-2010\">\n\t\t\t\t\t\t<section class=\"elementor-section elementor-top-section elementor-element elementor-element-81ebcbd elementor-section-boxed elementor-section-height-default elementor-section-height-default\" data-id=\"81ebcbd\" data-element_type=\"section\" data-e-type=\"section\">\n\t\t\t\t\t\t<div class=\"elementor-container elementor-column-gap-default\">\n\t\t\t\t\t<div class=\"elementor-column elementor-col-50 elementor-top-column elementor-element elementor-element-9f7a355\" data-id=\"9f7a355\" data-element_type=\"column\" data-e-type=\"column\">\n\t\t\t<div class=\"elementor-widget-wrap elementor-element-populated\">\n\t\t\t\t\t\t<div class=\"elementor-element elementor-element-bd3e52c elementor-widget elementor-widget-image\" data-id=\"bd3e52c\" data-element_type=\"widget\" data-e-type=\"widget\" data-widget_type=\"image.default\">\n\t\t\t\t<div class=\"elementor-widget-container\">\n\t\t\t\t\t\t\t\t\t\t\t\t\t\t\t<img fetchpriority=\"high\" decoding=\"async\" width=\"768\" height=\"1024\" src=\"https:\/\/sambesx.com\/wp-content\/uploads\/2024\/02\/IMG_0056-768x1024.jpeg\" class=\"attachment-large size-large wp-image-2013\" alt=\"\" srcset=\"https:\/\/sambesx.com\/wp-content\/uploads\/2024\/02\/IMG_0056-768x1024.jpeg 768w, https:\/\/sambesx.com\/wp-content\/uploads\/2024\/02\/IMG_0056-225x300.jpeg 225w, https:\/\/sambesx.com\/wp-content\/uploads\/2024\/02\/IMG_0056-1152x1536.jpeg 1152w, https:\/\/sambesx.com\/wp-content\/uploads\/2024\/02\/IMG_0056.jpeg 1536w\" sizes=\"100vw\" \/>\t\t\t\t\t\t\t\t\t\t\t\t\t\t\t<\/div>\n\t\t\t\t<\/div>\n\t\t\t\t\t<\/div>\n\t\t<\/div>\n\t\t\t\t<div class=\"elementor-column elementor-col-50 elementor-top-column elementor-element elementor-element-d2b6780\" data-id=\"d2b6780\" data-element_type=\"column\" data-e-type=\"column\">\n\t\t\t<div class=\"elementor-widget-wrap elementor-element-populated\">\n\t\t\t\t\t\t<div class=\"elementor-element elementor-element-9ae30ab elementor-widget elementor-widget-image\" data-id=\"9ae30ab\" data-element_type=\"widget\" data-e-type=\"widget\" data-widget_type=\"image.default\">\n\t\t\t\t<div class=\"elementor-widget-container\">\n\t\t\t\t\t\t\t\t\t\t\t\t\t\t\t<img decoding=\"async\" width=\"768\" height=\"1024\" src=\"https:\/\/sambesx.com\/wp-content\/uploads\/2024\/02\/IMG_0058-768x1024.jpeg\" class=\"attachment-large size-large wp-image-2012\" alt=\"\" srcset=\"https:\/\/sambesx.com\/wp-content\/uploads\/2024\/02\/IMG_0058-768x1024.jpeg 768w, https:\/\/sambesx.com\/wp-content\/uploads\/2024\/02\/IMG_0058-225x300.jpeg 225w, https:\/\/sambesx.com\/wp-content\/uploads\/2024\/02\/IMG_0058-1152x1536.jpeg 1152w, https:\/\/sambesx.com\/wp-content\/uploads\/2024\/02\/IMG_0058.jpeg 1536w\" sizes=\"100vw\" \/>\t\t\t\t\t\t\t\t\t\t\t\t\t\t\t<\/div>\n\t\t\t\t<\/div>\n\t\t\t\t\t<\/div>\n\t\t<\/div>\n\t\t\t\t\t<\/div>\n\t\t<\/section>\n\t\t\t\t<section class=\"elementor-section elementor-top-section elementor-element elementor-element-598d521 elementor-section-boxed elementor-section-height-default elementor-section-height-default\" data-id=\"598d521\" data-element_type=\"section\" data-e-type=\"section\">\n\t\t\t\t\t\t<div class=\"elementor-container elementor-column-gap-default\">\n\t\t\t\t\t<div class=\"elementor-column elementor-col-100 elementor-top-column elementor-element elementor-element-deaee72\" data-id=\"deaee72\" data-element_type=\"column\" data-e-type=\"column\">\n\t\t\t<div class=\"elementor-widget-wrap elementor-element-populated\">\n\t\t\t\t\t\t<div class=\"elementor-element elementor-element-a01c37b elementor-widget elementor-widget-heading\" data-id=\"a01c37b\" data-element_type=\"widget\" data-e-type=\"widget\" data-widget_type=\"heading.default\">\n\t\t\t\t<div class=\"elementor-widget-container\">\n\t\t\t\t\t<h2 class=\"elementor-heading-title elementor-size-medium\"><h2 class=\"elementor-heading-title elementor-size-medium elementor-inline-editing pen\" data-elementor-setting-key=\"title\" data-pen-placeholder=\"Buraya yaz...\">TAKS\u0130TL\u0130 F\u0130YATI : 44.000\u20ba\n<\/h2>NAK\u0130T F\u0130YATI : 37.500\u20ba<\/h2>\t\t\t\t<\/div>\n\t\t\t\t<\/div>\n\t\t\t\t\t<\/div>\n\t\t<\/div>\n\t\t\t\t\t<\/div>\n\t\t<\/section>\n\t\t\t\t<section class=\"elementor-section elementor-top-section elementor-element elementor-element-439b579 elementor-section-boxed elementor-section-height-default elementor-section-height-default\" data-id=\"439b579\" data-element_type=\"section\" data-e-type=\"section\">\n\t\t\t\t\t\t<div class=\"elementor-container elementor-column-gap-default\">\n\t\t\t\t\t<div class=\"elementor-column elementor-col-100 elementor-top-column elementor-element elementor-element-34cbc37\" data-id=\"34cbc37\" data-element_type=\"column\" data-e-type=\"column\">\n\t\t\t<div class=\"elementor-widget-wrap elementor-element-populated\">\n\t\t\t\t\t\t<div class=\"elementor-element elementor-element-1b33ad7 elementor-widget elementor-widget-text-editor\" data-id=\"1b33ad7\" data-element_type=\"widget\" data-e-type=\"widget\" data-widget_type=\"text-editor.default\">\n\t\t\t\t<div class=\"elementor-widget-container\">\n\t\t\t\t\t\t\t\t\t<h3 style=\"padding-top: 0.625em; text-align: center; font-family: Roboto, sans-serif;\"><u>\u00dcr\u00fcn \u00d6l\u00e7\u00fcleri;<\/u><\/h3><h5 style=\"text-align: center; font-family: Roboto, sans-serif;\">Y\u00fckseklik :210 cm<\/h5><h4 style=\"font-size: 16px; text-align: center; font-family: Roboto, sans-serif;\">Geni\u015flik&nbsp; &nbsp;:160-170-180-190&nbsp; cm<\/h4><h4 style=\"font-size: 16px; text-align: center; font-family: Roboto, sans-serif;\">Derinlik&nbsp; &nbsp;:50 cm<\/h4><h3 style=\"text-align: center; font-family: Roboto, sans-serif;\"><u>\u00dcr\u00fcn \u00d6zellikleri<\/u><\/h3><h4 style=\"font-size: 16px; text-align: center; font-family: Roboto, sans-serif;\">-\u00dcr\u00fcnlerimizde 18mm&nbsp;<u>1.S\u0131n\u0131f Mdf&nbsp;v<\/u>e kur\u015fun i\u00e7ermeyen Lake boya kullan\u0131lm\u0131\u015ft\u0131r.<p><\/p><p>-i\u00e7 ve d\u0131\u015f olmak \u00fczere tamam\u0131 boyal\u0131d\u0131r.<\/p><p>-Kullan\u0131lan Boya \u00e7ocuk sa\u011fl\u0131\u011f\u0131 \u00f6n planda tutularak se\u00e7ilmi\u015f 1.s\u0131n\u0131f Poli\u00fcretan Lake Boyad\u0131r.<\/p><p>-Kapak ve \u00c7ekmecelerinde 1.s\u0131n\u0131f frenli ray, mente\u015fe sistemi mevcuttur.<\/p><\/h4><h4 style=\"font-size: 16px; text-align: center; font-family: Roboto, sans-serif;\">-Kapak say\u0131s\u0131&nbsp;<u>4<\/u>&nbsp;adet<\/h4><h4 style=\"font-size: 16px; text-align: center; font-family: Roboto, sans-serif;\">-\u00c7ekmece say\u0131s\u0131 3 adet<\/h4><h4 style=\"font-size: 16px; text-align: center; font-family: Roboto, sans-serif;\">-Nakliye Fiyata Dahildir.<br><br>-T\u00fcrkiye&#8217;nin her iline nakliye hizmetimiz vard\u0131r.<\/h4>\t\t\t\t\t\t\t\t<\/div>\n\t\t\t\t<\/div>\n\t\t\t\t\t<\/div>\n\t\t<\/div>\n\t\t\t\t\t<\/div>\n\t\t<\/section>\n\t\t\t\t<\/div>\n\t\t","protected":false},"excerpt":{"rendered":"<p>TAKS\u0130TL\u0130 F\u0130YATI : 44.000\u20ba NAK\u0130T F\u0130YATI : 37.500\u20ba \u00dcr\u00fcn \u00d6l\u00e7\u00fcleri; Y\u00fckseklik :210 cm Geni\u015flik&nbsp; &nbsp;:160-170-180-190&nbsp; cm Derinlik&nbsp; &nbsp;:50 cm \u00dcr\u00fcn \u00d6zellikleri -\u00dcr\u00fcnlerimizde 18mm&nbsp;1.S\u0131n\u0131f Mdf&nbsp;ve kur\u015fun i\u00e7ermeyen Lake boya kullan\u0131lm\u0131\u015ft\u0131r. -i\u00e7 ve d\u0131\u015f olmak \u00fczere tamam\u0131 boyal\u0131d\u0131r. -Kullan\u0131lan Boya \u00e7ocuk sa\u011fl\u0131\u011f\u0131 \u00f6n planda tutularak se\u00e7ilmi\u015f 1.s\u0131n\u0131f Poli\u00fcretan Lake Boyad\u0131r. -Kapak ve \u00c7ekmecelerinde 1.s\u0131n\u0131f frenli ray, mente\u015fe &hellip; <\/p>\n<p class=\"link-more\"><a href=\"https:\/\/sambesx.com\/index.php\/model-11\/\" class=\"more-link\">Read more<span class=\"screen-reader-text\"> &#8220;model-11&#8221;<\/span><\/a><\/p>\n","protected":false},"author":1,"featured_media":0,"parent":0,"menu_order":0,"comment_status":"closed","ping_status":"closed","template":"","meta":{"inspiro_hide_title":false,"_joinchat":[],"footnotes":""},"class_list":["post-2010","page","type-page","status-publish","hentry"],"_links":{"self":[{"href":"https:\/\/sambesx.com\/index.php\/wp-json\/wp\/v2\/pages\/2010","targetHints":{"allow":["GET"]}}],"collection":[{"href":"https:\/\/sambesx.com\/index.php\/wp-json\/wp\/v2\/pages"}],"about":[{"href":"https:\/\/sambesx.com\/index.php\/wp-json\/wp\/v2\/types\/page"}],"author":[{"embeddable":true,"href":"https:\/\/sambesx.com\/index.php\/wp-json\/wp\/v2\/users\/1"}],"replies":[{"embeddable":true,"href":"https:\/\/sambesx.com\/index.php\/wp-json\/wp\/v2\/comments?post=2010"}],"version-history":[{"count":31,"href":"https:\/\/sambesx.com\/index.php\/wp-json\/wp\/v2\/pages\/2010\/revisions"}],"predecessor-version":[{"id":3819,"href":"https:\/\/sambesx.com\/index.php\/wp-json\/wp\/v2\/pages\/2010\/revisions\/3819"}],"wp:attachment":[{"href":"https:\/\/sambesx.com\/index.php\/wp-json\/wp\/v2\/media?parent=2010"}],"curies":[{"name":"wp","href":"https:\/\/api.w.org\/{rel}","templated":true}]}}