{"id":188,"date":"2023-06-15T22:19:50","date_gmt":"2023-06-15T19:19:50","guid":{"rendered":"https:\/\/sambesx.com\/?page_id=188"},"modified":"2025-11-30T10:40:29","modified_gmt":"2025-11-30T07:40:29","slug":"model-3","status":"publish","type":"page","link":"https:\/\/sambesx.com\/index.php\/model-3\/","title":{"rendered":"Model-3"},"content":{"rendered":"\t\t<div data-elementor-type=\"wp-page\" data-elementor-id=\"188\" class=\"elementor elementor-188\">\n\t\t\t\t\t\t<section class=\"elementor-section elementor-top-section elementor-element elementor-element-98ab58f elementor-section-boxed elementor-section-height-default elementor-section-height-default\" data-id=\"98ab58f\" data-element_type=\"section\" data-e-type=\"section\">\n\t\t\t\t\t\t<div class=\"elementor-container elementor-column-gap-default\">\n\t\t\t\t\t<div class=\"elementor-column elementor-col-25 elementor-top-column elementor-element elementor-element-1881cd4\" data-id=\"1881cd4\" data-element_type=\"column\" data-e-type=\"column\">\n\t\t\t<div class=\"elementor-widget-wrap elementor-element-populated\">\n\t\t\t\t\t\t<div class=\"elementor-element elementor-element-785d7f0 elementor-widget elementor-widget-image\" data-id=\"785d7f0\" data-element_type=\"widget\" data-e-type=\"widget\" data-widget_type=\"image.default\">\n\t\t\t\t<div class=\"elementor-widget-container\">\n\t\t\t\t\t\t\t\t\t\t\t\t\t\t\t<img fetchpriority=\"high\" decoding=\"async\" width=\"768\" height=\"1024\" src=\"https:\/\/sambesx.com\/wp-content\/uploads\/2023\/06\/1-SITE-4-768x1024.jpeg\" class=\"attachment-large size-large wp-image-190\" alt=\"\" srcset=\"https:\/\/sambesx.com\/wp-content\/uploads\/2023\/06\/1-SITE-4-768x1024.jpeg 768w, https:\/\/sambesx.com\/wp-content\/uploads\/2023\/06\/1-SITE-4-225x300.jpeg 225w, https:\/\/sambesx.com\/wp-content\/uploads\/2023\/06\/1-SITE-4-1152x1536.jpeg 1152w, https:\/\/sambesx.com\/wp-content\/uploads\/2023\/06\/1-SITE-4.jpeg 1536w\" sizes=\"100vw\" \/>\t\t\t\t\t\t\t\t\t\t\t\t\t\t\t<\/div>\n\t\t\t\t<\/div>\n\t\t\t\t\t<\/div>\n\t\t<\/div>\n\t\t\t\t<div class=\"elementor-column elementor-col-25 elementor-top-column elementor-element elementor-element-8d2b9f4\" data-id=\"8d2b9f4\" data-element_type=\"column\" data-e-type=\"column\">\n\t\t\t<div class=\"elementor-widget-wrap elementor-element-populated\">\n\t\t\t\t\t\t<div class=\"elementor-element elementor-element-ab3af91 elementor-widget elementor-widget-image\" data-id=\"ab3af91\" data-element_type=\"widget\" data-e-type=\"widget\" data-widget_type=\"image.default\">\n\t\t\t\t<div class=\"elementor-widget-container\">\n\t\t\t\t\t\t\t\t\t\t\t\t\t\t\t<img decoding=\"async\" width=\"768\" height=\"1024\" src=\"https:\/\/sambesx.com\/wp-content\/uploads\/2023\/06\/4-1-768x1024.jpg\" class=\"attachment-large size-large wp-image-191\" alt=\"\" srcset=\"https:\/\/sambesx.com\/wp-content\/uploads\/2023\/06\/4-1-768x1024.jpg 768w, https:\/\/sambesx.com\/wp-content\/uploads\/2023\/06\/4-1-225x300.jpg 225w, https:\/\/sambesx.com\/wp-content\/uploads\/2023\/06\/4-1-1152x1536.jpg 1152w, https:\/\/sambesx.com\/wp-content\/uploads\/2023\/06\/4-1.jpg 1536w\" sizes=\"100vw\" \/>\t\t\t\t\t\t\t\t\t\t\t\t\t\t\t<\/div>\n\t\t\t\t<\/div>\n\t\t\t\t\t<\/div>\n\t\t<\/div>\n\t\t\t\t<div class=\"elementor-column elementor-col-25 elementor-top-column elementor-element elementor-element-d92f5ea\" data-id=\"d92f5ea\" data-element_type=\"column\" data-e-type=\"column\">\n\t\t\t<div class=\"elementor-widget-wrap elementor-element-populated\">\n\t\t\t\t\t\t<div class=\"elementor-element elementor-element-1aade39 elementor-widget elementor-widget-image\" data-id=\"1aade39\" data-element_type=\"widget\" data-e-type=\"widget\" data-widget_type=\"image.default\">\n\t\t\t\t<div class=\"elementor-widget-container\">\n\t\t\t\t\t\t\t\t\t\t\t\t\t\t\t<img decoding=\"async\" width=\"768\" height=\"1024\" src=\"https:\/\/sambesx.com\/wp-content\/uploads\/2023\/06\/5-768x1024.jpg\" class=\"attachment-large size-large wp-image-193\" alt=\"\" srcset=\"https:\/\/sambesx.com\/wp-content\/uploads\/2023\/06\/5-768x1024.jpg 768w, https:\/\/sambesx.com\/wp-content\/uploads\/2023\/06\/5-225x300.jpg 225w, https:\/\/sambesx.com\/wp-content\/uploads\/2023\/06\/5-1152x1536.jpg 1152w, https:\/\/sambesx.com\/wp-content\/uploads\/2023\/06\/5.jpg 1536w\" sizes=\"100vw\" \/>\t\t\t\t\t\t\t\t\t\t\t\t\t\t\t<\/div>\n\t\t\t\t<\/div>\n\t\t\t\t\t<\/div>\n\t\t<\/div>\n\t\t\t\t<div class=\"elementor-column elementor-col-25 elementor-top-column elementor-element elementor-element-2ee6ceb\" data-id=\"2ee6ceb\" data-element_type=\"column\" data-e-type=\"column\">\n\t\t\t<div class=\"elementor-widget-wrap elementor-element-populated\">\n\t\t\t\t\t\t<div class=\"elementor-element elementor-element-868700f elementor-widget elementor-widget-image\" data-id=\"868700f\" data-element_type=\"widget\" data-e-type=\"widget\" data-widget_type=\"image.default\">\n\t\t\t\t<div class=\"elementor-widget-container\">\n\t\t\t\t\t\t\t\t\t\t\t\t\t\t\t<img loading=\"lazy\" decoding=\"async\" width=\"768\" height=\"1024\" src=\"https:\/\/sambesx.com\/wp-content\/uploads\/2023\/06\/6-768x1024.jpg\" class=\"attachment-large size-large wp-image-194\" alt=\"\" srcset=\"https:\/\/sambesx.com\/wp-content\/uploads\/2023\/06\/6-768x1024.jpg 768w, https:\/\/sambesx.com\/wp-content\/uploads\/2023\/06\/6-225x300.jpg 225w, https:\/\/sambesx.com\/wp-content\/uploads\/2023\/06\/6-1152x1536.jpg 1152w, https:\/\/sambesx.com\/wp-content\/uploads\/2023\/06\/6.jpg 1536w\" sizes=\"100vw\" \/>\t\t\t\t\t\t\t\t\t\t\t\t\t\t\t<\/div>\n\t\t\t\t<\/div>\n\t\t\t\t\t<\/div>\n\t\t<\/div>\n\t\t\t\t\t<\/div>\n\t\t<\/section>\n\t\t\t\t<section class=\"elementor-section elementor-top-section elementor-element elementor-element-bc1c304 elementor-section-boxed elementor-section-height-default elementor-section-height-default\" data-id=\"bc1c304\" data-element_type=\"section\" data-e-type=\"section\">\n\t\t\t\t\t\t<div class=\"elementor-container elementor-column-gap-default\">\n\t\t\t\t\t<div class=\"elementor-column elementor-col-33 elementor-top-column elementor-element elementor-element-d93a2da\" data-id=\"d93a2da\" data-element_type=\"column\" data-e-type=\"column\">\n\t\t\t<div class=\"elementor-widget-wrap elementor-element-populated\">\n\t\t\t\t\t\t<div class=\"elementor-element elementor-element-41888a7 elementor-widget elementor-widget-image\" data-id=\"41888a7\" data-element_type=\"widget\" data-e-type=\"widget\" data-widget_type=\"image.default\">\n\t\t\t\t<div class=\"elementor-widget-container\">\n\t\t\t\t\t\t\t\t\t\t\t\t\t\t\t<img loading=\"lazy\" decoding=\"async\" width=\"406\" height=\"543\" src=\"https:\/\/sambesx.com\/wp-content\/uploads\/2023\/06\/CITALI-DOLAP-MODEL-3-1.png\" class=\"attachment-large size-large wp-image-195\" alt=\"\" srcset=\"https:\/\/sambesx.com\/wp-content\/uploads\/2023\/06\/CITALI-DOLAP-MODEL-3-1.png 406w, https:\/\/sambesx.com\/wp-content\/uploads\/2023\/06\/CITALI-DOLAP-MODEL-3-1-224x300.png 224w\" sizes=\"100vw\" \/>\t\t\t\t\t\t\t\t\t\t\t\t\t\t\t<\/div>\n\t\t\t\t<\/div>\n\t\t\t\t\t<\/div>\n\t\t<\/div>\n\t\t\t\t<div class=\"elementor-column elementor-col-33 elementor-top-column elementor-element elementor-element-0857754\" data-id=\"0857754\" data-element_type=\"column\" data-e-type=\"column\">\n\t\t\t<div class=\"elementor-widget-wrap elementor-element-populated\">\n\t\t\t\t\t\t<div class=\"elementor-element elementor-element-77dea42 elementor-widget elementor-widget-image\" data-id=\"77dea42\" data-element_type=\"widget\" data-e-type=\"widget\" data-widget_type=\"image.default\">\n\t\t\t\t<div class=\"elementor-widget-container\">\n\t\t\t\t\t\t\t\t\t\t\t\t\t\t\t<img loading=\"lazy\" decoding=\"async\" width=\"480\" height=\"640\" src=\"https:\/\/sambesx.com\/wp-content\/uploads\/2023\/06\/CITALI-DOLAP-MODEL-3-2-rotated.jpeg\" class=\"attachment-large size-large wp-image-196\" alt=\"\" srcset=\"https:\/\/sambesx.com\/wp-content\/uploads\/2023\/06\/CITALI-DOLAP-MODEL-3-2-rotated.jpeg 480w, https:\/\/sambesx.com\/wp-content\/uploads\/2023\/06\/CITALI-DOLAP-MODEL-3-2-225x300.jpeg 225w\" sizes=\"100vw\" \/>\t\t\t\t\t\t\t\t\t\t\t\t\t\t\t<\/div>\n\t\t\t\t<\/div>\n\t\t\t\t\t<\/div>\n\t\t<\/div>\n\t\t\t\t<div class=\"elementor-column elementor-col-33 elementor-top-column elementor-element elementor-element-4274340\" data-id=\"4274340\" data-element_type=\"column\" data-e-type=\"column\">\n\t\t\t<div class=\"elementor-widget-wrap elementor-element-populated\">\n\t\t\t\t\t\t<div class=\"elementor-element elementor-element-9487765 elementor-widget elementor-widget-image\" data-id=\"9487765\" data-element_type=\"widget\" data-e-type=\"widget\" data-widget_type=\"image.default\">\n\t\t\t\t<div class=\"elementor-widget-container\">\n\t\t\t\t\t\t\t\t\t\t\t\t\t\t\t<img loading=\"lazy\" decoding=\"async\" width=\"480\" height=\"640\" src=\"https:\/\/sambesx.com\/wp-content\/uploads\/2023\/06\/CITALI-DOLAP-MODEL-3-3-rotated.jpeg\" class=\"attachment-large size-large wp-image-197\" alt=\"\" srcset=\"https:\/\/sambesx.com\/wp-content\/uploads\/2023\/06\/CITALI-DOLAP-MODEL-3-3-rotated.jpeg 480w, https:\/\/sambesx.com\/wp-content\/uploads\/2023\/06\/CITALI-DOLAP-MODEL-3-3-225x300.jpeg 225w\" sizes=\"100vw\" \/>\t\t\t\t\t\t\t\t\t\t\t\t\t\t\t<\/div>\n\t\t\t\t<\/div>\n\t\t\t\t\t<\/div>\n\t\t<\/div>\n\t\t\t\t\t<\/div>\n\t\t<\/section>\n\t\t\t\t<section class=\"elementor-section elementor-top-section elementor-element elementor-element-f35aea5 elementor-section-boxed elementor-section-height-default elementor-section-height-default\" data-id=\"f35aea5\" data-element_type=\"section\" data-e-type=\"section\">\n\t\t\t\t\t\t<div class=\"elementor-container elementor-column-gap-default\">\n\t\t\t\t\t<div class=\"elementor-column elementor-col-100 elementor-top-column elementor-element elementor-element-f759d5f\" data-id=\"f759d5f\" data-element_type=\"column\" data-e-type=\"column\">\n\t\t\t<div class=\"elementor-widget-wrap elementor-element-populated\">\n\t\t\t\t\t\t<div class=\"elementor-element elementor-element-9eb9575 elementor-widget elementor-widget-heading\" data-id=\"9eb9575\" data-element_type=\"widget\" data-e-type=\"widget\" data-widget_type=\"heading.default\">\n\t\t\t\t<div class=\"elementor-widget-container\">\n\t\t\t\t\t<h2 class=\"elementor-heading-title elementor-size-default\">A\u00e7\u0131klama<\/h2>\t\t\t\t<\/div>\n\t\t\t\t<\/div>\n\t\t\t\t\t<\/div>\n\t\t<\/div>\n\t\t\t\t\t<\/div>\n\t\t<\/section>\n\t\t\t\t<section class=\"elementor-section elementor-top-section elementor-element elementor-element-1ccc99a elementor-section-boxed elementor-section-height-default elementor-section-height-default\" data-id=\"1ccc99a\" data-element_type=\"section\" data-e-type=\"section\">\n\t\t\t\t\t\t<div class=\"elementor-container elementor-column-gap-default\">\n\t\t\t\t\t<div class=\"elementor-column elementor-col-100 elementor-top-column elementor-element elementor-element-b2c3a82\" data-id=\"b2c3a82\" data-element_type=\"column\" data-e-type=\"column\">\n\t\t\t<div class=\"elementor-widget-wrap elementor-element-populated\">\n\t\t\t\t\t\t<div class=\"elementor-element elementor-element-5bdf02c elementor-widget elementor-widget-heading\" data-id=\"5bdf02c\" data-element_type=\"widget\" data-e-type=\"widget\" data-widget_type=\"heading.default\">\n\t\t\t\t<div class=\"elementor-widget-container\">\n\t\t\t\t\t<h2 class=\"elementor-heading-title elementor-size-medium\">TAKS\u0130TL\u0130 F\u0130YATI : 35.300\u20ba<br>NAK\u0130T F\u0130YATI : 30.000\u20ba<\/h2>\t\t\t\t<\/div>\n\t\t\t\t<\/div>\n\t\t\t\t\t<\/div>\n\t\t<\/div>\n\t\t\t\t\t<\/div>\n\t\t<\/section>\n\t\t\t\t<section class=\"elementor-section elementor-top-section elementor-element elementor-element-5ad0fe4 elementor-section-boxed elementor-section-height-default elementor-section-height-default\" data-id=\"5ad0fe4\" data-element_type=\"section\" data-e-type=\"section\">\n\t\t\t\t\t\t<div class=\"elementor-container elementor-column-gap-default\">\n\t\t\t\t\t<div class=\"elementor-column elementor-col-100 elementor-top-column elementor-element elementor-element-6423bb4\" data-id=\"6423bb4\" data-element_type=\"column\" data-e-type=\"column\">\n\t\t\t<div class=\"elementor-widget-wrap elementor-element-populated\">\n\t\t\t\t\t\t<div class=\"elementor-element elementor-element-c1e0dec elementor-widget elementor-widget-text-editor\" data-id=\"c1e0dec\" data-element_type=\"widget\" data-e-type=\"widget\" data-widget_type=\"text-editor.default\">\n\t\t\t\t<div class=\"elementor-widget-container\">\n\t\t\t\t\t\t\t\t\t<h3 style=\"padding-top: 0.625em; font-family: Roboto, sans-serif;\"><u>\u00dcr\u00fcn \u00d6l\u00e7\u00fcleri;<\/u><\/h3><h5 style=\"font-family: Roboto, sans-serif;\">Y\u00fckseklik :210 cm<\/h5><h4 style=\"font-size: 16px; font-family: Roboto, sans-serif;\">Geni\u015flik&nbsp; &nbsp;:120-130-140-150&nbsp; cm<\/h4><h4 style=\"font-size: 16px; font-family: Roboto, sans-serif;\">Derinlik&nbsp; &nbsp;:50 cm<\/h4><h3 style=\"font-family: Roboto, sans-serif;\"><u>\u00dcr\u00fcn \u00d6zellikleri<\/u><\/h3><h4 style=\"font-size: 16px; font-family: Roboto, sans-serif;\">-\u00dcr\u00fcnlerimizde 18mm&nbsp;<u>1.S\u0131n\u0131f Mdf&nbsp;v<\/u>e kur\u015fun i\u00e7ermeyen Lake boya kullan\u0131lm\u0131\u015ft\u0131r.<p><\/p><p>-i\u00e7 ve d\u0131\u015f olmak \u00fczere tamam\u0131 boyal\u0131d\u0131r.<\/p><p>-Kullan\u0131lan Boya \u00e7ocuk sa\u011fl\u0131\u011f\u0131 \u00f6n planda tutularak se\u00e7ilmi\u015f 1.s\u0131n\u0131f Poli\u00fcretan Lake Boyad\u0131r.<\/p><p>-Kapak ve \u00c7ekmecelerinde 1.s\u0131n\u0131f stoplu ray, mente\u015fe sistemi mevcuttur.<\/p><\/h4><h4 style=\"font-size: 16px; font-family: Roboto, sans-serif;\">-Kapak say\u0131s\u0131&nbsp;<u>3<\/u>&nbsp;adet<\/h4><h4 style=\"font-size: 16px; font-family: Roboto, sans-serif;\">-\u00c7ekmece say\u0131s\u0131 2 adet<\/h4><h4 style=\"font-size: 16px; font-family: Roboto, sans-serif;\">-Nakliye Fiyata Dahildir.<\/h4>\t\t\t\t\t\t\t\t<\/div>\n\t\t\t\t<\/div>\n\t\t\t\t\t<\/div>\n\t\t<\/div>\n\t\t\t\t\t<\/div>\n\t\t<\/section>\n\t\t\t\t<\/div>\n\t\t","protected":false},"excerpt":{"rendered":"<p>A\u00e7\u0131klama TAKS\u0130TL\u0130 F\u0130YATI : 35.300\u20baNAK\u0130T F\u0130YATI : 30.000\u20ba \u00dcr\u00fcn \u00d6l\u00e7\u00fcleri; Y\u00fckseklik :210 cm Geni\u015flik&nbsp; &nbsp;:120-130-140-150&nbsp; cm Derinlik&nbsp; &nbsp;:50 cm \u00dcr\u00fcn \u00d6zellikleri -\u00dcr\u00fcnlerimizde 18mm&nbsp;1.S\u0131n\u0131f Mdf&nbsp;ve kur\u015fun i\u00e7ermeyen Lake boya kullan\u0131lm\u0131\u015ft\u0131r. -i\u00e7 ve d\u0131\u015f olmak \u00fczere tamam\u0131 boyal\u0131d\u0131r. -Kullan\u0131lan Boya \u00e7ocuk sa\u011fl\u0131\u011f\u0131 \u00f6n planda tutularak se\u00e7ilmi\u015f 1.s\u0131n\u0131f Poli\u00fcretan Lake Boyad\u0131r. -Kapak ve \u00c7ekmecelerinde 1.s\u0131n\u0131f stoplu ray, mente\u015fe &hellip; <\/p>\n<p class=\"link-more\"><a href=\"https:\/\/sambesx.com\/index.php\/model-3\/\" class=\"more-link\">Read more<span class=\"screen-reader-text\"> &#8220;Model-3&#8221;<\/span><\/a><\/p>\n","protected":false},"author":1,"featured_media":0,"parent":0,"menu_order":0,"comment_status":"closed","ping_status":"closed","template":"","meta":{"inspiro_hide_title":false,"_joinchat":[],"footnotes":""},"class_list":["post-188","page","type-page","status-publish","hentry"],"_links":{"self":[{"href":"https:\/\/sambesx.com\/index.php\/wp-json\/wp\/v2\/pages\/188","targetHints":{"allow":["GET"]}}],"collection":[{"href":"https:\/\/sambesx.com\/index.php\/wp-json\/wp\/v2\/pages"}],"about":[{"href":"https:\/\/sambesx.com\/index.php\/wp-json\/wp\/v2\/types\/page"}],"author":[{"embeddable":true,"href":"https:\/\/sambesx.com\/index.php\/wp-json\/wp\/v2\/users\/1"}],"replies":[{"embeddable":true,"href":"https:\/\/sambesx.com\/index.php\/wp-json\/wp\/v2\/comments?post=188"}],"version-history":[{"count":45,"href":"https:\/\/sambesx.com\/index.php\/wp-json\/wp\/v2\/pages\/188\/revisions"}],"predecessor-version":[{"id":3733,"href":"https:\/\/sambesx.com\/index.php\/wp-json\/wp\/v2\/pages\/188\/revisions\/3733"}],"wp:attachment":[{"href":"https:\/\/sambesx.com\/index.php\/wp-json\/wp\/v2\/media?parent=188"}],"curies":[{"name":"wp","href":"https:\/\/api.w.org\/{rel}","templated":true}]}}