{"id":171,"date":"2023-06-15T22:15:09","date_gmt":"2023-06-15T19:15:09","guid":{"rendered":"https:\/\/sambesx.com\/?page_id=171"},"modified":"2025-11-30T10:38:44","modified_gmt":"2025-11-30T07:38:44","slug":"model-2","status":"publish","type":"page","link":"https:\/\/sambesx.com\/index.php\/model-2\/","title":{"rendered":"Model-2"},"content":{"rendered":"\t\t<div data-elementor-type=\"wp-page\" data-elementor-id=\"171\" class=\"elementor elementor-171\">\n\t\t\t\t\t\t<section class=\"elementor-section elementor-top-section elementor-element elementor-element-35116b2 elementor-section-boxed elementor-section-height-default elementor-section-height-default\" data-id=\"35116b2\" data-element_type=\"section\" data-e-type=\"section\">\n\t\t\t\t\t\t<div class=\"elementor-container elementor-column-gap-default\">\n\t\t\t\t\t<div class=\"elementor-column elementor-col-33 elementor-top-column elementor-element elementor-element-b962ac5\" data-id=\"b962ac5\" data-element_type=\"column\" data-e-type=\"column\">\n\t\t\t<div class=\"elementor-widget-wrap elementor-element-populated\">\n\t\t\t\t\t\t<div class=\"elementor-element elementor-element-0db2eee elementor-widget elementor-widget-image\" data-id=\"0db2eee\" data-element_type=\"widget\" data-e-type=\"widget\" data-widget_type=\"image.default\">\n\t\t\t\t<div class=\"elementor-widget-container\">\n\t\t\t\t\t\t\t\t\t\t\t\t\t\t\t<img fetchpriority=\"high\" decoding=\"async\" width=\"768\" height=\"1024\" src=\"https:\/\/sambesx.com\/wp-content\/uploads\/2023\/06\/CITALI-SITE-MODEL-1-1-1-768x1024.jpeg\" class=\"attachment-large size-large wp-image-174\" alt=\"\" srcset=\"https:\/\/sambesx.com\/wp-content\/uploads\/2023\/06\/CITALI-SITE-MODEL-1-1-1-768x1024.jpeg 768w, https:\/\/sambesx.com\/wp-content\/uploads\/2023\/06\/CITALI-SITE-MODEL-1-1-1-225x300.jpeg 225w, https:\/\/sambesx.com\/wp-content\/uploads\/2023\/06\/CITALI-SITE-MODEL-1-1-1-1152x1536.jpeg 1152w, https:\/\/sambesx.com\/wp-content\/uploads\/2023\/06\/CITALI-SITE-MODEL-1-1-1.jpeg 1536w\" sizes=\"100vw\" \/>\t\t\t\t\t\t\t\t\t\t\t\t\t\t\t<\/div>\n\t\t\t\t<\/div>\n\t\t\t\t\t<\/div>\n\t\t<\/div>\n\t\t\t\t<div class=\"elementor-column elementor-col-33 elementor-top-column elementor-element elementor-element-d46af12\" data-id=\"d46af12\" data-element_type=\"column\" data-e-type=\"column\">\n\t\t\t<div class=\"elementor-widget-wrap elementor-element-populated\">\n\t\t\t\t\t\t<div class=\"elementor-element elementor-element-45c883a elementor-widget elementor-widget-image\" data-id=\"45c883a\" data-element_type=\"widget\" data-e-type=\"widget\" data-widget_type=\"image.default\">\n\t\t\t\t<div class=\"elementor-widget-container\">\n\t\t\t\t\t\t\t\t\t\t\t\t\t\t\t<img decoding=\"async\" width=\"480\" height=\"640\" src=\"https:\/\/sambesx.com\/wp-content\/uploads\/2023\/06\/1-SITE-3-rotated.jpeg\" class=\"attachment-large size-large wp-image-175\" alt=\"\" srcset=\"https:\/\/sambesx.com\/wp-content\/uploads\/2023\/06\/1-SITE-3-rotated.jpeg 480w, https:\/\/sambesx.com\/wp-content\/uploads\/2023\/06\/1-SITE-3-225x300.jpeg 225w\" sizes=\"100vw\" \/>\t\t\t\t\t\t\t\t\t\t\t\t\t\t\t<\/div>\n\t\t\t\t<\/div>\n\t\t\t\t\t<\/div>\n\t\t<\/div>\n\t\t\t\t<div class=\"elementor-column elementor-col-33 elementor-top-column elementor-element elementor-element-4c3139b\" data-id=\"4c3139b\" data-element_type=\"column\" data-e-type=\"column\">\n\t\t\t<div class=\"elementor-widget-wrap elementor-element-populated\">\n\t\t\t\t\t\t<div class=\"elementor-element elementor-element-7ab71b3 elementor-widget elementor-widget-image\" data-id=\"7ab71b3\" data-element_type=\"widget\" data-e-type=\"widget\" data-widget_type=\"image.default\">\n\t\t\t\t<div class=\"elementor-widget-container\">\n\t\t\t\t\t\t\t\t\t\t\t\t\t\t\t<img decoding=\"async\" width=\"768\" height=\"1024\" src=\"https:\/\/sambesx.com\/wp-content\/uploads\/2023\/06\/4-768x1024.jpeg\" class=\"attachment-large size-large wp-image-176\" alt=\"\" srcset=\"https:\/\/sambesx.com\/wp-content\/uploads\/2023\/06\/4-768x1024.jpeg 768w, https:\/\/sambesx.com\/wp-content\/uploads\/2023\/06\/4-225x300.jpeg 225w, https:\/\/sambesx.com\/wp-content\/uploads\/2023\/06\/4-1152x1536.jpeg 1152w, https:\/\/sambesx.com\/wp-content\/uploads\/2023\/06\/4.jpeg 1536w\" sizes=\"100vw\" \/>\t\t\t\t\t\t\t\t\t\t\t\t\t\t\t<\/div>\n\t\t\t\t<\/div>\n\t\t\t\t\t<\/div>\n\t\t<\/div>\n\t\t\t\t\t<\/div>\n\t\t<\/section>\n\t\t\t\t<section class=\"elementor-section elementor-top-section elementor-element elementor-element-23fb0f2 elementor-section-boxed elementor-section-height-default elementor-section-height-default\" data-id=\"23fb0f2\" data-element_type=\"section\" data-e-type=\"section\">\n\t\t\t\t\t\t<div class=\"elementor-container elementor-column-gap-default\">\n\t\t\t\t\t<div class=\"elementor-column elementor-col-50 elementor-top-column elementor-element elementor-element-20ec93f\" data-id=\"20ec93f\" data-element_type=\"column\" data-e-type=\"column\">\n\t\t\t<div class=\"elementor-widget-wrap elementor-element-populated\">\n\t\t\t\t\t\t<div class=\"elementor-element elementor-element-dfa7231 elementor-widget elementor-widget-image\" data-id=\"dfa7231\" data-element_type=\"widget\" data-e-type=\"widget\" data-widget_type=\"image.default\">\n\t\t\t\t<div class=\"elementor-widget-container\">\n\t\t\t\t\t\t\t\t\t\t\t\t\t\t\t<img loading=\"lazy\" decoding=\"async\" width=\"768\" height=\"1024\" src=\"https:\/\/sambesx.com\/wp-content\/uploads\/2023\/06\/5-768x1024.jpeg\" class=\"attachment-large size-large wp-image-177\" alt=\"\" srcset=\"https:\/\/sambesx.com\/wp-content\/uploads\/2023\/06\/5-768x1024.jpeg 768w, https:\/\/sambesx.com\/wp-content\/uploads\/2023\/06\/5-225x300.jpeg 225w, https:\/\/sambesx.com\/wp-content\/uploads\/2023\/06\/5-1152x1536.jpeg 1152w, https:\/\/sambesx.com\/wp-content\/uploads\/2023\/06\/5.jpeg 1536w\" sizes=\"100vw\" \/>\t\t\t\t\t\t\t\t\t\t\t\t\t\t\t<\/div>\n\t\t\t\t<\/div>\n\t\t\t\t\t<\/div>\n\t\t<\/div>\n\t\t\t\t<div class=\"elementor-column elementor-col-50 elementor-top-column elementor-element elementor-element-74223a8\" data-id=\"74223a8\" data-element_type=\"column\" data-e-type=\"column\">\n\t\t\t<div class=\"elementor-widget-wrap elementor-element-populated\">\n\t\t\t\t\t\t<div class=\"elementor-element elementor-element-79bf1cd elementor-widget elementor-widget-image\" data-id=\"79bf1cd\" data-element_type=\"widget\" data-e-type=\"widget\" data-widget_type=\"image.default\">\n\t\t\t\t<div class=\"elementor-widget-container\">\n\t\t\t\t\t\t\t\t\t\t\t\t\t\t\t<img loading=\"lazy\" decoding=\"async\" width=\"768\" height=\"1024\" src=\"https:\/\/sambesx.com\/wp-content\/uploads\/2023\/06\/CITALI-SITE-MODEL-1-2-768x1024.jpeg\" class=\"attachment-large size-large wp-image-178\" alt=\"\" srcset=\"https:\/\/sambesx.com\/wp-content\/uploads\/2023\/06\/CITALI-SITE-MODEL-1-2-768x1024.jpeg 768w, https:\/\/sambesx.com\/wp-content\/uploads\/2023\/06\/CITALI-SITE-MODEL-1-2-225x300.jpeg 225w, https:\/\/sambesx.com\/wp-content\/uploads\/2023\/06\/CITALI-SITE-MODEL-1-2-1152x1536.jpeg 1152w, https:\/\/sambesx.com\/wp-content\/uploads\/2023\/06\/CITALI-SITE-MODEL-1-2.jpeg 1536w\" sizes=\"100vw\" \/>\t\t\t\t\t\t\t\t\t\t\t\t\t\t\t<\/div>\n\t\t\t\t<\/div>\n\t\t\t\t\t<\/div>\n\t\t<\/div>\n\t\t\t\t\t<\/div>\n\t\t<\/section>\n\t\t\t\t<section class=\"elementor-section elementor-top-section elementor-element elementor-element-4b2eda9 elementor-section-boxed elementor-section-height-default elementor-section-height-default\" data-id=\"4b2eda9\" data-element_type=\"section\" data-e-type=\"section\">\n\t\t\t\t\t\t<div class=\"elementor-container elementor-column-gap-default\">\n\t\t\t\t\t<div class=\"elementor-column elementor-col-100 elementor-top-column elementor-element elementor-element-2157038\" data-id=\"2157038\" data-element_type=\"column\" data-e-type=\"column\">\n\t\t\t<div class=\"elementor-widget-wrap elementor-element-populated\">\n\t\t\t\t\t\t<div class=\"elementor-element elementor-element-892a097 elementor-widget elementor-widget-heading\" data-id=\"892a097\" data-element_type=\"widget\" data-e-type=\"widget\" data-widget_type=\"heading.default\">\n\t\t\t\t<div class=\"elementor-widget-container\">\n\t\t\t\t\t<h2 class=\"elementor-heading-title elementor-size-medium\">TAKS\u0130TL\u0130 F\u0130YATI : 35.300\u20ba<br>NAK\u0130T F\u0130YATI : 30.000\u20ba<\/h2>\t\t\t\t<\/div>\n\t\t\t\t<\/div>\n\t\t\t\t\t<\/div>\n\t\t<\/div>\n\t\t\t\t\t<\/div>\n\t\t<\/section>\n\t\t\t\t<section class=\"elementor-section elementor-top-section elementor-element elementor-element-ab97638 elementor-section-boxed elementor-section-height-default elementor-section-height-default\" data-id=\"ab97638\" data-element_type=\"section\" data-e-type=\"section\">\n\t\t\t\t\t\t<div class=\"elementor-container elementor-column-gap-default\">\n\t\t\t\t\t<div class=\"elementor-column elementor-col-100 elementor-top-column elementor-element elementor-element-b6cc1ae\" data-id=\"b6cc1ae\" data-element_type=\"column\" data-e-type=\"column\">\n\t\t\t<div class=\"elementor-widget-wrap elementor-element-populated\">\n\t\t\t\t\t\t<div class=\"elementor-element elementor-element-d14ba50 elementor-widget elementor-widget-text-editor\" data-id=\"d14ba50\" data-element_type=\"widget\" data-e-type=\"widget\" data-widget_type=\"text-editor.default\">\n\t\t\t\t<div class=\"elementor-widget-container\">\n\t\t\t\t\t\t\t\t\t<h3 style=\"padding-top: 0.625em; font-family: Roboto, sans-serif;\"><u>\u00dcr\u00fcn \u00d6l\u00e7\u00fcleri;<\/u><\/h3>\n<h5 style=\"font-family: Roboto, sans-serif;\">Y\u00fckseklik :210 cm<\/h5>\n<h4 style=\"font-size: 16px; font-family: Roboto, sans-serif;\">Geni\u015flik&nbsp; &nbsp;:120-130-140-150&nbsp; cm<\/h4>\n<h4 style=\"font-size: 16px; font-family: Roboto, sans-serif;\">Derinlik&nbsp; &nbsp;:50 cm<\/h4>\n<h3 style=\"font-family: Roboto, sans-serif;\"><u>\u00dcr\u00fcn \u00d6zellikleri<\/u><\/h3>\n<h4 style=\"font-size: 16px; font-family: Roboto, sans-serif;\">-\u00dcr\u00fcnlerimizde 18mm&nbsp;<u>1.S\u0131n\u0131f Mdf&nbsp;v<\/u>e kur\u015fun i\u00e7ermeyen Lake boya kullan\u0131lm\u0131\u015ft\u0131r.<p><\/p>\n<p>-i\u00e7 ve d\u0131\u015f olmak \u00fczere tamam\u0131 boyal\u0131d\u0131r.<\/p>\n<p>-Kullan\u0131lan Boya \u00e7ocuk sa\u011fl\u0131\u011f\u0131 \u00f6n planda tutularak se\u00e7ilmi\u015f 1.s\u0131n\u0131f Poli\u00fcretan Lake Boyad\u0131r.<\/p>\n<p>-T\u00fcm Kapak mente\u015feleri 1.s\u0131n\u0131f Frenli mente\u015felerdir.<\/p><\/h4>\n<h4 style=\"font-size: 16px; font-family: Roboto, sans-serif;\">-Kapak say\u0131s\u0131&nbsp;<u>3<\/u>&nbsp;adet<\/h4>\n<h4 style=\"font-size: 16px; font-family: Roboto, sans-serif;\">-\u00c7ekmece say\u0131s\u0131&nbsp;<u>3<\/u>&nbsp;adet<\/h4>\n<h4 style=\"font-size: 16px; font-family: Roboto, sans-serif;\">-Cam raf cam \u00e7ekmece mevcuttur.<\/h4>\n<h4 style=\"font-size: 16px; font-family: Roboto, sans-serif;\">-Nakliye Fiyata Dahildir.<\/h4>\t\t\t\t\t\t\t\t<\/div>\n\t\t\t\t<\/div>\n\t\t\t\t\t<\/div>\n\t\t<\/div>\n\t\t\t\t\t<\/div>\n\t\t<\/section>\n\t\t\t\t<\/div>\n\t\t","protected":false},"excerpt":{"rendered":"<p>TAKS\u0130TL\u0130 F\u0130YATI : 35.300\u20baNAK\u0130T F\u0130YATI : 30.000\u20ba \u00dcr\u00fcn \u00d6l\u00e7\u00fcleri; Y\u00fckseklik :210 cm Geni\u015flik&nbsp; &nbsp;:120-130-140-150&nbsp; cm Derinlik&nbsp; &nbsp;:50 cm \u00dcr\u00fcn \u00d6zellikleri -\u00dcr\u00fcnlerimizde 18mm&nbsp;1.S\u0131n\u0131f Mdf&nbsp;ve kur\u015fun i\u00e7ermeyen Lake boya kullan\u0131lm\u0131\u015ft\u0131r. -i\u00e7 ve d\u0131\u015f olmak \u00fczere tamam\u0131 boyal\u0131d\u0131r. -Kullan\u0131lan Boya \u00e7ocuk sa\u011fl\u0131\u011f\u0131 \u00f6n planda tutularak se\u00e7ilmi\u015f 1.s\u0131n\u0131f Poli\u00fcretan Lake Boyad\u0131r. -T\u00fcm Kapak mente\u015feleri 1.s\u0131n\u0131f Frenli mente\u015felerdir. -Kapak say\u0131s\u0131&nbsp;3&nbsp;adet &hellip; <\/p>\n<p class=\"link-more\"><a href=\"https:\/\/sambesx.com\/index.php\/model-2\/\" class=\"more-link\">Read more<span class=\"screen-reader-text\"> &#8220;Model-2&#8221;<\/span><\/a><\/p>\n","protected":false},"author":1,"featured_media":0,"parent":0,"menu_order":0,"comment_status":"closed","ping_status":"closed","template":"","meta":{"inspiro_hide_title":false,"_joinchat":[],"footnotes":""},"class_list":["post-171","page","type-page","status-publish","hentry"],"_links":{"self":[{"href":"https:\/\/sambesx.com\/index.php\/wp-json\/wp\/v2\/pages\/171","targetHints":{"allow":["GET"]}}],"collection":[{"href":"https:\/\/sambesx.com\/index.php\/wp-json\/wp\/v2\/pages"}],"about":[{"href":"https:\/\/sambesx.com\/index.php\/wp-json\/wp\/v2\/types\/page"}],"author":[{"embeddable":true,"href":"https:\/\/sambesx.com\/index.php\/wp-json\/wp\/v2\/users\/1"}],"replies":[{"embeddable":true,"href":"https:\/\/sambesx.com\/index.php\/wp-json\/wp\/v2\/comments?post=171"}],"version-history":[{"count":69,"href":"https:\/\/sambesx.com\/index.php\/wp-json\/wp\/v2\/pages\/171\/revisions"}],"predecessor-version":[{"id":3730,"href":"https:\/\/sambesx.com\/index.php\/wp-json\/wp\/v2\/pages\/171\/revisions\/3730"}],"wp:attachment":[{"href":"https:\/\/sambesx.com\/index.php\/wp-json\/wp\/v2\/media?parent=171"}],"curies":[{"name":"wp","href":"https:\/\/api.w.org\/{rel}","templated":true}]}}